{"id":13027,"date":"2026-02-20T14:16:35","date_gmt":"2026-02-20T14:16:35","guid":{"rendered":"https:\/\/miamedic.lt\/?post_type=product&#038;p=13027"},"modified":"2026-02-20T14:16:36","modified_gmt":"2026-02-20T14:16:36","slug":"balmain-hair-couleurs-couture-shampoo","status":"publish","type":"product","link":"https:\/\/miamedic.lt\/en\/shop\/balmain-hair-couleurs-couture-shampoo\/","title":{"rendered":"BALMAIN HAIR Couleurs Couture Shampoo"},"content":{"rendered":"<p>Unikalios\u00a0<strong>Couleurs Couture<\/strong>\u00a0kolekcijos \u0161amp\u016bnas ir balzamas specialiai sukurti da\u017eytiems, nualintiems ir pa\u017eeistiems plaukams pri\u017ei\u016br\u0117ti. D\u0117l patobulintos dr\u0117kinan\u010dios sud\u0117ties plaukai tampa glotn\u016bs, juos lengviau \u0161ukuoti ir jie nel\u016b\u017ein\u0117ja.<br \/>\nKruop\u0161\u010diai atrinkti pagrindiniai produkto ingredientai: argano eliksyras, \u0161ilko ir ka\u0161myro baltymai, praturtinti kvinojos s\u0117klomis ir kokos\u0173 aliejumi. Unikalus geriausi\u0173 ingredient\u0173 derinys stiprina ir dr\u0117kina plaukus i\u0161 vidaus, suteikia jiems nereg\u0117to \u0161velnumo ir leid\u017eia lengviau juos i\u0161\u0161ukuoti, i\u0161vengiant l\u016b\u017ein\u0117jimo.<br \/>\nUV filtrai apsaugo plaukus nuo laisv\u0173j\u0173 radikal\u0173, saugo plauk\u0173 spalv\u0105.<br \/>\n\u017demas pH lygis ir auk\u0161\u010diausios kokyb\u0117s ingredientai atkuria, stiprina, dr\u0117kina ir apsaugo plauk\u0173 spalv\u0105 nuo i\u0161blukimo.<br \/>\nPagerina ir sustiprina plaukus, plaukai tampa \u017evilgantys ir \u0161veln\u016bs.<\/p>\n<p><strong>Usage:<\/strong>\u00a0u\u017etepkite ant dr\u0117gn\u0173 plauk\u0173, \u0161velniai \u012fmasa\u017euokite \u012f plaukus ir galvos od\u0105, tada i\u0161skalaukite.<\/p>\n<p><strong>Taip pat \u017ei\u016br\u0117kite<\/strong>:\u00a0<strong>Balmain Hair Couleurs Couture Conditioner<\/strong><\/p>","protected":false},"excerpt":{"rendered":"<p>\u0160amp\u016bnas da\u017eytiems plaukams<\/p>","protected":false},"featured_media":13031,"comment_status":"open","ping_status":"closed","template":"","meta":[],"product_cat":[195],"product_tag":[],"class_list":{"0":"post-13027","1":"product","2":"type-product","3":"status-publish","4":"has-post-thumbnail","6":"product_cat-sampunai","7":"pa_brands-balmain-hair","8":"pa_talpa-1000ml","9":"pa_talpa-300ml","10":"pa_talpa-50ml-2","12":"first","13":"instock","14":"taxable","15":"shipping-taxable","16":"purchasable","17":"product-type-variable"},"_links":{"self":[{"href":"https:\/\/miamedic.lt\/en\/wp-json\/wp\/v2\/product\/13027","targetHints":{"allow":["GET"]}}],"collection":[{"href":"https:\/\/miamedic.lt\/en\/wp-json\/wp\/v2\/product"}],"about":[{"href":"https:\/\/miamedic.lt\/en\/wp-json\/wp\/v2\/types\/product"}],"replies":[{"embeddable":true,"href":"https:\/\/miamedic.lt\/en\/wp-json\/wp\/v2\/comments?post=13027"}],"version-history":[{"count":1,"href":"https:\/\/miamedic.lt\/en\/wp-json\/wp\/v2\/product\/13027\/revisions"}],"predecessor-version":[{"id":13032,"href":"https:\/\/miamedic.lt\/en\/wp-json\/wp\/v2\/product\/13027\/revisions\/13032"}],"wp:featuredmedia":[{"embeddable":true,"href":"https:\/\/miamedic.lt\/en\/wp-json\/wp\/v2\/media\/13031"}],"wp:attachment":[{"href":"https:\/\/miamedic.lt\/en\/wp-json\/wp\/v2\/media?parent=13027"}],"wp:term":[{"taxonomy":"product_cat","embeddable":true,"href":"https:\/\/miamedic.lt\/en\/wp-json\/wp\/v2\/product_cat?post=13027"},{"taxonomy":"product_tag","embeddable":true,"href":"https:\/\/miamedic.lt\/en\/wp-json\/wp\/v2\/product_tag?post=13027"}],"curies":[{"name":"wp","href":"https:\/\/api.w.org\/{rel}","templated":true}]}}