{"id":13022,"date":"2026-02-20T14:12:48","date_gmt":"2026-02-20T14:12:48","guid":{"rendered":"https:\/\/miamedic.lt\/?post_type=product&#038;p=13022"},"modified":"2026-02-20T14:12:48","modified_gmt":"2026-02-20T14:12:48","slug":"balmain-hair-illuminating-silver-pearl-shampoo-ash","status":"publish","type":"product","link":"https:\/\/miamedic.lt\/en\/shop\/balmain-hair-illuminating-silver-pearl-shampoo-ash\/","title":{"rendered":"BALMAIN HAIR Illuminating Silver Pearl Shampoo ASH"},"content":{"rendered":"<p>Balinti ar \u0161viesinti plaukai plaukai reikalauja daug prie\u017ei\u016bros, tod\u0117l spalv\u0105 reikia nuolat palaikyti. Norint neutralizuoti nepageidaujamus \u0161iltus tonus, tarp spalvinimo proced\u016br\u0173 reikia naudoti giliai pigmentuotus violetinius produktus.\u00a0<strong>Balmain Illuminating Shampoo Silver Pearl<\/strong>\u00a0pa\u0161alina geltonum\u0105, plaukai tampa \u0161var\u016bs bei sudr\u0117kinti. Violetiniu pigmentu praturtintas \u0161amp\u016bnas neutralizuoja nepageidaujamus \u0161iltus (geltonus) atspalvius. Sidabrinis \u0161amp\u016bnas \u0161velniai valo, kartu suteikdamas optimal\u0173 dr\u0117kinim\u0105 plaukams. Suma\u017eina spalvos kitim\u0105 ir suteikia blizgesio. Specialiai sukurta \u0161altiems \u0161viesiems arba \u017eiliems plaukams. Praturtintas i\u0161skirtiniu argano eliksyro ir \u0161ilko baltym\u0173 mi\u0161iniu, kuris atkuria plaukus i\u0161 vidaus.<\/p>\n<p><em><strong>Usage:<\/strong><\/em><\/p>\n<p>Nor\u0117dami pasiekti geresn\u012f efekt\u0105, prie\u0161 tai i\u0161plaukite plaukus su dr\u0117kinan\u010diu Balmain Hair \u0161amp\u016bnu\u00a0\u00a0<strong>Moisturizing Shampoo<\/strong>. Tepkite ant dr\u0117gn\u0173 plauk\u0173, \u0161velniai \u012fmasa\u017euokite ir palikite bent 3 minutes, kruop\u0161\u010diai i\u0161skalaukite.<br \/>\nKartokite, kol bus pasiektas norimas rezultatas. Produktas suteikia ilgalaik\u012f \u0161viesinimo efekt\u0105, kurio negalima nuplauti, tod\u0117l per daug naudoti nerekomenduojama. Nenaudokite plauk\u0173 \u0161viesinimo priemon\u0117s ant odos ar drabu\u017ei\u0173.<\/p>\n<p><em><strong>Recommended<\/strong>:<\/em>\u00a0Balmain Hair Illuminating SIlver Pearl Shampoo naudokite kartu su\u00a0Balmain Hair Ash Toner\u00a0sidabro pur\u0161kikliu, kad i\u0161laikytum\u0117te norim\u0105 spalv\u0105 tarp da\u017eymo seans\u0173.<\/p>","protected":false},"excerpt":{"rendered":"<p>\u0160amp\u016bnas \u0161viesintiems plaukams<\/p>","protected":false},"featured_media":13025,"comment_status":"open","ping_status":"closed","template":"","meta":[],"product_cat":[195],"product_tag":[],"class_list":{"0":"post-13022","1":"product","2":"type-product","3":"status-publish","4":"has-post-thumbnail","6":"product_cat-sampunai","7":"pa_brands-balmain-hair","8":"pa_talpa-1000ml","9":"pa_talpa-300ml","11":"first","12":"instock","13":"taxable","14":"shipping-taxable","15":"purchasable","16":"product-type-variable"},"_links":{"self":[{"href":"https:\/\/miamedic.lt\/en\/wp-json\/wp\/v2\/product\/13022","targetHints":{"allow":["GET"]}}],"collection":[{"href":"https:\/\/miamedic.lt\/en\/wp-json\/wp\/v2\/product"}],"about":[{"href":"https:\/\/miamedic.lt\/en\/wp-json\/wp\/v2\/types\/product"}],"replies":[{"embeddable":true,"href":"https:\/\/miamedic.lt\/en\/wp-json\/wp\/v2\/comments?post=13022"}],"version-history":[{"count":1,"href":"https:\/\/miamedic.lt\/en\/wp-json\/wp\/v2\/product\/13022\/revisions"}],"predecessor-version":[{"id":13026,"href":"https:\/\/miamedic.lt\/en\/wp-json\/wp\/v2\/product\/13022\/revisions\/13026"}],"wp:featuredmedia":[{"embeddable":true,"href":"https:\/\/miamedic.lt\/en\/wp-json\/wp\/v2\/media\/13025"}],"wp:attachment":[{"href":"https:\/\/miamedic.lt\/en\/wp-json\/wp\/v2\/media?parent=13022"}],"wp:term":[{"taxonomy":"product_cat","embeddable":true,"href":"https:\/\/miamedic.lt\/en\/wp-json\/wp\/v2\/product_cat?post=13022"},{"taxonomy":"product_tag","embeddable":true,"href":"https:\/\/miamedic.lt\/en\/wp-json\/wp\/v2\/product_tag?post=13022"}],"curies":[{"name":"wp","href":"https:\/\/api.w.org\/{rel}","templated":true}]}}