{"id":13018,"date":"2026-02-20T14:06:43","date_gmt":"2026-02-20T14:06:43","guid":{"rendered":"https:\/\/miamedic.lt\/?post_type=product&#038;p=13018"},"modified":"2026-02-20T14:06:45","modified_gmt":"2026-02-20T14:06:45","slug":"balmain-hair-volume-shampoo","status":"publish","type":"product","link":"https:\/\/miamedic.lt\/en\/shop\/balmain-hair-volume-shampoo\/","title":{"rendered":"BALMAIN HAIR Volume Shampoo"},"content":{"rendered":"<p>\u0160velninantis \u0161amp\u016bnas, kuris valo galvos od\u0105 ir plaukus. Pakelia nuo \u0161akn\u0173 lygius, plonus ir retus plaukus. \u0160velniai pa\u0161alina riebalus, kurie paprastai apsunkina plaukus. Stiprina plauk\u0173 pluo\u0161t\u0105, taip pagerindamas j\u0173 tekst\u016br\u0105. Sukurta itin tanki\u0173 plauk\u0173 \u012fvaizd\u017eiui pasiekti. Pa\u017eangi formul\u0117 palieka atvirus plauk\u0173 \u017evynelius ir sustiprina kiekvien\u0105 sruog\u0105, tod\u0117l plaukai atrodo pilnesni ir storesni. Turtingas aliej\u0173 ir aminor\u016bg\u0161\u010di\u0173 mi\u0161inys apsaugo plaukus nuo UV spinduli\u0173, padedsa i\u0161vengti pa\u017eeidim\u0173 ir galiuk\u0173 skilin\u0117jimo. Plaukai tampa sudr\u0117kinti, mink\u0161ti ir nat\u016bralaus \u0161vytintys.<\/p>\n<p><em><strong>Usage:<\/strong><\/em><\/p>\n<p>Tepkite ant dr\u0117gn\u0173 plauk\u0173, \u0161velniai \u012fmasa\u017euokite ir kruop\u0161\u010diai i\u0161skalaukite. Rekomenduojama naudoti kartu su\u00a0<strong>Volume Conditioner<\/strong>\u00a0ir\u00a0<strong>Leave-In Conditioning Spray<\/strong>.<\/p>","protected":false},"excerpt":{"rendered":"<p>Apimties suteikiantis \u0161amp\u016bnas<\/p>","protected":false},"featured_media":13019,"comment_status":"open","ping_status":"closed","template":"","meta":[],"product_cat":[195],"product_tag":[],"class_list":{"0":"post-13018","1":"product","2":"type-product","3":"status-publish","4":"has-post-thumbnail","6":"product_cat-sampunai","7":"pa_brands-balmain-hair","8":"pa_talpa-1000ml","9":"pa_talpa-300ml","11":"first","12":"outofstock","13":"taxable","14":"shipping-taxable","15":"product-type-variable"},"_links":{"self":[{"href":"https:\/\/miamedic.lt\/en\/wp-json\/wp\/v2\/product\/13018","targetHints":{"allow":["GET"]}}],"collection":[{"href":"https:\/\/miamedic.lt\/en\/wp-json\/wp\/v2\/product"}],"about":[{"href":"https:\/\/miamedic.lt\/en\/wp-json\/wp\/v2\/types\/product"}],"replies":[{"embeddable":true,"href":"https:\/\/miamedic.lt\/en\/wp-json\/wp\/v2\/comments?post=13018"}],"version-history":[{"count":1,"href":"https:\/\/miamedic.lt\/en\/wp-json\/wp\/v2\/product\/13018\/revisions"}],"predecessor-version":[{"id":13020,"href":"https:\/\/miamedic.lt\/en\/wp-json\/wp\/v2\/product\/13018\/revisions\/13020"}],"wp:featuredmedia":[{"embeddable":true,"href":"https:\/\/miamedic.lt\/en\/wp-json\/wp\/v2\/media\/13019"}],"wp:attachment":[{"href":"https:\/\/miamedic.lt\/en\/wp-json\/wp\/v2\/media?parent=13018"}],"wp:term":[{"taxonomy":"product_cat","embeddable":true,"href":"https:\/\/miamedic.lt\/en\/wp-json\/wp\/v2\/product_cat?post=13018"},{"taxonomy":"product_tag","embeddable":true,"href":"https:\/\/miamedic.lt\/en\/wp-json\/wp\/v2\/product_tag?post=13018"}],"curies":[{"name":"wp","href":"https:\/\/api.w.org\/{rel}","templated":true}]}}