{"id":13013,"date":"2026-02-20T14:03:46","date_gmt":"2026-02-20T14:03:46","guid":{"rendered":"https:\/\/miamedic.lt\/?post_type=product&#038;p=13013"},"modified":"2026-02-20T14:07:10","modified_gmt":"2026-02-20T14:07:10","slug":"balmain-hair-illuminating-white-pearl-shampoo","status":"publish","type":"product","link":"https:\/\/miamedic.lt\/en\/shop\/balmain-hair-illuminating-white-pearl-shampoo\/","title":{"rendered":"BALMAIN HAIR Illuminating White Pearl Shampoo"},"content":{"rendered":"<p>Balinti\u00a0<em>blond<\/em>\u00a0arba \u0161viesinti plaukai reikalauja daug prie\u017ei\u016bros, tod\u0117l jais reikia nuolat r\u016bpintis . Norint neutralizuoti nepageidaujamus \u0161iltus tonus, tarp da\u017eymo proced\u016br\u0173 reikalingi giliai pigmentuoti violetiniai produktai.\u00a0<strong>Balmain Illuminating Shampoo White Pearl<\/strong>, praturtintas grynais violetiniais pigmentais, padeda panaikinti\u00a0nepageidaujamus \u0161iltus tonus ir pa\u0161viesina plauk\u0173 spalv\u0105. Sidabrinis \u0161amp\u016bnas \u0161velniai valo, kartu suteikdamas optimal\u0173 plauk\u0173 dr\u0117kinim\u0105. Specialiai sukurta pelen\u0173\u00a0<em>blond<\/em>\u00a0atspalvi\u0173 ir \u0161viesintiems plaukams. Praturtintas i\u0161skirtiniu argano eliksyro ir \u0161ilko baltym\u0173 mi\u0161iniu, kuris atkuria plaukus i\u0161 vidaus.<br \/>\n\u200b<\/p>\n<p><em><strong>Usage:\u00a0<\/strong><\/em>tepkite ant dr\u0117gn\u0173 plauk\u0173, \u0161velniai \u012fmasa\u017euokite ir palikite bent 3 minutes, kruop\u0161\u010diai i\u0161skalaukite.<br \/>\nKartokite procedur\u0105, kol bus pasiektas norimas rezultatas. D\u0117l nuolatinio \u0161viesinan\u010dio efekto, kuris nenusiplauna, gausiai naudoti nerekomenduojama. Nenaudokite plauk\u0173 \u0161viesinimo priemon\u0117s ant odos ar drabu\u017ei\u0173.<\/p>\n<p>Nor\u0117dami pasiekti geriausi\u0105 efekt\u0105, naudokite su\u00a0<strong>Balmain Hair Moisturizing Mask<\/strong>\u00a0ir\u00a0<strong>Balmain Hair Moisturising Conditioner.<\/strong><\/p>","protected":false},"excerpt":{"rendered":"<p>\u0160amp\u016bnas \u0161viesintiems plaukams<\/p>","protected":false},"featured_media":13014,"comment_status":"open","ping_status":"closed","template":"","meta":[],"product_cat":[195],"product_tag":[],"class_list":{"0":"post-13013","1":"product","2":"type-product","3":"status-publish","4":"has-post-thumbnail","6":"product_cat-sampunai","7":"pa_brands-balmain-hair","8":"pa_talpa-1000ml","9":"pa_talpa-300ml","11":"first","12":"instock","13":"taxable","14":"shipping-taxable","15":"purchasable","16":"product-type-variable"},"_links":{"self":[{"href":"https:\/\/miamedic.lt\/en\/wp-json\/wp\/v2\/product\/13013","targetHints":{"allow":["GET"]}}],"collection":[{"href":"https:\/\/miamedic.lt\/en\/wp-json\/wp\/v2\/product"}],"about":[{"href":"https:\/\/miamedic.lt\/en\/wp-json\/wp\/v2\/types\/product"}],"replies":[{"embeddable":true,"href":"https:\/\/miamedic.lt\/en\/wp-json\/wp\/v2\/comments?post=13013"}],"version-history":[{"count":1,"href":"https:\/\/miamedic.lt\/en\/wp-json\/wp\/v2\/product\/13013\/revisions"}],"predecessor-version":[{"id":13015,"href":"https:\/\/miamedic.lt\/en\/wp-json\/wp\/v2\/product\/13013\/revisions\/13015"}],"wp:featuredmedia":[{"embeddable":true,"href":"https:\/\/miamedic.lt\/en\/wp-json\/wp\/v2\/media\/13014"}],"wp:attachment":[{"href":"https:\/\/miamedic.lt\/en\/wp-json\/wp\/v2\/media?parent=13013"}],"wp:term":[{"taxonomy":"product_cat","embeddable":true,"href":"https:\/\/miamedic.lt\/en\/wp-json\/wp\/v2\/product_cat?post=13013"},{"taxonomy":"product_tag","embeddable":true,"href":"https:\/\/miamedic.lt\/en\/wp-json\/wp\/v2\/product_tag?post=13013"}],"curies":[{"name":"wp","href":"https:\/\/api.w.org\/{rel}","templated":true}]}}