{"id":13008,"date":"2026-02-20T13:58:54","date_gmt":"2026-02-20T13:58:54","guid":{"rendered":"https:\/\/miamedic.lt\/?post_type=product&#038;p=13008"},"modified":"2026-02-20T14:07:20","modified_gmt":"2026-02-20T14:07:20","slug":"balmain-hair-revitalizing-shampoo","status":"publish","type":"product","link":"https:\/\/miamedic.lt\/en\/shop\/balmain-hair-revitalizing-shampoo\/","title":{"rendered":"BALMAIN HAIR Revitalizing Shampoo"},"content":{"rendered":"<p>Intensyviai atkuriantis \u0161amp\u016bnas, kuris stiprina ir atkuria plaukus i\u0161 vidaus. Patobulintoje formul\u0117je yra puikus vitamin\u0173 E, F ir P derinys bei ka\u0161myro baltymai. D\u0117l \u0161i\u0173 vitamin\u0173 derinio plaukai tampa lyg\u016bs ir \u0161veln\u016bs. Vitaminas E stiprina ir atgaivina plaukus. Vitaminas P veikia kaip atkuriamoji priemon\u0117, atkurianti sausus ir pa\u017eeistus plaukus. Ka\u0161myro baltymai suteikia prabang\u0173 \u0161velnumo poj\u016bt\u012f ir stiprina plaukus, nes ka\u0161myro baltymai pastiprina nat\u016bral\u0173 plauko baltym\u0105. Ka\u0161myras yra puikios tekst\u016bros, ta\u010diau stiprus ir lengvas; palieka plaukus \u0161ilkinius ir paklusnius.<\/p>\n<p><em><strong>Usage:<\/strong><\/em>\u00a0tepkite ant dr\u0117gn\u0173 plauk\u0173, \u0161velniai \u012fmasa\u017euokite \u012f plaukus ir galvos od\u0105, tada i\u0161skalaukite.<\/p>\n<p><em><strong>Recommended<\/strong><\/em>: norint pasiekti geriausi\u0105 rezultat\u0105, naudokite kartu su\u00a0<strong>Balmain Hair Revitalising Mask<\/strong>\u00a0ir\u00a0<strong>Balmain Hair Revitalising Conditioner<\/strong><\/p>","protected":false},"excerpt":{"rendered":"<p>Maitinamasis plauk\u0173 \u0161amp\u016bnas<\/p>","protected":false},"featured_media":13011,"comment_status":"open","ping_status":"closed","template":"","meta":[],"product_cat":[195],"product_tag":[],"class_list":{"0":"post-13008","1":"product","2":"type-product","3":"status-publish","4":"has-post-thumbnail","6":"product_cat-sampunai","7":"pa_brands-balmain-hair","8":"pa_talpa-1000ml","9":"pa_talpa-300ml","11":"first","12":"instock","13":"taxable","14":"shipping-taxable","15":"purchasable","16":"product-type-variable"},"_links":{"self":[{"href":"https:\/\/miamedic.lt\/en\/wp-json\/wp\/v2\/product\/13008","targetHints":{"allow":["GET"]}}],"collection":[{"href":"https:\/\/miamedic.lt\/en\/wp-json\/wp\/v2\/product"}],"about":[{"href":"https:\/\/miamedic.lt\/en\/wp-json\/wp\/v2\/types\/product"}],"replies":[{"embeddable":true,"href":"https:\/\/miamedic.lt\/en\/wp-json\/wp\/v2\/comments?post=13008"}],"version-history":[{"count":1,"href":"https:\/\/miamedic.lt\/en\/wp-json\/wp\/v2\/product\/13008\/revisions"}],"predecessor-version":[{"id":13012,"href":"https:\/\/miamedic.lt\/en\/wp-json\/wp\/v2\/product\/13008\/revisions\/13012"}],"wp:featuredmedia":[{"embeddable":true,"href":"https:\/\/miamedic.lt\/en\/wp-json\/wp\/v2\/media\/13011"}],"wp:attachment":[{"href":"https:\/\/miamedic.lt\/en\/wp-json\/wp\/v2\/media?parent=13008"}],"wp:term":[{"taxonomy":"product_cat","embeddable":true,"href":"https:\/\/miamedic.lt\/en\/wp-json\/wp\/v2\/product_cat?post=13008"},{"taxonomy":"product_tag","embeddable":true,"href":"https:\/\/miamedic.lt\/en\/wp-json\/wp\/v2\/product_tag?post=13008"}],"curies":[{"name":"wp","href":"https:\/\/api.w.org\/{rel}","templated":true}]}}