{"id":13002,"date":"2026-02-20T13:49:30","date_gmt":"2026-02-20T13:49:30","guid":{"rendered":"https:\/\/miamedic.lt\/?post_type=product&#038;p=13002"},"modified":"2026-02-20T14:07:48","modified_gmt":"2026-02-20T14:07:48","slug":"balmain-hair-drekinamasis-plauku-sampunas","status":"publish","type":"product","link":"https:\/\/miamedic.lt\/en\/shop\/balmain-hair-drekinamasis-plauku-sampunas\/","title":{"rendered":"BALMAIN HAIR Moisturizing Shampoo"},"content":{"rendered":"<p><strong>Balmain dr\u0117kinamasis \u0161amp\u016bnas<\/strong><\/p>\n<p>Intensyviai maitinantis \u0161amp\u016bnas, kuris dr\u0117kina ir atgaivina plaukus, padarydamas juos \u0161variais ir sveikais. \u0160velniai valo galvos od\u0105 ir plaukus, suteikia papildomos dr\u0117gm\u0117s. Sud\u0117tyje yra apsaugini\u0173 UV filtr\u0173, kurie apsaugo plaukus nuo UV spinduli\u0173 ir saugo plauk\u0173 spalv\u0105.<\/p>\n<p>Vandens pagrindu pagaminta formul\u0117 lengvai paskirsto \u0161amp\u016bn\u0105 plaukuose, neapsunkina plauko. Aktyvus ingredientas provitaminas B5 padeda subalansuoti plauk\u0173 dr\u0117gm\u0117s lyg\u012f, palaiko plauk\u0173 elastingum\u0105 ir lankstum\u0105. Nuramina sudirgusi\u0105 ir jautri\u0105 galvos od\u0105, mink\u0161tina plaukus ir suteikia blizgesio. Papildomas B grup\u0117s vitamin\u0173 kiekis tankina plaukus ir skatina j\u0173 augim\u0105.<\/p>\n<p><em><strong>Naudojimas<\/strong><\/em>: tepkite ant dr\u0117gn\u0173 plauk\u0173, \u0161velniai \u012fmasa\u017euokite ir kruop\u0161\u010diai i\u0161skalaukite.<\/p>","protected":false},"excerpt":{"rendered":"<p>Dr\u0117kinamasis \u0161amp\u016bnas<\/p>","protected":false},"featured_media":13006,"comment_status":"open","ping_status":"closed","template":"","meta":[],"product_cat":[195],"product_tag":[],"class_list":{"0":"post-13002","1":"product","2":"type-product","3":"status-publish","4":"has-post-thumbnail","6":"product_cat-sampunai","7":"pa_brands-balmain-hair","8":"pa_talpa-1000ml","9":"pa_talpa-300ml","10":"pa_talpa-50ml-2","12":"first","13":"instock","14":"taxable","15":"shipping-taxable","16":"purchasable","17":"product-type-variable"},"_links":{"self":[{"href":"https:\/\/miamedic.lt\/en\/wp-json\/wp\/v2\/product\/13002","targetHints":{"allow":["GET"]}}],"collection":[{"href":"https:\/\/miamedic.lt\/en\/wp-json\/wp\/v2\/product"}],"about":[{"href":"https:\/\/miamedic.lt\/en\/wp-json\/wp\/v2\/types\/product"}],"replies":[{"embeddable":true,"href":"https:\/\/miamedic.lt\/en\/wp-json\/wp\/v2\/comments?post=13002"}],"version-history":[{"count":2,"href":"https:\/\/miamedic.lt\/en\/wp-json\/wp\/v2\/product\/13002\/revisions"}],"predecessor-version":[{"id":13021,"href":"https:\/\/miamedic.lt\/en\/wp-json\/wp\/v2\/product\/13002\/revisions\/13021"}],"wp:featuredmedia":[{"embeddable":true,"href":"https:\/\/miamedic.lt\/en\/wp-json\/wp\/v2\/media\/13006"}],"wp:attachment":[{"href":"https:\/\/miamedic.lt\/en\/wp-json\/wp\/v2\/media?parent=13002"}],"wp:term":[{"taxonomy":"product_cat","embeddable":true,"href":"https:\/\/miamedic.lt\/en\/wp-json\/wp\/v2\/product_cat?post=13002"},{"taxonomy":"product_tag","embeddable":true,"href":"https:\/\/miamedic.lt\/en\/wp-json\/wp\/v2\/product_tag?post=13002"}],"curies":[{"name":"wp","href":"https:\/\/api.w.org\/{rel}","templated":true}]}}