{"id":12996,"date":"2026-02-18T14:43:19","date_gmt":"2026-02-18T14:43:19","guid":{"rendered":"https:\/\/miamedic.lt\/?post_type=product&#038;p=12996"},"modified":"2026-02-20T13:43:15","modified_gmt":"2026-02-20T13:43:15","slug":"aqua-falls","status":"publish","type":"product","link":"https:\/\/miamedic.lt\/en\/shop\/aqua-falls\/","title":{"rendered":"Aqua Falls"},"content":{"rendered":"<p data-start=\"93\" data-end=\"142\"><strong data-start=\"93\" data-end=\"142\">Valmont Aqua Falls \u2013 \u0161velnus makia\u017eo valiklis<\/strong><\/p>\n<p data-start=\"144\" data-end=\"426\">Gaivios, lengvos tekst\u016bros veido valiklis, skirtas \u0161velniai, bet efektyviai pa\u0161alinti makia\u017e\u0105 ir ne\u0161varumus nuo odos pavir\u0161iaus. Formul\u0117 padeda i\u0161laikyti odos dr\u0117gm\u0117s balans\u0105, nepa\u017eeid\u017eia apsauginio barjero ir suteikia komforto poj\u016bt\u012f. Oda po naudojimo lieka \u0161vari, gaivi ir \u0161velni.<\/p>\n<p data-start=\"428\" data-end=\"441\"><strong data-start=\"428\" data-end=\"441\">Effect:<\/strong><\/p>\n<p data-start=\"443\" data-end=\"605\">\u2022 \u0160velniai ir efektyviai pa\u0161alina makia\u017e\u0105 bei ne\u0161varumus<br data-start=\"499\" data-end=\"502\" \/>\u2022 I\u0161laiko odos dr\u0117gm\u0117s balans\u0105<br data-start=\"532\" data-end=\"535\" \/>\u2022 Neerzina ir nesausina odos<br data-start=\"563\" data-end=\"566\" \/>\u2022 Suteikia gaivumo ir \u0161velnumo poj\u016bt\u012f<\/p>\n<p data-start=\"607\" data-end=\"622\"><strong data-start=\"607\" data-end=\"622\">Usage:<\/strong><\/p>\n<p data-start=\"624\" data-end=\"777\">Naudoti pagal kosmetologo rekomendacijas. Nedidel\u012f kiek\u012f priemon\u0117s tepti ant vatos diskelio ir \u0161velniai nuvalyti veido bei aki\u0173 srit\u012f. Nuplauti nereikia.<\/p>\n<p data-start=\"779\" data-end=\"879\">Tinka kasdienei odos prie\u017ei\u016brai, vis\u0173 tip\u0173 odai, siekiant <strong data-start=\"837\" data-end=\"878\">\u0161varios, gaivios ir komforti\u0161kos odos<\/strong>.<\/p>","protected":false},"excerpt":{"rendered":"<p>\u0160velnus makia\u017eo valiklis<\/p>","protected":false},"featured_media":12997,"comment_status":"open","ping_status":"closed","template":"","meta":[],"product_cat":[191],"product_tag":[],"class_list":{"0":"post-12996","1":"product","2":"type-product","3":"status-publish","4":"has-post-thumbnail","6":"product_cat-makiazo-valymas-veido-prieziura","7":"pa_brands-valmont","8":"pa_talpa-150ml","10":"first","11":"instock","12":"taxable","13":"shipping-taxable","14":"purchasable","15":"product-type-simple"},"_links":{"self":[{"href":"https:\/\/miamedic.lt\/en\/wp-json\/wp\/v2\/product\/12996","targetHints":{"allow":["GET"]}}],"collection":[{"href":"https:\/\/miamedic.lt\/en\/wp-json\/wp\/v2\/product"}],"about":[{"href":"https:\/\/miamedic.lt\/en\/wp-json\/wp\/v2\/types\/product"}],"replies":[{"embeddable":true,"href":"https:\/\/miamedic.lt\/en\/wp-json\/wp\/v2\/comments?post=12996"}],"version-history":[{"count":1,"href":"https:\/\/miamedic.lt\/en\/wp-json\/wp\/v2\/product\/12996\/revisions"}],"predecessor-version":[{"id":12998,"href":"https:\/\/miamedic.lt\/en\/wp-json\/wp\/v2\/product\/12996\/revisions\/12998"}],"wp:featuredmedia":[{"embeddable":true,"href":"https:\/\/miamedic.lt\/en\/wp-json\/wp\/v2\/media\/12997"}],"wp:attachment":[{"href":"https:\/\/miamedic.lt\/en\/wp-json\/wp\/v2\/media?parent=12996"}],"wp:term":[{"taxonomy":"product_cat","embeddable":true,"href":"https:\/\/miamedic.lt\/en\/wp-json\/wp\/v2\/product_cat?post=12996"},{"taxonomy":"product_tag","embeddable":true,"href":"https:\/\/miamedic.lt\/en\/wp-json\/wp\/v2\/product_tag?post=12996"}],"curies":[{"name":"wp","href":"https:\/\/api.w.org\/{rel}","templated":true}]}}