{"id":12960,"date":"2026-02-12T11:16:41","date_gmt":"2026-02-12T11:16:41","guid":{"rendered":"https:\/\/miamedic.lt\/?post_type=product&#038;p=12960"},"modified":"2026-02-16T09:48:48","modified_gmt":"2026-02-16T09:48:48","slug":"prime-regenera-ii","status":"publish","type":"product","link":"https:\/\/miamedic.lt\/en\/shop\/prime-regenera-ii\/","title":{"rendered":"Prime Regenera II"},"content":{"rendered":"<p data-start=\"100\" data-end=\"176\"><strong data-start=\"100\" data-end=\"176\">Valmont Prime Regenera II \u2013 <\/strong>atkuriamasis ir regeneruojantis veido kremas<\/p>\n<p data-start=\"178\" data-end=\"482\">Turtingos, maitinamosios tekst\u016bros veido kremas, skirtas intensyviai odos regeneracijai ir komforto atk\u016brimui. Pa\u017eangi formul\u0117 padeda stiprinti odos apsaugin\u012f barjer\u0105, ma\u017einti sudirgimo po\u017eymius ir skatinti nat\u016bral\u0173 odos atsinaujinim\u0105. Oda tampa mink\u0161tesn\u0117, lygesn\u0117 ir atgauna sveik\u0105, gyvybing\u0105 i\u0161vaizd\u0105.<\/p>\n<p data-start=\"484\" data-end=\"497\"><strong data-start=\"484\" data-end=\"497\">Effect:<\/strong><\/p>\n<p data-start=\"499\" data-end=\"677\">\u2022 Intensyviai regeneruoja ir stiprina od\u0105<br data-start=\"540\" data-end=\"543\" \/>\u2022 Padeda atkurti odos komfort\u0105 ir apsaugin\u012f barjer\u0105<br data-start=\"594\" data-end=\"597\" \/>\u2022 Mink\u0161tina, maitina ir glotnina od\u0105<br data-start=\"633\" data-end=\"636\" \/>\u2022 Skatina odos gyvybingum\u0105 ir skaistum\u0105<\/p>\n<p data-start=\"679\" data-end=\"694\"><strong data-start=\"679\" data-end=\"694\">Usage:<\/strong><\/p>\n<p data-start=\"696\" data-end=\"935\">Naudoti pagal kosmetologo rekomendacijas. Nedidel\u012f kiek\u012f kremo tepti ant \u0161varios veido ir kaklo odos, \u0161velniai paskirstyti iki visi\u0161ko \u012fsigers. Rekomenduojama naudoti ryte ir (arba) vakare, ypa\u010d kai oda yra sudirgusi ar praradusi komfort\u0105.<\/p>\n<p data-start=\"937\" data-end=\"1087\">Tinka kasdienei odos prie\u017ei\u016brai, ypa\u010d <strong data-start=\"975\" data-end=\"1033\">sausai, jautriai ar regeneracijos reikalaujan\u010diai odai<\/strong>, siekiant atkurti jos balans\u0105, \u0161velnum\u0105 ir atsparum\u0105.<\/p>","protected":false},"excerpt":{"rendered":"<p>Atkuriamasis ir regeneruojantis veido kremas<\/p>","protected":false},"featured_media":12961,"comment_status":"open","ping_status":"closed","template":"","meta":[],"product_cat":[180,129],"product_tag":[],"class_list":{"0":"post-12960","1":"product","2":"type-product","3":"status-publish","4":"has-post-thumbnail","6":"product_cat-naktiniai-kremai","7":"product_cat-veido-kremai","8":"pa_brands-valmont","9":"pa_talpa-50ml-2","11":"first","12":"instock","13":"taxable","14":"shipping-taxable","15":"purchasable","16":"product-type-simple"},"_links":{"self":[{"href":"https:\/\/miamedic.lt\/en\/wp-json\/wp\/v2\/product\/12960","targetHints":{"allow":["GET"]}}],"collection":[{"href":"https:\/\/miamedic.lt\/en\/wp-json\/wp\/v2\/product"}],"about":[{"href":"https:\/\/miamedic.lt\/en\/wp-json\/wp\/v2\/types\/product"}],"replies":[{"embeddable":true,"href":"https:\/\/miamedic.lt\/en\/wp-json\/wp\/v2\/comments?post=12960"}],"version-history":[{"count":2,"href":"https:\/\/miamedic.lt\/en\/wp-json\/wp\/v2\/product\/12960\/revisions"}],"predecessor-version":[{"id":12965,"href":"https:\/\/miamedic.lt\/en\/wp-json\/wp\/v2\/product\/12960\/revisions\/12965"}],"wp:featuredmedia":[{"embeddable":true,"href":"https:\/\/miamedic.lt\/en\/wp-json\/wp\/v2\/media\/12961"}],"wp:attachment":[{"href":"https:\/\/miamedic.lt\/en\/wp-json\/wp\/v2\/media?parent=12960"}],"wp:term":[{"taxonomy":"product_cat","embeddable":true,"href":"https:\/\/miamedic.lt\/en\/wp-json\/wp\/v2\/product_cat?post=12960"},{"taxonomy":"product_tag","embeddable":true,"href":"https:\/\/miamedic.lt\/en\/wp-json\/wp\/v2\/product_tag?post=12960"}],"curies":[{"name":"wp","href":"https:\/\/api.w.org\/{rel}","templated":true}]}}