{"id":12914,"date":"2026-02-02T17:43:23","date_gmt":"2026-02-02T17:43:23","guid":{"rendered":"https:\/\/miamedic.lt\/?post_type=product&#038;p=12914"},"modified":"2026-03-03T11:00:08","modified_gmt":"2026-03-03T11:00:08","slug":"restoring-perfection-spf50","status":"publish","type":"product","link":"https:\/\/miamedic.lt\/en\/shop\/restoring-perfection-spf50\/","title":{"rendered":"Restoring Perfection SPF50"},"content":{"rendered":"<p data-start=\"130\" data-end=\"215\"><strong data-start=\"130\" data-end=\"215\">Valmont Restoring Perfection SPF 50 \u2013 apsauginis veido kremas<\/strong><\/p>\n<p data-start=\"217\" data-end=\"552\">Lengvos, komforti\u0161kos tekst\u016bros veido kremas su auk\u0161ta apsauga nuo saul\u0117s, skirtas kasdienei odos apsaugai ir i\u0161vaizdos tobulinimui. Formul\u0117 padeda apsaugoti od\u0105 nuo \u017ealing\u0173 UVA ir UVB spinduli\u0173, kartu palaiko odos dr\u0117gm\u0119, glotnina pavir\u0161i\u0173 ir suteikia tolygesn\u012f, sveikai atrodant\u012f odos ton\u0105. Oda atrodo lygesn\u0117, \u0161vytinti ir apsaugota.<\/p>\n<p data-start=\"554\" data-end=\"567\"><strong data-start=\"554\" data-end=\"567\">Effect:<\/strong><\/p>\n<p data-start=\"569\" data-end=\"799\">\u2022 U\u017etikrina auk\u0161t\u0105 apsaug\u0105 nuo UVA ir UVB spinduli\u0173 (SPF 50)<br data-start=\"629\" data-end=\"632\" \/>\u2022 Padeda apsaugoti od\u0105 nuo prie\u0161laikinio sen\u0117jimo po\u017eymi\u0173<br data-start=\"689\" data-end=\"692\" \/>\u2022 Glotnina odos pavir\u0161i\u0173 ir gerina odos i\u0161vaizd\u0105<br data-start=\"740\" data-end=\"743\" \/>\u2022 Suteikia odai komforto, skaistumo ir tolygesnio tono<\/p>\n<p data-start=\"801\" data-end=\"816\"><strong data-start=\"801\" data-end=\"816\">Usage:<\/strong><\/p>\n<p data-start=\"818\" data-end=\"1043\">Naudoti pagal kosmetologo rekomendacijas. Tepkite pakankam\u0105 kiek\u012f kremo ant \u0161varios veido ir kaklo odos kaip paskutin\u012f odos prie\u017ei\u016bros \u017eingsn\u012f. Naudoti ryte. Esant ilgesniam buvimui saul\u0117je, rekomenduojama pakartotinai tepti.<\/p>\n<p data-start=\"1045\" data-end=\"1174\">Tinka kasdienei odos prie\u017ei\u016brai, siekiant <strong data-start=\"1087\" data-end=\"1139\">apsaugotos, glotnios ir sveikai atrodan\u010dios odos<\/strong>, ypa\u010d veikiant saul\u0117s spinduliams.<\/p>","protected":false},"excerpt":{"rendered":"<p>Apsauginis veido kremas<\/p>","protected":false},"featured_media":12915,"comment_status":"open","ping_status":"closed","template":"","meta":[],"product_cat":[153],"product_tag":[],"class_list":{"0":"post-12914","1":"product","2":"type-product","3":"status-publish","4":"has-post-thumbnail","6":"product_cat-spf-veido-prieziura","7":"pa_brands-valmont","8":"pa_talpa-30ml-2","10":"first","11":"instock","12":"taxable","13":"shipping-taxable","14":"purchasable","15":"product-type-simple"},"_links":{"self":[{"href":"https:\/\/miamedic.lt\/en\/wp-json\/wp\/v2\/product\/12914","targetHints":{"allow":["GET"]}}],"collection":[{"href":"https:\/\/miamedic.lt\/en\/wp-json\/wp\/v2\/product"}],"about":[{"href":"https:\/\/miamedic.lt\/en\/wp-json\/wp\/v2\/types\/product"}],"replies":[{"embeddable":true,"href":"https:\/\/miamedic.lt\/en\/wp-json\/wp\/v2\/comments?post=12914"}],"version-history":[{"count":1,"href":"https:\/\/miamedic.lt\/en\/wp-json\/wp\/v2\/product\/12914\/revisions"}],"predecessor-version":[{"id":12916,"href":"https:\/\/miamedic.lt\/en\/wp-json\/wp\/v2\/product\/12914\/revisions\/12916"}],"wp:featuredmedia":[{"embeddable":true,"href":"https:\/\/miamedic.lt\/en\/wp-json\/wp\/v2\/media\/12915"}],"wp:attachment":[{"href":"https:\/\/miamedic.lt\/en\/wp-json\/wp\/v2\/media?parent=12914"}],"wp:term":[{"taxonomy":"product_cat","embeddable":true,"href":"https:\/\/miamedic.lt\/en\/wp-json\/wp\/v2\/product_cat?post=12914"},{"taxonomy":"product_tag","embeddable":true,"href":"https:\/\/miamedic.lt\/en\/wp-json\/wp\/v2\/product_tag?post=12914"}],"curies":[{"name":"wp","href":"https:\/\/api.w.org\/{rel}","templated":true}]}}