{"id":12909,"date":"2026-02-02T17:35:22","date_gmt":"2026-02-02T17:35:22","guid":{"rendered":"https:\/\/miamedic.lt\/?post_type=product&#038;p=12909"},"modified":"2026-03-05T10:20:14","modified_gmt":"2026-03-05T10:20:14","slug":"eye-instant-stress-relieving-mask","status":"publish","type":"product","link":"https:\/\/miamedic.lt\/en\/shop\/eye-instant-stress-relieving-mask\/","title":{"rendered":"Eye Instant Stress Relieving Mask"},"content":{"rendered":"<p data-start=\"131\" data-end=\"213\"><strong data-start=\"131\" data-end=\"213\">Valmont Eye Instant Stress Relieving Mask \u2013 akimirksniu raminanti paaki\u0173 kauk\u0117<\/strong><\/p>\n<p data-start=\"215\" data-end=\"517\">Gaivios, lengvos tekst\u016bros paaki\u0173 kauk\u0117, skirta <strong data-start=\"263\" data-end=\"317\">akimirksniu suma\u017einti streso ir nuovargio po\u017eymius<\/strong> jautrioje aki\u0173 srityje. Formul\u0117 padeda nuraminti od\u0105, suma\u017einti paburkim\u0105 ir diskomfort\u0105, suteikia gaivumo bei pails\u0117jusios odos efekt\u0105. Po naudojimo paaki\u0173 zona atrodo lygesn\u0117, gaivesn\u0117 ir \u0161vytinti.<\/p>\n<p data-start=\"519\" data-end=\"532\"><strong data-start=\"519\" data-end=\"532\">Effect:<\/strong><\/p>\n<p data-start=\"534\" data-end=\"716\">\u2022 Akimirksniu ramina ir atgaivina paaki\u0173 od\u0105<br data-start=\"578\" data-end=\"581\" \/>\u2022 Padeda suma\u017einti nuovargio ir streso po\u017eymius<br data-start=\"628\" data-end=\"631\" \/>\u2022 Suteikia gaivumo ir komforto poj\u016bt\u012f<br data-start=\"668\" data-end=\"671\" \/>\u2022 Glotnina paaki\u0173 od\u0105 ir suteikia skaistumo<\/p>\n<p data-start=\"718\" data-end=\"733\"><strong data-start=\"718\" data-end=\"733\">Usage:<\/strong><\/p>\n<p data-start=\"735\" data-end=\"1005\">Naudoti pagal kosmetologo rekomendacijas. Kauk\u0119 tepti tolygiu sluoksniu ant \u0161varios paaki\u0173 odos, vengiant patekimo \u012f akis. Palikti 10\u201315 minu\u010di\u0173, tuomet pertekli\u0173 \u0161velniai nuvalyti arba \u012fmasa\u017euoti. Naudoti pagal poreik\u012f, kai akys atrodo pavargusios ar patyrusios stres\u0105.<\/p>\n<p data-start=\"1007\" data-end=\"1116\">Tinka <strong data-start=\"1013\" data-end=\"1051\">momentinei paaki\u0173 zonos prie\u017ei\u016brai<\/strong>, siekiant greito <strong data-start=\"1069\" data-end=\"1115\">gaivumo, ramyb\u0117s ir pails\u0117jusios i\u0161vaizdos<\/strong>.<\/p>","protected":false},"excerpt":{"rendered":"<p>Akimirksniu raminanti paaki\u0173 kauk\u0117<\/p>","protected":false},"featured_media":12910,"comment_status":"open","ping_status":"closed","template":"","meta":[],"product_cat":[419],"product_tag":[],"class_list":{"0":"post-12909","1":"product","2":"type-product","3":"status-publish","4":"has-post-thumbnail","6":"product_cat-paakiu-kaukes","7":"pa_brands-valmont","8":"pa_talpa-1-vnt","9":"pa_talpa-5-vnt","11":"first","12":"outofstock","13":"taxable","14":"shipping-taxable","15":"purchasable","16":"product-type-variable"},"_links":{"self":[{"href":"https:\/\/miamedic.lt\/en\/wp-json\/wp\/v2\/product\/12909","targetHints":{"allow":["GET"]}}],"collection":[{"href":"https:\/\/miamedic.lt\/en\/wp-json\/wp\/v2\/product"}],"about":[{"href":"https:\/\/miamedic.lt\/en\/wp-json\/wp\/v2\/types\/product"}],"replies":[{"embeddable":true,"href":"https:\/\/miamedic.lt\/en\/wp-json\/wp\/v2\/comments?post=12909"}],"version-history":[{"count":1,"href":"https:\/\/miamedic.lt\/en\/wp-json\/wp\/v2\/product\/12909\/revisions"}],"predecessor-version":[{"id":12913,"href":"https:\/\/miamedic.lt\/en\/wp-json\/wp\/v2\/product\/12909\/revisions\/12913"}],"wp:featuredmedia":[{"embeddable":true,"href":"https:\/\/miamedic.lt\/en\/wp-json\/wp\/v2\/media\/12910"}],"wp:attachment":[{"href":"https:\/\/miamedic.lt\/en\/wp-json\/wp\/v2\/media?parent=12909"}],"wp:term":[{"taxonomy":"product_cat","embeddable":true,"href":"https:\/\/miamedic.lt\/en\/wp-json\/wp\/v2\/product_cat?post=12909"},{"taxonomy":"product_tag","embeddable":true,"href":"https:\/\/miamedic.lt\/en\/wp-json\/wp\/v2\/product_tag?post=12909"}],"curies":[{"name":"wp","href":"https:\/\/api.w.org\/{rel}","templated":true}]}}