{"id":12905,"date":"2026-02-02T17:17:06","date_gmt":"2026-02-02T17:17:06","guid":{"rendered":"https:\/\/miamedic.lt\/?post_type=product&#038;p=12905"},"modified":"2026-02-02T17:17:07","modified_gmt":"2026-02-02T17:17:07","slug":"eye-regenerating-mask","status":"publish","type":"product","link":"https:\/\/miamedic.lt\/en\/shop\/eye-regenerating-mask\/","title":{"rendered":"Eye Regenerating Mask"},"content":{"rendered":"<p data-start=\"111\" data-end=\"174\"><strong data-start=\"111\" data-end=\"174\">Valmont Eye Regenerating Mask \u2013 regeneruojan\u010dios paaki\u0173 kauk\u0117s<\/strong><\/p>\n<p data-start=\"176\" data-end=\"476\">\u0160velnios, komforti\u0161kos tekst\u016bros paaki\u0173 kauk\u0117, skirta intensyviai <strong data-start=\"242\" data-end=\"297\">jautrios paaki\u0173 zonos regeneracijai ir atgaivinimui<\/strong>. Formul\u0117 padeda suma\u017einti nuovargio po\u017eymius, glotnina smulkias rauk\u0161leles ir suteikia odai komforto bei \u0161velnumo. Po naudojimo paaki\u0173 oda atrodo pails\u0117jusi, lygesn\u0117 ir \u0161vytinti.<\/p>\n<p data-start=\"478\" data-end=\"491\"><strong data-start=\"478\" data-end=\"491\">Effect:<\/strong><\/p>\n<p data-start=\"493\" data-end=\"698\">\u2022 Intensyviai regeneruoja ir atgaivina paaki\u0173 od\u0105<br data-start=\"542\" data-end=\"545\" \/>\u2022 Padeda suma\u017einti nuovargio ir streso po\u017eymius<br data-start=\"592\" data-end=\"595\" \/>\u2022 Glotnina smulkias linijas ir suteikia elastingumo<br data-start=\"646\" data-end=\"649\" \/>\u2022 Suteikia komforto, \u0161velnumo ir gaivumo poj\u016bt\u012f<\/p>\n<p data-start=\"700\" data-end=\"715\"><strong data-start=\"700\" data-end=\"715\">Usage:<\/strong><\/p>\n<p data-start=\"717\" data-end=\"965\">Naudoti pagal kosmetologo rekomendacijas. Kauk\u0119 tepti tolygiu sluoksniu ant \u0161varios paaki\u0173 odos, vengiant patekimo \u012f akis. Palikti 10\u201315 minu\u010di\u0173, tuomet pertekli\u0173 \u0161velniai nuvalyti arba \u012fmasa\u017euoti. Naudoti 1\u20132 kartus per savait\u0119 arba pagal poreik\u012f.<\/p>\n<p data-start=\"967\" data-end=\"1078\">Tinka periodinei <strong data-start=\"984\" data-end=\"1011\">paaki\u0173 zonos prie\u017ei\u016brai<\/strong>, siekiant <strong data-start=\"1022\" data-end=\"1077\">pails\u0117jusios, lygios ir \u0161vytin\u010dios odos aplink akis<\/strong>.<\/p>","protected":false},"excerpt":{"rendered":"<p>Regeneruojan\u010dios paaki\u0173 kauk\u0117s<\/p>","protected":false},"featured_media":12906,"comment_status":"open","ping_status":"closed","template":"","meta":[],"product_cat":[419],"product_tag":[],"class_list":{"0":"post-12905","1":"product","2":"type-product","3":"status-publish","4":"has-post-thumbnail","6":"product_cat-paakiu-kaukes","7":"pa_brands-valmont","8":"pa_talpa-5-vnt","10":"first","11":"instock","12":"taxable","13":"shipping-taxable","14":"purchasable","15":"product-type-simple"},"_links":{"self":[{"href":"https:\/\/miamedic.lt\/en\/wp-json\/wp\/v2\/product\/12905","targetHints":{"allow":["GET"]}}],"collection":[{"href":"https:\/\/miamedic.lt\/en\/wp-json\/wp\/v2\/product"}],"about":[{"href":"https:\/\/miamedic.lt\/en\/wp-json\/wp\/v2\/types\/product"}],"replies":[{"embeddable":true,"href":"https:\/\/miamedic.lt\/en\/wp-json\/wp\/v2\/comments?post=12905"}],"version-history":[{"count":1,"href":"https:\/\/miamedic.lt\/en\/wp-json\/wp\/v2\/product\/12905\/revisions"}],"predecessor-version":[{"id":12907,"href":"https:\/\/miamedic.lt\/en\/wp-json\/wp\/v2\/product\/12905\/revisions\/12907"}],"wp:featuredmedia":[{"embeddable":true,"href":"https:\/\/miamedic.lt\/en\/wp-json\/wp\/v2\/media\/12906"}],"wp:attachment":[{"href":"https:\/\/miamedic.lt\/en\/wp-json\/wp\/v2\/media?parent=12905"}],"wp:term":[{"taxonomy":"product_cat","embeddable":true,"href":"https:\/\/miamedic.lt\/en\/wp-json\/wp\/v2\/product_cat?post=12905"},{"taxonomy":"product_tag","embeddable":true,"href":"https:\/\/miamedic.lt\/en\/wp-json\/wp\/v2\/product_tag?post=12905"}],"curies":[{"name":"wp","href":"https:\/\/api.w.org\/{rel}","templated":true}]}}