{"id":12799,"date":"2026-01-09T12:56:18","date_gmt":"2026-01-09T12:56:18","guid":{"rendered":"https:\/\/miamedic.lt\/?post_type=product&#038;p=12799"},"modified":"2026-02-02T17:18:08","modified_gmt":"2026-02-02T17:18:08","slug":"regenerating-mask-treatment","status":"publish","type":"product","link":"https:\/\/miamedic.lt\/en\/shop\/regenerating-mask-treatment\/","title":{"rendered":"Regenerating Mask Treatment"},"content":{"rendered":"<p data-start=\"110\" data-end=\"178\"><strong data-start=\"110\" data-end=\"178\">Valmont Regenerating Mask Treatment \u2013 regeneruojanti veido kauk\u0117<\/strong><\/p>\n<p data-start=\"180\" data-end=\"449\">Kremin\u0117s, turtingos tekst\u016bros kauk\u0117, skirta intensyviai odos regeneracijai ir atgaivinimui. Formul\u0117 padeda atkurti odos komfort\u0105, suma\u017einti nuovargio po\u017eymius ir skatinti nat\u016bral\u0173 odos atsinaujinim\u0105. Po naudojimo oda atrodo lygesn\u0117, elastingesn\u0117, gaivesn\u0117 ir spindinti.<\/p>\n<p data-start=\"451\" data-end=\"464\"><strong data-start=\"451\" data-end=\"464\">Effect:<\/strong><\/p>\n<p data-start=\"466\" data-end=\"688\">\u2022 Intensyviai regeneruoja ir atgaivina od\u0105<br data-start=\"508\" data-end=\"511\" \/>\u2022 Padeda suma\u017einti nuovargio po\u017eymius ir odos streso \u012ftak\u0105<br data-start=\"569\" data-end=\"572\" \/>\u2022 Mink\u0161tina, glotnina ir suteikia elastingumo<br data-start=\"617\" data-end=\"620\" \/>\u2022 Skatina odos nat\u016bral\u0173 atsinaujinim\u0105 ir suteikia \u0161vyt\u0117jimo efekt\u0105<\/p>\n<p data-start=\"690\" data-end=\"705\"><strong data-start=\"690\" data-end=\"705\">Usage:<\/strong><\/p>\n<p data-start=\"707\" data-end=\"956\">Naudoti pagal kosmetologo rekomendacijas. Kauk\u0119 tepti tolygiu sluoksniu ant \u0161varios veido odos, vengiant aki\u0173 srities. Palikti 10\u201320 minu\u010di\u0173, tuomet pertekli\u0173 nuvalyti arba nuplauti vandeniu. Galima naudoti 1\u20132 kartus per savait\u0119 arba pagal poreik\u012f.<\/p>\n<p data-start=\"958\" data-end=\"1073\">Tinka kasdienei ar periodinei odos prie\u017ei\u016brai, siekiant <strong data-start=\"1014\" data-end=\"1072\">intensyviai regeneruotos, mink\u0161tos ir spindin\u010dios odos<\/strong>.<\/p>","protected":false},"excerpt":{"rendered":"<p>Regeneruojanti veido kauk\u0117<\/p>","protected":false},"featured_media":12803,"comment_status":"open","ping_status":"closed","template":"","meta":[],"product_cat":[417,420],"product_tag":[],"class_list":{"0":"post-12799","1":"product","2":"type-product","3":"status-publish","4":"has-post-thumbnail","6":"product_cat-is-clinical-ir-valmont","7":"product_cat-veido-kaukes","8":"pa_brands-valmont","9":"pa_talpa-1-vnt","10":"pa_talpa-5-vnt","12":"first","13":"instock","14":"taxable","15":"shipping-taxable","16":"purchasable","17":"product-type-variable"},"_links":{"self":[{"href":"https:\/\/miamedic.lt\/en\/wp-json\/wp\/v2\/product\/12799","targetHints":{"allow":["GET"]}}],"collection":[{"href":"https:\/\/miamedic.lt\/en\/wp-json\/wp\/v2\/product"}],"about":[{"href":"https:\/\/miamedic.lt\/en\/wp-json\/wp\/v2\/types\/product"}],"replies":[{"embeddable":true,"href":"https:\/\/miamedic.lt\/en\/wp-json\/wp\/v2\/comments?post=12799"}],"version-history":[{"count":1,"href":"https:\/\/miamedic.lt\/en\/wp-json\/wp\/v2\/product\/12799\/revisions"}],"predecessor-version":[{"id":12806,"href":"https:\/\/miamedic.lt\/en\/wp-json\/wp\/v2\/product\/12799\/revisions\/12806"}],"wp:featuredmedia":[{"embeddable":true,"href":"https:\/\/miamedic.lt\/en\/wp-json\/wp\/v2\/media\/12803"}],"wp:attachment":[{"href":"https:\/\/miamedic.lt\/en\/wp-json\/wp\/v2\/media?parent=12799"}],"wp:term":[{"taxonomy":"product_cat","embeddable":true,"href":"https:\/\/miamedic.lt\/en\/wp-json\/wp\/v2\/product_cat?post=12799"},{"taxonomy":"product_tag","embeddable":true,"href":"https:\/\/miamedic.lt\/en\/wp-json\/wp\/v2\/product_tag?post=12799"}],"curies":[{"name":"wp","href":"https:\/\/api.w.org\/{rel}","templated":true}]}}