{"id":12796,"date":"2026-01-09T12:45:42","date_gmt":"2026-01-09T12:45:42","guid":{"rendered":"https:\/\/miamedic.lt\/?post_type=product&#038;p=12796"},"modified":"2026-03-05T09:41:58","modified_gmt":"2026-03-05T09:41:58","slug":"hydra3-regenetic-serum","status":"publish","type":"product","link":"https:\/\/miamedic.lt\/en\/shop\/hydra3-regenetic-serum\/","title":{"rendered":"Hydra3 Regenetic Concentrate"},"content":{"rendered":"<p data-start=\"125\" data-end=\"208\"><strong data-start=\"125\" data-end=\"208\">Valmont Hydra3 Regenetic Concentrate\u2013 intensyviai dr\u0117kinantis ir atkuriantis koncentratas<\/strong><\/p>\n<p data-start=\"210\" data-end=\"505\">Lengvos, \u0161ilkin\u0117s tekst\u016bros koncentratas, skirtas giliam odos dr\u0117kinimui ir dr\u0117gm\u0117s atsarg\u0173 atk\u016brimui. Pa\u017eangi formul\u0117 padeda akimirksniu prisotinti od\u0105 dr\u0117gme, palaikyti optimal\u0173 hidratacijos lyg\u012f ir sustiprinti odos geb\u0117jim\u0105 i\u0161laikyti dr\u0117gm\u0119. Oda tampa lygesn\u0117, elastingesn\u0117 ir pastebimai gaivesn\u0117.<\/p>\n<p data-start=\"507\" data-end=\"520\"><strong data-start=\"507\" data-end=\"520\">Effect:<\/strong><\/p>\n<p data-start=\"522\" data-end=\"719\">\u2022 Intensyviai dr\u0117kina ir padeda atkurti odos dr\u0117gm\u0117s rezervus<br data-start=\"583\" data-end=\"586\" \/>\u2022 Stiprina odos komfort\u0105 ir elastingum\u0105<br data-start=\"625\" data-end=\"628\" \/>\u2022 Glotnina odos pavir\u0161i\u0173 ir suteikia \u0161velnumo<br data-start=\"673\" data-end=\"676\" \/>\u2022 Atgaivina odos skaistum\u0105 ir gyvybingum\u0105<\/p>\n<p data-start=\"721\" data-end=\"736\"><strong data-start=\"721\" data-end=\"736\">Usage:<\/strong><\/p>\n<p data-start=\"738\" data-end=\"920\">Naudoti pagal kosmetologo rekomendacijas. Nedidel\u012f kiek\u012f koncentrato tepti ant \u0161varios veido ir kaklo odos, \u0161velniai paskirstyti, kol visi\u0161kai \u012fsigers. Rekomenduojama naudoti prie\u0161 krem\u0105.<\/p>\n<p data-start=\"922\" data-end=\"1090\">Tinka kasdienei odos prie\u017ei\u016brai, ypa\u010d <strong data-start=\"960\" data-end=\"1019\">dehidratuotai, pavargusiai ar komfort\u0105 praradusiai odai<\/strong>, siekiant intensyvaus dr\u0117kinimo, glotnumo ir sveikai atrodan\u010dios odos.<\/p>","protected":false},"excerpt":{"rendered":"<p>Intensyviai dr\u0117kinantis ir atkuriantis koncentratas<\/p>","protected":false},"featured_media":13559,"comment_status":"open","ping_status":"closed","template":"","meta":[],"product_cat":[417,107],"product_tag":[],"class_list":{"0":"post-12796","1":"product","2":"type-product","3":"status-publish","4":"has-post-thumbnail","6":"product_cat-is-clinical-ir-valmont","7":"product_cat-serumai","8":"pa_brands-valmont","9":"pa_talpa-30ml-2","11":"first","12":"instock","13":"taxable","14":"shipping-taxable","15":"purchasable","16":"product-type-simple"},"_links":{"self":[{"href":"https:\/\/miamedic.lt\/en\/wp-json\/wp\/v2\/product\/12796","targetHints":{"allow":["GET"]}}],"collection":[{"href":"https:\/\/miamedic.lt\/en\/wp-json\/wp\/v2\/product"}],"about":[{"href":"https:\/\/miamedic.lt\/en\/wp-json\/wp\/v2\/types\/product"}],"replies":[{"embeddable":true,"href":"https:\/\/miamedic.lt\/en\/wp-json\/wp\/v2\/comments?post=12796"}],"version-history":[{"count":3,"href":"https:\/\/miamedic.lt\/en\/wp-json\/wp\/v2\/product\/12796\/revisions"}],"predecessor-version":[{"id":13560,"href":"https:\/\/miamedic.lt\/en\/wp-json\/wp\/v2\/product\/12796\/revisions\/13560"}],"wp:featuredmedia":[{"embeddable":true,"href":"https:\/\/miamedic.lt\/en\/wp-json\/wp\/v2\/media\/13559"}],"wp:attachment":[{"href":"https:\/\/miamedic.lt\/en\/wp-json\/wp\/v2\/media?parent=12796"}],"wp:term":[{"taxonomy":"product_cat","embeddable":true,"href":"https:\/\/miamedic.lt\/en\/wp-json\/wp\/v2\/product_cat?post=12796"},{"taxonomy":"product_tag","embeddable":true,"href":"https:\/\/miamedic.lt\/en\/wp-json\/wp\/v2\/product_tag?post=12796"}],"curies":[{"name":"wp","href":"https:\/\/api.w.org\/{rel}","templated":true}]}}