{"id":12792,"date":"2026-01-09T12:40:14","date_gmt":"2026-01-09T12:40:14","guid":{"rendered":"https:\/\/miamedic.lt\/?post_type=product&#038;p=12792"},"modified":"2026-01-15T10:14:15","modified_gmt":"2026-01-15T10:14:15","slug":"hydra3-regenetic-cream","status":"publish","type":"product","link":"https:\/\/miamedic.lt\/en\/shop\/hydra3-regenetic-cream\/","title":{"rendered":"Hydra3 Regenetic Cream"},"content":{"rendered":"<p data-start=\"125\" data-end=\"217\"><strong data-start=\"125\" data-end=\"217\">Valmont Hydra3 Regenetic Cream \u2013 intensyviai dr\u0117kinantis ir regeneruojantis veido kremas<\/strong><\/p>\n<p data-start=\"219\" data-end=\"531\">\u0160ilkin\u0117s, sodrios, ta\u010diau lengvai \u012fsigerian\u010dios tekst\u016bros veido kremas, skirtas intensyviam odos dr\u0117kinimui ir dr\u0117gm\u0117s atsarg\u0173 atk\u016brimui. Pa\u017eangi formul\u0117 padeda atkurti odos komfort\u0105, stiprina jos barjer\u0105 ir palaiko optimal\u0173 dr\u0117gm\u0117s lyg\u012f net esant dehidratacijai. Oda tampa mink\u0161ta, lygi, elastinga ir spindinti.<\/p>\n<p data-start=\"533\" data-end=\"546\"><strong data-start=\"533\" data-end=\"546\">Effect:<\/strong><\/p>\n<p data-start=\"548\" data-end=\"759\">\u2022 Intensyviai dr\u0117kina ir padeda atkurti odos dr\u0117gm\u0117s rezervus<br data-start=\"609\" data-end=\"612\" \/>\u2022 Stiprina odos apsaugin\u012f barjer\u0105 ir regeneracij\u0105<br data-start=\"661\" data-end=\"664\" \/>\u2022 Mink\u0161tina, glotnina ir suteikia elastingumo<br data-start=\"709\" data-end=\"712\" \/>\u2022 Atgaivina odos skaistum\u0105 ir komforto poj\u016bt\u012f<\/p>\n<p data-start=\"761\" data-end=\"776\"><strong data-start=\"761\" data-end=\"776\">Usage:<\/strong><\/p>\n<p data-start=\"778\" data-end=\"978\">Naudoti pagal kosmetologo rekomendacijas. Nedidel\u012f kiek\u012f kremo tepti ant \u0161varios veido ir kaklo odos, \u0161velniai paskirstyti iki visi\u0161ko \u012fsigers. Rekomenduojama naudoti ryte ir (arba) vakare, po serumo.<\/p>\n<p data-start=\"980\" data-end=\"1142\">Tinka kasdienei odos prie\u017ei\u016brai, ypa\u010d <strong data-start=\"1018\" data-end=\"1072\">dehidratuotai, sausai ar komfort\u0105 praradusiai odai<\/strong>, siekiant ilgalaikio dr\u0117kinimo, \u0161velnumo ir sveikai atrodan\u010dios odos.<\/p>","protected":false},"excerpt":{"rendered":"<p>Intensyviai dr\u0117kinantis ir regeneruojantis veido kremas<\/p>","protected":false},"featured_media":12793,"comment_status":"open","ping_status":"closed","template":"","meta":[],"product_cat":[417,82,129],"product_tag":[],"class_list":{"0":"post-12792","1":"product","2":"type-product","3":"status-publish","4":"has-post-thumbnail","6":"product_cat-is-clinical-ir-valmont","7":"product_cat-kremai","8":"product_cat-veido-kremai","9":"pa_brands-valmont","10":"pa_talpa-50ml-2","12":"first","13":"instock","14":"taxable","15":"shipping-taxable","16":"purchasable","17":"product-type-simple"},"_links":{"self":[{"href":"https:\/\/miamedic.lt\/en\/wp-json\/wp\/v2\/product\/12792","targetHints":{"allow":["GET"]}}],"collection":[{"href":"https:\/\/miamedic.lt\/en\/wp-json\/wp\/v2\/product"}],"about":[{"href":"https:\/\/miamedic.lt\/en\/wp-json\/wp\/v2\/types\/product"}],"replies":[{"embeddable":true,"href":"https:\/\/miamedic.lt\/en\/wp-json\/wp\/v2\/comments?post=12792"}],"version-history":[{"count":1,"href":"https:\/\/miamedic.lt\/en\/wp-json\/wp\/v2\/product\/12792\/revisions"}],"predecessor-version":[{"id":12794,"href":"https:\/\/miamedic.lt\/en\/wp-json\/wp\/v2\/product\/12792\/revisions\/12794"}],"wp:featuredmedia":[{"embeddable":true,"href":"https:\/\/miamedic.lt\/en\/wp-json\/wp\/v2\/media\/12793"}],"wp:attachment":[{"href":"https:\/\/miamedic.lt\/en\/wp-json\/wp\/v2\/media?parent=12792"}],"wp:term":[{"taxonomy":"product_cat","embeddable":true,"href":"https:\/\/miamedic.lt\/en\/wp-json\/wp\/v2\/product_cat?post=12792"},{"taxonomy":"product_tag","embeddable":true,"href":"https:\/\/miamedic.lt\/en\/wp-json\/wp\/v2\/product_tag?post=12792"}],"curies":[{"name":"wp","href":"https:\/\/api.w.org\/{rel}","templated":true}]}}