{"id":12789,"date":"2026-01-09T12:36:54","date_gmt":"2026-01-09T12:36:54","guid":{"rendered":"https:\/\/miamedic.lt\/?post_type=product&#038;p=12789"},"modified":"2026-03-05T09:39:03","modified_gmt":"2026-03-05T09:39:03","slug":"moisturizing-booster","status":"publish","type":"product","link":"https:\/\/miamedic.lt\/en\/shop\/moisturizing-booster\/","title":{"rendered":"Moisturizing Booster"},"content":{"rendered":"<p data-start=\"103\" data-end=\"174\"><strong data-start=\"103\" data-end=\"174\">Valmont Moisturizing Booster \u2013 intensyvus dr\u0117kinamasis koncentratas<\/strong><\/p>\n<p data-start=\"176\" data-end=\"505\">Lengvos, greitai \u012fsigerian\u010dios tekst\u016bros dr\u0117kinamasis koncentratas, skirtas greitai atkurti odos dr\u0117gm\u0117s balans\u0105 ir sustiprinti jos geb\u0117jim\u0105 i\u0161laikyti dr\u0117gm\u0119. Formul\u0117 padeda akimirksniu atgaivinti i\u0161saus\u0117jusi\u0105, pavargusi\u0105 od\u0105, suteikia komforto ir \u0161velnumo poj\u016bt\u012f. Oda tampa lygesn\u0117, elastingesn\u0117 ir pastebimai labiau sudr\u0117kinta.<\/p>\n<p data-start=\"507\" data-end=\"520\"><strong data-start=\"507\" data-end=\"520\">Effect:<\/strong><\/p>\n<p data-start=\"522\" data-end=\"702\">\u2022 Intensyviai dr\u0117kina ir prisotina od\u0105 dr\u0117gme<br data-start=\"567\" data-end=\"570\" \/>\u2022 Padeda atkurti odos komfort\u0105 ir elastingum\u0105<br data-start=\"615\" data-end=\"618\" \/>\u2022 Stiprina odos geb\u0117jim\u0105 i\u0161laikyti dr\u0117gm\u0119<br data-start=\"659\" data-end=\"662\" \/>\u2022 Atgaivina odos skaistum\u0105 ir glotnum\u0105<\/p>\n<p data-start=\"704\" data-end=\"719\"><strong data-start=\"704\" data-end=\"719\">Usage:<\/strong><\/p>\n<p data-start=\"721\" data-end=\"957\">Naudoti pagal kosmetologo rekomendacijas. Nedidel\u012f kiek\u012f koncentrato tepti ant \u0161varios veido ir kaklo odos, \u0161velniai paskirstyti, kol visi\u0161kai \u012fsigers. Naudoti prie\u0161 krem\u0105 arba mai\u0161yti su kremu, siekiant sustiprinti dr\u0117kinam\u0105j\u012f poveik\u012f.<\/p>\n<p data-start=\"959\" data-end=\"1106\" data-is-last-node=\"\" data-is-only-node=\"\">Tinka kasdienei odos prie\u017ei\u016brai, ypa\u010d esant <strong data-start=\"1003\" data-end=\"1062\">dehidratuotai, pavargusiai ar komfort\u0105 praradusiai odai<\/strong>, siekiant intensyvaus dr\u0117kinimo ir gaivumo.<\/p>","protected":false},"excerpt":{"rendered":"<p>Intensyvus dr\u0117kinamasis koncentratas<\/p>","protected":false},"featured_media":12790,"comment_status":"open","ping_status":"closed","template":"","meta":[],"product_cat":[417,107],"product_tag":[],"class_list":{"0":"post-12789","1":"product","2":"type-product","3":"status-publish","4":"has-post-thumbnail","6":"product_cat-is-clinical-ir-valmont","7":"product_cat-serumai","8":"pa_brands-valmont","9":"pa_talpa-20ml","11":"first","12":"outofstock","13":"taxable","14":"shipping-taxable","15":"purchasable","16":"product-type-simple"},"_links":{"self":[{"href":"https:\/\/miamedic.lt\/en\/wp-json\/wp\/v2\/product\/12789","targetHints":{"allow":["GET"]}}],"collection":[{"href":"https:\/\/miamedic.lt\/en\/wp-json\/wp\/v2\/product"}],"about":[{"href":"https:\/\/miamedic.lt\/en\/wp-json\/wp\/v2\/types\/product"}],"replies":[{"embeddable":true,"href":"https:\/\/miamedic.lt\/en\/wp-json\/wp\/v2\/comments?post=12789"}],"version-history":[{"count":1,"href":"https:\/\/miamedic.lt\/en\/wp-json\/wp\/v2\/product\/12789\/revisions"}],"predecessor-version":[{"id":12791,"href":"https:\/\/miamedic.lt\/en\/wp-json\/wp\/v2\/product\/12789\/revisions\/12791"}],"wp:featuredmedia":[{"embeddable":true,"href":"https:\/\/miamedic.lt\/en\/wp-json\/wp\/v2\/media\/12790"}],"wp:attachment":[{"href":"https:\/\/miamedic.lt\/en\/wp-json\/wp\/v2\/media?parent=12789"}],"wp:term":[{"taxonomy":"product_cat","embeddable":true,"href":"https:\/\/miamedic.lt\/en\/wp-json\/wp\/v2\/product_cat?post=12789"},{"taxonomy":"product_tag","embeddable":true,"href":"https:\/\/miamedic.lt\/en\/wp-json\/wp\/v2\/product_tag?post=12789"}],"curies":[{"name":"wp","href":"https:\/\/api.w.org\/{rel}","templated":true}]}}