{"id":12785,"date":"2026-01-09T12:30:29","date_gmt":"2026-01-09T12:30:29","guid":{"rendered":"https:\/\/miamedic.lt\/?post_type=product&#038;p=12785"},"modified":"2026-02-02T17:18:22","modified_gmt":"2026-02-02T17:18:22","slug":"moisturizing-with-a-mask","status":"publish","type":"product","link":"https:\/\/miamedic.lt\/en\/shop\/moisturizing-with-a-mask\/","title":{"rendered":"Moisturizing With A Mask"},"content":{"rendered":"<p data-start=\"104\" data-end=\"177\"><strong data-start=\"104\" data-end=\"177\">Valmont Moisturizing With A Mask \u2013 intensyviai dr\u0117kinanti veido kauk\u0117<\/strong><\/p>\n<p data-start=\"179\" data-end=\"468\">Kremin\u0117s, komforti\u0161kos tekst\u016bros veido kauk\u0117, skirta greitam ir giliam odos dr\u0117kinimui bei komforto atk\u016brimui. Formul\u0117 padeda atgaivinti pavargusi\u0105, i\u0161saus\u0117jusi\u0105 od\u0105, suteikia jai \u0161velnumo, elastingumo ir sveiko skaistumo. Oda po naudojimo atrodo lygesn\u0117, pails\u0117jusi ir prisotinta dr\u0117gm\u0117s.<\/p>\n<p data-start=\"470\" data-end=\"483\"><strong data-start=\"470\" data-end=\"483\">Effect:<\/strong><\/p>\n<p data-start=\"485\" data-end=\"670\">\u2022 Intensyviai dr\u0117kina ir atkuria odos dr\u0117gm\u0117s balans\u0105<br data-start=\"538\" data-end=\"541\" \/>\u2022 Ma\u017eina tempimo ir diskomforto poj\u016bt\u012f<br data-start=\"579\" data-end=\"582\" \/>\u2022 Mink\u0161tina, glotnina ir suteikia elastingumo<br data-start=\"627\" data-end=\"630\" \/>\u2022 Atgaivina odos skaistum\u0105 ir komfort\u0105<\/p>\n<p data-start=\"672\" data-end=\"687\"><strong data-start=\"672\" data-end=\"687\">Usage:<\/strong><\/p>\n<p data-start=\"689\" data-end=\"938\">Naudoti pagal kosmetologo rekomendacijas. Kauk\u0119 tepti tolygiu sluoksniu ant \u0161varios veido odos, vengiant aki\u0173 srities. Palikti 10\u201320 minu\u010di\u0173, tuomet pertekli\u0173 nuvalyti arba nuplauti vandeniu. Galima naudoti 1\u20132 kartus per savait\u0119 arba pagal poreik\u012f.<\/p>\n<p data-start=\"940\" data-end=\"1054\">Tinka kasdienei ar periodinei odos prie\u017ei\u016brai, siekiant <strong data-start=\"996\" data-end=\"1053\">intensyviai sudr\u0117kintos, mink\u0161tos ir spindin\u010dios odos<\/strong>.<\/p>","protected":false},"excerpt":{"rendered":"<p>Intensyviai dr\u0117kinanti veido kauk\u0117<\/p>","protected":false},"featured_media":12786,"comment_status":"open","ping_status":"closed","template":"","meta":[],"product_cat":[417,420],"product_tag":[],"class_list":{"0":"post-12785","1":"product","2":"type-product","3":"status-publish","4":"has-post-thumbnail","6":"product_cat-is-clinical-ir-valmont","7":"product_cat-veido-kaukes","8":"pa_brands-valmont","9":"pa_talpa-50ml-2","11":"first","12":"outofstock","13":"taxable","14":"shipping-taxable","15":"purchasable","16":"product-type-simple"},"_links":{"self":[{"href":"https:\/\/miamedic.lt\/en\/wp-json\/wp\/v2\/product\/12785","targetHints":{"allow":["GET"]}}],"collection":[{"href":"https:\/\/miamedic.lt\/en\/wp-json\/wp\/v2\/product"}],"about":[{"href":"https:\/\/miamedic.lt\/en\/wp-json\/wp\/v2\/types\/product"}],"replies":[{"embeddable":true,"href":"https:\/\/miamedic.lt\/en\/wp-json\/wp\/v2\/comments?post=12785"}],"version-history":[{"count":1,"href":"https:\/\/miamedic.lt\/en\/wp-json\/wp\/v2\/product\/12785\/revisions"}],"predecessor-version":[{"id":12788,"href":"https:\/\/miamedic.lt\/en\/wp-json\/wp\/v2\/product\/12785\/revisions\/12788"}],"wp:featuredmedia":[{"embeddable":true,"href":"https:\/\/miamedic.lt\/en\/wp-json\/wp\/v2\/media\/12786"}],"wp:attachment":[{"href":"https:\/\/miamedic.lt\/en\/wp-json\/wp\/v2\/media?parent=12785"}],"wp:term":[{"taxonomy":"product_cat","embeddable":true,"href":"https:\/\/miamedic.lt\/en\/wp-json\/wp\/v2\/product_cat?post=12785"},{"taxonomy":"product_tag","embeddable":true,"href":"https:\/\/miamedic.lt\/en\/wp-json\/wp\/v2\/product_tag?post=12785"}],"curies":[{"name":"wp","href":"https:\/\/api.w.org\/{rel}","templated":true}]}}