{"id":12782,"date":"2026-01-09T12:10:59","date_gmt":"2026-01-09T12:10:59","guid":{"rendered":"https:\/\/miamedic.lt\/?post_type=product&#038;p=12782"},"modified":"2026-02-11T10:56:57","modified_gmt":"2026-02-11T10:56:57","slug":"moisturizing-with-a-cream","status":"publish","type":"product","link":"https:\/\/miamedic.lt\/en\/shop\/moisturizing-with-a-cream\/","title":{"rendered":"Moisturizing With A Cream"},"content":{"rendered":"<p data-start=\"95\" data-end=\"171\"><strong data-start=\"95\" data-end=\"171\">Valmont Moisturizing With A Cream \u2013 intensyviai dr\u0117kinantis veido kremas<\/strong><\/p>\n<p data-start=\"173\" data-end=\"492\">\u0160velnios, komforti\u0161kos tekst\u016bros veido kremas, skirtas atkurti odos dr\u0117gm\u0117s balans\u0105 ir suteikti ilgalaik\u012f komforto poj\u016bt\u012f. Formul\u0117 padeda stiprinti odos apsaugin\u012f barjer\u0105, mink\u0161tina ir glotnina od\u0105, suteikdama jai sveik\u0105, gaivi\u0105 i\u0161vaizd\u0105. U\u017etenka nedidelio kiekio kremo, kad oda b\u016bt\u0173 sudr\u0117kinta ir apsaugota vis\u0105 dien\u0105.<\/p>\n<p data-start=\"494\" data-end=\"507\"><strong data-start=\"494\" data-end=\"507\">Effect:<\/strong><\/p>\n<p data-start=\"509\" data-end=\"680\">\u2022 Intensyviai dr\u0117kina ir palaiko odos dr\u0117gm\u0117s balans\u0105<br data-start=\"562\" data-end=\"565\" \/>\u2022 Mink\u0161tina ir glotnina od\u0105<br data-start=\"592\" data-end=\"595\" \/>\u2022 Stiprina odos apsaugin\u012f barjer\u0105<br data-start=\"628\" data-end=\"631\" \/>\u2022 Suteikia odai komforto, \u0161velnumo ir skaistumo<\/p>\n<p data-start=\"682\" data-end=\"697\"><strong data-start=\"682\" data-end=\"697\">Usage:<\/strong><\/p>\n<p data-start=\"699\" data-end=\"876\">Naudoti pagal kosmetologo rekomendacijas. Nedidel\u012f kiek\u012f kremo tepti ant \u0161varios veido ir kaklo odos, \u0161velniai paskirstyti iki visi\u0161ko \u012fsigers. Rekomenduojama naudoti po serumo.<\/p>\n<p data-start=\"878\" data-end=\"968\">Tinka kasdienei odos prie\u017ei\u016brai, siekiant <strong data-start=\"920\" data-end=\"967\">sudr\u0117kintos, mink\u0161tos ir subalansuotos odos<\/strong>.<\/p>","protected":false},"excerpt":{"rendered":"<p>Intensyviai dr\u0117kinantis veido kremas<\/p>","protected":false},"featured_media":12783,"comment_status":"open","ping_status":"closed","template":"","meta":[],"product_cat":[417,82,129],"product_tag":[],"class_list":{"0":"post-12782","1":"product","2":"type-product","3":"status-publish","4":"has-post-thumbnail","6":"product_cat-is-clinical-ir-valmont","7":"product_cat-kremai","8":"product_cat-veido-kremai","9":"pa_brands-valmont","10":"pa_talpa-50ml-2","12":"first","13":"outofstock","14":"taxable","15":"shipping-taxable","16":"purchasable","17":"product-type-simple"},"_links":{"self":[{"href":"https:\/\/miamedic.lt\/en\/wp-json\/wp\/v2\/product\/12782","targetHints":{"allow":["GET"]}}],"collection":[{"href":"https:\/\/miamedic.lt\/en\/wp-json\/wp\/v2\/product"}],"about":[{"href":"https:\/\/miamedic.lt\/en\/wp-json\/wp\/v2\/types\/product"}],"replies":[{"embeddable":true,"href":"https:\/\/miamedic.lt\/en\/wp-json\/wp\/v2\/comments?post=12782"}],"version-history":[{"count":1,"href":"https:\/\/miamedic.lt\/en\/wp-json\/wp\/v2\/product\/12782\/revisions"}],"predecessor-version":[{"id":12784,"href":"https:\/\/miamedic.lt\/en\/wp-json\/wp\/v2\/product\/12782\/revisions\/12784"}],"wp:featuredmedia":[{"embeddable":true,"href":"https:\/\/miamedic.lt\/en\/wp-json\/wp\/v2\/media\/12783"}],"wp:attachment":[{"href":"https:\/\/miamedic.lt\/en\/wp-json\/wp\/v2\/media?parent=12782"}],"wp:term":[{"taxonomy":"product_cat","embeddable":true,"href":"https:\/\/miamedic.lt\/en\/wp-json\/wp\/v2\/product_cat?post=12782"},{"taxonomy":"product_tag","embeddable":true,"href":"https:\/\/miamedic.lt\/en\/wp-json\/wp\/v2\/product_tag?post=12782"}],"curies":[{"name":"wp","href":"https:\/\/api.w.org\/{rel}","templated":true}]}}