{"id":12779,"date":"2026-01-09T12:05:19","date_gmt":"2026-01-09T12:05:19","guid":{"rendered":"https:\/\/miamedic.lt\/?post_type=product&#038;p=12779"},"modified":"2026-01-15T10:12:55","modified_gmt":"2026-01-15T10:12:55","slug":"priming-with-a-hydrating-fluid","status":"publish","type":"product","link":"https:\/\/miamedic.lt\/en\/shop\/priming-with-a-hydrating-fluid\/","title":{"rendered":"Priming With A Hydrating Fluid"},"content":{"rendered":"<p data-start=\"113\" data-end=\"191\"><strong data-start=\"113\" data-end=\"191\">Valmont Priming With A Hydrating Fluid \u2013 dr\u0117kinantis paruo\u0161iamasis fluidas<\/strong><\/p>\n<p data-start=\"193\" data-end=\"490\">Lengvos, \u0161ilkin\u0117s tekst\u016bros dr\u0117kinamasis fluidas, skirtas paruo\u0161ti od\u0105 tolimesnei prie\u017ei\u016brai ir sustiprinti naudojam\u0173 produkt\u0173 poveik\u012f. Jis intensyviai dr\u0117kina, glotnina odos pavir\u0161i\u0173 ir suteikia jai komforto bei gaivumo poj\u016bt\u012f. Oda tampa lygesn\u0117, \u0161velnesn\u0117 ir labiau imli aktyviosioms med\u017eiagoms.<\/p>\n<p data-start=\"492\" data-end=\"505\"><strong data-start=\"492\" data-end=\"505\">Effect:<\/strong><\/p>\n<p data-start=\"507\" data-end=\"701\">\u2022 Intensyviai dr\u0117kina ir atkuria odos komfort\u0105<br data-start=\"553\" data-end=\"556\" \/>\u2022 Paruo\u0161ia od\u0105 serum\u0173 ir krem\u0173 \u012fsisavinimui<br data-start=\"599\" data-end=\"602\" \/>\u2022 Glotnina odos pavir\u0161i\u0173 ir suteikia \u0161velnumo<br data-start=\"647\" data-end=\"650\" \/>\u2022 Padeda atgaivinti odos skaistum\u0105 ir elastingum\u0105<\/p>\n<p data-start=\"703\" data-end=\"718\"><strong data-start=\"703\" data-end=\"718\">Usage:<\/strong><\/p>\n<p data-start=\"720\" data-end=\"897\">Naudoti pagal kosmetologo rekomendacijas. Nedidel\u012f kiek\u012f fluido tepti ant \u0161varios veido ir kaklo odos, \u0161velniai paskirstyti, kol visi\u0161kai \u012fsigers. Naudoti prie\u0161 serum\u0105 ir krem\u0105.<\/p>\n<p data-start=\"899\" data-end=\"996\">Tinka kasdienei odos prie\u017ei\u016brai, siekiant <strong data-start=\"941\" data-end=\"995\">dr\u0117gnos, lygios, subalansuotos ir spindin\u010dios odos<\/strong>.<\/p>","protected":false},"excerpt":{"rendered":"<p>Dr\u0117kinantis paruo\u0161iamasis fluidas<\/p>","protected":false},"featured_media":12780,"comment_status":"open","ping_status":"closed","template":"","meta":[],"product_cat":[417,224],"product_tag":[],"class_list":{"0":"post-12779","1":"product","2":"type-product","3":"status-publish","4":"has-post-thumbnail","6":"product_cat-is-clinical-ir-valmont","7":"product_cat-dulksnos","8":"pa_brands-valmont","9":"pa_talpa-150ml","11":"first","12":"instock","13":"taxable","14":"shipping-taxable","15":"purchasable","16":"product-type-simple"},"_links":{"self":[{"href":"https:\/\/miamedic.lt\/en\/wp-json\/wp\/v2\/product\/12779","targetHints":{"allow":["GET"]}}],"collection":[{"href":"https:\/\/miamedic.lt\/en\/wp-json\/wp\/v2\/product"}],"about":[{"href":"https:\/\/miamedic.lt\/en\/wp-json\/wp\/v2\/types\/product"}],"replies":[{"embeddable":true,"href":"https:\/\/miamedic.lt\/en\/wp-json\/wp\/v2\/comments?post=12779"}],"version-history":[{"count":1,"href":"https:\/\/miamedic.lt\/en\/wp-json\/wp\/v2\/product\/12779\/revisions"}],"predecessor-version":[{"id":12781,"href":"https:\/\/miamedic.lt\/en\/wp-json\/wp\/v2\/product\/12779\/revisions\/12781"}],"wp:featuredmedia":[{"embeddable":true,"href":"https:\/\/miamedic.lt\/en\/wp-json\/wp\/v2\/media\/12780"}],"wp:attachment":[{"href":"https:\/\/miamedic.lt\/en\/wp-json\/wp\/v2\/media?parent=12779"}],"wp:term":[{"taxonomy":"product_cat","embeddable":true,"href":"https:\/\/miamedic.lt\/en\/wp-json\/wp\/v2\/product_cat?post=12779"},{"taxonomy":"product_tag","embeddable":true,"href":"https:\/\/miamedic.lt\/en\/wp-json\/wp\/v2\/product_tag?post=12779"}],"curies":[{"name":"wp","href":"https:\/\/api.w.org\/{rel}","templated":true}]}}