{"id":12774,"date":"2026-01-09T12:01:12","date_gmt":"2026-01-09T12:01:12","guid":{"rendered":"https:\/\/miamedic.lt\/?post_type=product&#038;p=12774"},"modified":"2026-01-15T10:13:25","modified_gmt":"2026-01-15T10:13:25","slug":"v-lift-eye","status":"publish","type":"product","link":"https:\/\/miamedic.lt\/en\/shop\/v-lift-eye\/","title":{"rendered":"V-LIFT EYE"},"content":{"rendered":"<p data-start=\"104\" data-end=\"156\"><strong data-start=\"104\" data-end=\"156\">Valmont V-Lift Eye \u2013 stangrinantis paaki\u0173 kremas<\/strong><\/p>\n<p data-start=\"158\" data-end=\"585\">Turtingos, kremi\u0161kos, bet greitai \u012fsigerian\u010dios tekst\u016bros paaki\u0173 kremas, skirtas <strong data-start=\"239\" data-end=\"320\">intensyviam paaki\u0173 odos stangrinimui, rauk\u0161li\u0173 ma\u017einimui ir kont\u016br\u0173 lyginimui<\/strong>. \u0160i pa\u017eangi formul\u0117 jungia Valmont anti-sen\u0117jimo ekspertiz\u0119 su liftingo technologija, kad oda aplink akis atrodyt\u0173 <strong data-start=\"436\" data-end=\"474\">lygiau, tonizuotai ir jaunatvi\u0161kai<\/strong>. Nedidelis kiekis pakanka, kad paaki\u0173 oda b\u016bt\u0173 <strong data-start=\"522\" data-end=\"546\">dr\u0117kinama ir pakelta<\/strong>.<\/p>\n<p data-start=\"587\" data-end=\"600\"><strong data-start=\"587\" data-end=\"600\">Effect:<\/strong><\/p>\n<p data-start=\"602\" data-end=\"1007\">\u2022 Skatina paaki\u0173 srities odos stangrum\u0105 ir liftingo efekt\u0105 <br data-start=\"698\" data-end=\"701\" \/>\u2022 Suma\u017eina smulkias linijas, \u201e\u017e\u0105sies kojeles\u201c ir gilias rauk\u0161les <br data-start=\"803\" data-end=\"806\" \/>\u2022 Suteikia paaki\u0173 odai dr\u0117kinimo ir regeneracijos poj\u016bt\u012f <br data-start=\"900\" data-end=\"903\" \/>\u2022 Tonizuoja vokus ir i\u0161ry\u0161kina jaunatvi\u0161k\u0105, \u0161vytin\u010di\u0105 aki\u0173 kont\u016br\u0105<\/p>\n<p data-start=\"1009\" data-end=\"1024\"><strong data-start=\"1009\" data-end=\"1024\">Usage:<\/strong><\/p>\n<p data-start=\"1026\" data-end=\"1336\">Naudoti pagal kosmetologo rekomendacijas. Nedidel\u012f kiek\u012f kremo \u0161velniai <strong data-start=\"1098\" data-end=\"1130\">\u012ftap\u0161nokite pir\u0161t\u0173 galiukais<\/strong> ant \u0161varios paaki\u0173 odos <strong data-start=\"1155\" data-end=\"1180\">ryte ir (arba) vakare<\/strong>, kol visi\u0161kai \u012fsigers. Rekomenduojama naudoti <strong data-start=\"1227\" data-end=\"1249\">po serumo ir kremo<\/strong> kaip dal\u012f pilnos V-Lift odos prie\u017ei\u016bros rutinos.<\/p>\n<p data-start=\"1338\" data-end=\"1490\">Tinka kasdienei <strong data-start=\"1354\" data-end=\"1381\">paaki\u0173 zonos prie\u017ei\u016brai<\/strong>, siekiant <strong data-start=\"1392\" data-end=\"1434\">stangresn\u0117s, lygesn\u0117s ir subalansuotos<\/strong> odos aplink akis.<\/p>","protected":false},"excerpt":{"rendered":"<p>Stangrinantis paaki\u0173 kremas<\/p>","protected":false},"featured_media":12776,"comment_status":"open","ping_status":"closed","template":"","meta":[],"product_cat":[417,82,83],"product_tag":[],"class_list":{"0":"post-12774","1":"product","2":"type-product","3":"status-publish","4":"has-post-thumbnail","6":"product_cat-is-clinical-ir-valmont","7":"product_cat-kremai","8":"product_cat-paakiu-kremai","9":"pa_brands-valmont","10":"pa_talpa-15ml","12":"first","13":"instock","14":"taxable","15":"shipping-taxable","16":"purchasable","17":"product-type-simple"},"_links":{"self":[{"href":"https:\/\/miamedic.lt\/en\/wp-json\/wp\/v2\/product\/12774","targetHints":{"allow":["GET"]}}],"collection":[{"href":"https:\/\/miamedic.lt\/en\/wp-json\/wp\/v2\/product"}],"about":[{"href":"https:\/\/miamedic.lt\/en\/wp-json\/wp\/v2\/types\/product"}],"replies":[{"embeddable":true,"href":"https:\/\/miamedic.lt\/en\/wp-json\/wp\/v2\/comments?post=12774"}],"version-history":[{"count":1,"href":"https:\/\/miamedic.lt\/en\/wp-json\/wp\/v2\/product\/12774\/revisions"}],"predecessor-version":[{"id":12778,"href":"https:\/\/miamedic.lt\/en\/wp-json\/wp\/v2\/product\/12774\/revisions\/12778"}],"wp:featuredmedia":[{"embeddable":true,"href":"https:\/\/miamedic.lt\/en\/wp-json\/wp\/v2\/media\/12776"}],"wp:attachment":[{"href":"https:\/\/miamedic.lt\/en\/wp-json\/wp\/v2\/media?parent=12774"}],"wp:term":[{"taxonomy":"product_cat","embeddable":true,"href":"https:\/\/miamedic.lt\/en\/wp-json\/wp\/v2\/product_cat?post=12774"},{"taxonomy":"product_tag","embeddable":true,"href":"https:\/\/miamedic.lt\/en\/wp-json\/wp\/v2\/product_tag?post=12774"}],"curies":[{"name":"wp","href":"https:\/\/api.w.org\/{rel}","templated":true}]}}