{"id":12770,"date":"2026-01-09T11:56:47","date_gmt":"2026-01-09T11:56:47","guid":{"rendered":"https:\/\/miamedic.lt\/?post_type=product&#038;p=12770"},"modified":"2026-01-15T10:16:57","modified_gmt":"2026-01-15T10:16:57","slug":"v-lift-cream","status":"publish","type":"product","link":"https:\/\/miamedic.lt\/en\/shop\/v-lift-cream\/","title":{"rendered":"V-LIFT CREAM"},"content":{"rendered":"<p data-start=\"93\" data-end=\"142\"><strong data-start=\"93\" data-end=\"142\">VALMONT V-Lift Cream \u2013 prabangus stangrinantis kremas<\/strong><\/p>\n<p data-start=\"144\" data-end=\"477\">Turtingos, bet lengvai \u012fsigerian\u010dios tekst\u016bros kremas, skirtas intensyviam odos stangrinimui ir kont\u016br\u0173 atk\u016brimui. \u0160i pa\u017eangi formul\u0117 padeda <strong data-start=\"285\" data-end=\"305\">lyginti rauk\u0161les<\/strong>, <strong data-start=\"307\" data-end=\"337\">stiprinti odos elastingum\u0105<\/strong> ir suteikti veidui <strong data-start=\"357\" data-end=\"388\">atjaun\u0117jus\u012f, liftinguot\u0105 efekt\u0105<\/strong>. Nedidelis kiekis kremo u\u017eteks norint odai suteikti <strong data-start=\"441\" data-end=\"476\">ilgalaik\u0117s komforto ir \u0161velnumo<\/strong>.<\/p>\n<p data-start=\"479\" data-end=\"492\"><strong data-start=\"479\" data-end=\"492\">Effect:<\/strong><\/p>\n<p data-start=\"494\" data-end=\"681\">\u2022 Padeda ma\u017einti rauk\u0161les ir smulkias linijas<br data-start=\"539\" data-end=\"542\" \/>\u2022 Stangrina od\u0105 ir gerina odos kont\u016brus<br data-start=\"581\" data-end=\"584\" \/>\u2022 Intensyviai dr\u0117kina ir mink\u0161tina<br data-start=\"618\" data-end=\"621\" \/>\u2022 Suteikia odai spindesio, lygumo ir jaunatvi\u0161ko \u0161vyt\u0117jimo<\/p>\n<p data-start=\"683\" data-end=\"698\"><strong data-start=\"683\" data-end=\"698\">Usage:<\/strong><\/p>\n<p data-start=\"700\" data-end=\"881\">Naudoti pagal kosmetologo rekomendacijas. Nedidel\u012f kiek\u012f kremo tepti ant \u0161varios veido ir kaklo odos, \u0161velniai paskirstyti iki visi\u0161ko \u012fsigers. Rekomenduojama naudoti <strong data-start=\"867\" data-end=\"880\">po serumo<\/strong>.<\/p>\n<p data-start=\"883\" data-end=\"971\">Tinka kasdienei odos prie\u017ei\u016brai, siekiant <strong data-start=\"925\" data-end=\"970\">stangrios, glotnios ir subalansuotos odos<\/strong>.<\/p>","protected":false},"excerpt":{"rendered":"<p>Prabangus stangrinantis kremas<\/p>","protected":false},"featured_media":12771,"comment_status":"open","ping_status":"closed","template":"","meta":[],"product_cat":[417,82,129],"product_tag":[],"class_list":{"0":"post-12770","1":"product","2":"type-product","3":"status-publish","4":"has-post-thumbnail","6":"product_cat-is-clinical-ir-valmont","7":"product_cat-kremai","8":"product_cat-veido-kremai","9":"pa_brands-valmont","10":"pa_talpa-50ml-2","12":"first","13":"instock","14":"taxable","15":"shipping-taxable","16":"purchasable","17":"product-type-simple"},"_links":{"self":[{"href":"https:\/\/miamedic.lt\/en\/wp-json\/wp\/v2\/product\/12770","targetHints":{"allow":["GET"]}}],"collection":[{"href":"https:\/\/miamedic.lt\/en\/wp-json\/wp\/v2\/product"}],"about":[{"href":"https:\/\/miamedic.lt\/en\/wp-json\/wp\/v2\/types\/product"}],"replies":[{"embeddable":true,"href":"https:\/\/miamedic.lt\/en\/wp-json\/wp\/v2\/comments?post=12770"}],"version-history":[{"count":3,"href":"https:\/\/miamedic.lt\/en\/wp-json\/wp\/v2\/product\/12770\/revisions"}],"predecessor-version":[{"id":12882,"href":"https:\/\/miamedic.lt\/en\/wp-json\/wp\/v2\/product\/12770\/revisions\/12882"}],"wp:featuredmedia":[{"embeddable":true,"href":"https:\/\/miamedic.lt\/en\/wp-json\/wp\/v2\/media\/12771"}],"wp:attachment":[{"href":"https:\/\/miamedic.lt\/en\/wp-json\/wp\/v2\/media?parent=12770"}],"wp:term":[{"taxonomy":"product_cat","embeddable":true,"href":"https:\/\/miamedic.lt\/en\/wp-json\/wp\/v2\/product_cat?post=12770"},{"taxonomy":"product_tag","embeddable":true,"href":"https:\/\/miamedic.lt\/en\/wp-json\/wp\/v2\/product_tag?post=12770"}],"curies":[{"name":"wp","href":"https:\/\/api.w.org\/{rel}","templated":true}]}}