{"id":12767,"date":"2026-01-09T11:52:24","date_gmt":"2026-01-09T11:52:24","guid":{"rendered":"https:\/\/miamedic.lt\/?post_type=product&#038;p=12767"},"modified":"2026-01-15T10:14:30","modified_gmt":"2026-01-15T10:14:30","slug":"v-lift-serum","status":"publish","type":"product","link":"https:\/\/miamedic.lt\/en\/shop\/v-lift-serum\/","title":{"rendered":"V-LIFT SERUM"},"content":{"rendered":"<p data-start=\"103\" data-end=\"172\"><strong data-start=\"103\" data-end=\"172\">Valmont V-Lift Serum \u2013 intensyvus liftingo ir stangrinimo serumas<\/strong><\/p>\n<p data-start=\"174\" data-end=\"475\">Lengvos, \u0161ilkin\u0117s tekst\u016bros serumas, skirtas kovai su rauk\u0161l\u0117mis, odos stangrumo praradimu ir veido kont\u016br\u0173 pakitimais. Pa\u017eangi formul\u0117 padeda akivaizd\u017eiai glotninti od\u0105, suteikti jai elastingumo ir atgaivinti jaunatvi\u0161k\u0105 i\u0161vaizd\u0105. U\u017etenka nedidelio kiekio, kad oda atrodyt\u0173 lygesn\u0117 ir labiau pakelta.<\/p>\n<p data-start=\"477\" data-end=\"490\"><strong data-start=\"477\" data-end=\"490\">Effect:<\/strong><\/p>\n<p data-start=\"492\" data-end=\"664\">\u2022 Padeda ma\u017einti rauk\u0161les ir smulkias linijas<br data-start=\"537\" data-end=\"540\" \/>\u2022 Stangrina od\u0105 ir gerina veido kont\u016brus<br data-start=\"580\" data-end=\"583\" \/>\u2022 Skatina odos atsinaujinim\u0105<br data-start=\"611\" data-end=\"614\" \/>\u2022 Suteikia odai lygumo, elastingumo ir \u0161vyt\u0117jimo<\/p>\n<p data-start=\"666\" data-end=\"681\"><strong data-start=\"666\" data-end=\"681\">Usage:<\/strong><\/p>\n<p data-start=\"683\" data-end=\"865\">Naudoti pagal kosmetologo rekomendacijas. Nedidel\u012f kiek\u012f serumo tepti ant \u0161varios veido ir kaklo odos, \u0161velniai paskirstyti, kol visi\u0161kai \u012fsigers. Rekomenduojama naudoti prie\u0161 krem\u0105.<\/p>\n<p data-start=\"867\" data-end=\"965\">Tinka kasdienei odos prie\u017ei\u016brai, siekiant stangresn\u0117s, lygesn\u0117s ir jaunatvi\u0161kiau atrodan\u010dios odos.<\/p>","protected":false},"excerpt":{"rendered":"<p>Intensyvus liftinguojantis ir stangrinantis serumas<\/p>","protected":false},"featured_media":12768,"comment_status":"open","ping_status":"closed","template":"","meta":[],"product_cat":[417,107],"product_tag":[],"class_list":{"0":"post-12767","1":"product","2":"type-product","3":"status-publish","4":"has-post-thumbnail","6":"product_cat-is-clinical-ir-valmont","7":"product_cat-serumai","8":"pa_brands-valmont","9":"pa_talpa-30ml-2","11":"first","12":"instock","13":"taxable","14":"shipping-taxable","15":"purchasable","16":"product-type-simple"},"_links":{"self":[{"href":"https:\/\/miamedic.lt\/en\/wp-json\/wp\/v2\/product\/12767","targetHints":{"allow":["GET"]}}],"collection":[{"href":"https:\/\/miamedic.lt\/en\/wp-json\/wp\/v2\/product"}],"about":[{"href":"https:\/\/miamedic.lt\/en\/wp-json\/wp\/v2\/types\/product"}],"replies":[{"embeddable":true,"href":"https:\/\/miamedic.lt\/en\/wp-json\/wp\/v2\/comments?post=12767"}],"version-history":[{"count":1,"href":"https:\/\/miamedic.lt\/en\/wp-json\/wp\/v2\/product\/12767\/revisions"}],"predecessor-version":[{"id":12769,"href":"https:\/\/miamedic.lt\/en\/wp-json\/wp\/v2\/product\/12767\/revisions\/12769"}],"wp:featuredmedia":[{"embeddable":true,"href":"https:\/\/miamedic.lt\/en\/wp-json\/wp\/v2\/media\/12768"}],"wp:attachment":[{"href":"https:\/\/miamedic.lt\/en\/wp-json\/wp\/v2\/media?parent=12767"}],"wp:term":[{"taxonomy":"product_cat","embeddable":true,"href":"https:\/\/miamedic.lt\/en\/wp-json\/wp\/v2\/product_cat?post=12767"},{"taxonomy":"product_tag","embeddable":true,"href":"https:\/\/miamedic.lt\/en\/wp-json\/wp\/v2\/product_tag?post=12767"}],"curies":[{"name":"wp","href":"https:\/\/api.w.org\/{rel}","templated":true}]}}