{"id":12589,"date":"2025-11-21T10:02:04","date_gmt":"2025-11-21T10:02:04","guid":{"rendered":"https:\/\/miamedic.lt\/?post_type=product&#038;p=12589"},"modified":"2025-12-01T00:29:57","modified_gmt":"2025-12-01T00:29:57","slug":"nadcell","status":"publish","type":"product","link":"https:\/\/miamedic.lt\/en\/shop\/nadcell\/","title":{"rendered":"NADCELL+"},"content":{"rendered":"<p><strong>Goldman Laboratories NADCELL+<\/strong> &#8211; Maisto papildas<br \/>\nGrynasis kiekis 15,92\u00a0g<br \/>\n30\u00a0kapsuli\u0173<br \/>\nNiacinas padeda palaikyti normali\u0105 nerv\u0173 sistemos veikl\u0105, normali\u0105 psichologin\u0119 funkcij\u0105, padeda ma\u017einti<br \/>\npavargimo jausm\u0105 ir nuovarg\u012f.<br \/>\nSudedamosios dalys: nikotinamido ribozido chloridas (niacinas), emulsiklis lecitinai, kapsul\u0117s apvalkalas<br \/>\n(hidroksipropilmetilceliulioz\u0117).<br \/>\nNikotinamido ribozido chloridas yra prekursorin\u0117 molekul\u0117 NAD+ (nikotinamido adenino dinukleotido).<\/p>\n<p>1\u00a0kapsul\u0117je \/ Paros normoje RMV*, %<br \/>\nNikotinamido ribozido chloridas 127,05 mg 795 %<br \/>\n* \u2013 referencin\u0117s maistin\u0117s vert\u0117s.<\/p>\n<p>Vartoti tik suaugusiems. Vartoti po 1 kapsul\u0119 per dien\u0105.<br \/>\n<strong>\u012esp\u0117jimai<\/strong><br \/>\nNevir\u0161yti nustatytos rekomenduojamos paros normos.<br \/>\nMaisto papildas neturi b\u016bti vartojamas kaip maisto pakaitalas.<br \/>\nSvarbu \u012fvairi ir subalansuota mityba bei sveikas gyvenimo b\u016bdas.<br \/>\nNerekomenduojama n\u0117\u0161\u010dioms ir \u017eindan\u010dioms moterims.<br \/>\nNevartoti jei yra padid\u0117j\u0119s jautrumas bet kuriai maisto papildo sudedamajai med\u017eiagai.<br \/>\nPrie\u0161 vartojim\u0105 pasitarkite su sveikatos prie\u017ei\u016bros specialistu.<br \/>\nLaikyti vaikams nematomoje ir nepasiekiamoje vietoje.<br \/>\nNevartoti, jei pa\u017eeista pakuot\u0117.<br \/>\nLaikyti v\u0117sioje, tamsioje ir sausoje vietoje, atokiai nuo tiesiogini\u0173 saul\u0117s spinduli\u0173.<br \/>\nI\u0161skirtinis platintojas MB \u201eSveikatos sprendimai\u201c, Stirn\u0173 g. 16-2, Noreiki\u0161k\u0117s, Kauno raj. LT-53363, Lietuva;<br \/>\nwww.sveikatossprendimai.lt<br \/>\nGeriausias iki (pabaigos): \u017er. buteliuko dangtel\u012f.<br \/>\nPartijos Nr.: \u017er. buteliuko dangtel\u012f.<\/p>","protected":false},"excerpt":{"rendered":"<p>Maisto papildas<\/p>","protected":false},"featured_media":12590,"comment_status":"open","ping_status":"closed","template":"","meta":[],"product_cat":[198],"product_tag":[],"class_list":{"0":"post-12589","1":"product","2":"type-product","3":"status-publish","4":"has-post-thumbnail","6":"product_cat-papildai","7":"pa_brands-goldman-laboratories","8":"pa_talpa-30-kaps","10":"first","11":"instock","12":"taxable","13":"shipping-taxable","14":"purchasable","15":"product-type-simple"},"_links":{"self":[{"href":"https:\/\/miamedic.lt\/en\/wp-json\/wp\/v2\/product\/12589","targetHints":{"allow":["GET"]}}],"collection":[{"href":"https:\/\/miamedic.lt\/en\/wp-json\/wp\/v2\/product"}],"about":[{"href":"https:\/\/miamedic.lt\/en\/wp-json\/wp\/v2\/types\/product"}],"replies":[{"embeddable":true,"href":"https:\/\/miamedic.lt\/en\/wp-json\/wp\/v2\/comments?post=12589"}],"version-history":[{"count":1,"href":"https:\/\/miamedic.lt\/en\/wp-json\/wp\/v2\/product\/12589\/revisions"}],"predecessor-version":[{"id":12591,"href":"https:\/\/miamedic.lt\/en\/wp-json\/wp\/v2\/product\/12589\/revisions\/12591"}],"wp:featuredmedia":[{"embeddable":true,"href":"https:\/\/miamedic.lt\/en\/wp-json\/wp\/v2\/media\/12590"}],"wp:attachment":[{"href":"https:\/\/miamedic.lt\/en\/wp-json\/wp\/v2\/media?parent=12589"}],"wp:term":[{"taxonomy":"product_cat","embeddable":true,"href":"https:\/\/miamedic.lt\/en\/wp-json\/wp\/v2\/product_cat?post=12589"},{"taxonomy":"product_tag","embeddable":true,"href":"https:\/\/miamedic.lt\/en\/wp-json\/wp\/v2\/product_tag?post=12589"}],"curies":[{"name":"wp","href":"https:\/\/api.w.org\/{rel}","templated":true}]}}