{"id":12586,"date":"2025-11-21T09:37:45","date_gmt":"2025-11-21T09:37:45","guid":{"rendered":"https:\/\/miamedic.lt\/?post_type=product&#038;p=12586"},"modified":"2025-12-01T00:29:57","modified_gmt":"2025-12-01T00:29:57","slug":"vitamin-c-250mg-n90","status":"publish","type":"product","link":"https:\/\/miamedic.lt\/en\/shop\/vitamin-c-250mg-n90\/","title":{"rendered":"VITAMIN C 250mg N90"},"content":{"rendered":"<p><strong>Goldman Laboratories Liposomose kapsuliuotas Vitaminas C, 250 mg<\/strong> &#8211; Maisto papildas<br \/>\nTinka vegetarams ir veganams<br \/>\nGrynasis kiekis 42.6 g (90 kapsuli\u0173)<br \/>\n1 kapsul\u0117 (473 mg)<br \/>\nSudedamosios dalys: patentuotas mi\u0161inys Optim C\u00ae (vitaminas C (L-askorbo r\u016bg\u0161tis), fosfatidilcholinas<br \/>\n(i\u0161 saul\u0117gr\u0105\u017e\u0173)), kapsul\u0117s apvalkalas (tir\u0161tiklis (hidroksipropilmetilceliulioz\u0117)).<\/p>\n<p>Maistin\u0117 med\u017eiaga 1 kapsul\u0117je RMV*, %<br \/>\nVitaminas C 250 mg 312,5 %<br \/>\n*RMV \u2013 referencin\u0117 maistin\u0117 vert\u0117<\/p>\n<p><strong>Vartojimas<\/strong>. Rekomenduojama vartoti po 1 kapsul\u0119 per dien\u0105.<br \/>\n\u012esp\u0117jimai. Nevir\u0161yti nustatytos rekomenduojamos doz\u0117s. Maisto papildas netur\u0117t\u0173 b\u016bti vartojamas kaip<br \/>\nmaisto pakaitalas. Prie\u0161 vartojim\u0105 n\u0117\u0161tumo ir \u017eindymo laikotarpiu pasitarti su sveikatos prie\u017ei\u016bros<br \/>\nspecialistu. Laikyti vaikams nepasiekiamoje vietoje.<br \/>\nLaikymo s\u0105lygos. Laikyti v\u0117sioje, tamsioje, sausoje vietoje. Nevartokite, jei pa\u017eeista pakuot\u0117.<\/p>","protected":false},"excerpt":{"rendered":"<p>Maisto papildas<\/p>","protected":false},"featured_media":12592,"comment_status":"open","ping_status":"closed","template":"","meta":[],"product_cat":[198],"product_tag":[],"class_list":{"0":"post-12586","1":"product","2":"type-product","3":"status-publish","4":"has-post-thumbnail","6":"product_cat-papildai","7":"pa_brands-goldman-laboratories","8":"pa_talpa-90-kaps","10":"first","11":"instock","12":"taxable","13":"shipping-taxable","14":"purchasable","15":"product-type-simple"},"_links":{"self":[{"href":"https:\/\/miamedic.lt\/en\/wp-json\/wp\/v2\/product\/12586","targetHints":{"allow":["GET"]}}],"collection":[{"href":"https:\/\/miamedic.lt\/en\/wp-json\/wp\/v2\/product"}],"about":[{"href":"https:\/\/miamedic.lt\/en\/wp-json\/wp\/v2\/types\/product"}],"replies":[{"embeddable":true,"href":"https:\/\/miamedic.lt\/en\/wp-json\/wp\/v2\/comments?post=12586"}],"version-history":[{"count":1,"href":"https:\/\/miamedic.lt\/en\/wp-json\/wp\/v2\/product\/12586\/revisions"}],"predecessor-version":[{"id":12588,"href":"https:\/\/miamedic.lt\/en\/wp-json\/wp\/v2\/product\/12586\/revisions\/12588"}],"wp:featuredmedia":[{"embeddable":true,"href":"https:\/\/miamedic.lt\/en\/wp-json\/wp\/v2\/media\/12592"}],"wp:attachment":[{"href":"https:\/\/miamedic.lt\/en\/wp-json\/wp\/v2\/media?parent=12586"}],"wp:term":[{"taxonomy":"product_cat","embeddable":true,"href":"https:\/\/miamedic.lt\/en\/wp-json\/wp\/v2\/product_cat?post=12586"},{"taxonomy":"product_tag","embeddable":true,"href":"https:\/\/miamedic.lt\/en\/wp-json\/wp\/v2\/product_tag?post=12586"}],"curies":[{"name":"wp","href":"https:\/\/api.w.org\/{rel}","templated":true}]}}