{"id":12579,"date":"2025-11-21T09:22:19","date_gmt":"2025-11-21T09:22:19","guid":{"rendered":"https:\/\/miamedic.lt\/?post_type=product&#038;p=12579"},"modified":"2025-12-01T00:29:56","modified_gmt":"2025-12-01T00:29:56","slug":"vitamin-d-complex-n60","status":"publish","type":"product","link":"https:\/\/miamedic.lt\/en\/shop\/vitamin-d-complex-n60\/","title":{"rendered":"VITAMIN D COMPLEX N60"},"content":{"rendered":"<p><strong>GOLDMAN Laboratories LIPOSOMOSE KAPSULIUOTAS VITAMIN D COMPLEX<\/strong> &#8211; Maisto papildas<br \/>\nTinka veganams ir vegetarams<br \/>\nGrynasis kiekis 11,10 g (60 kapsuli\u0173 po 185 mg)<br \/>\n2000\u00a0TV kapsul\u0117je<br \/>\nVitaminas C padeda palaikyti normali\u0105 imunin\u0117s sistemos veikl\u0105, energijos apykait\u0105. Vitaminas D<br \/>\npadeda palaikyti normali\u0105 kaul\u0173 ir dant\u0173 b\u016bkl\u0119, imunin\u0117s sistemos veikl\u0105, raumen\u0173 funkcij\u0105. Vitaminas K<br \/>\npadeda palaikyti normali\u0105 kaul\u0173 b\u016bkl\u0119.<br \/>\nSudedamosios dalys: patentuotas mi\u0161inys (L-askorbo r\u016bg\u0161tis, emulsiklis (lecitinai (i\u0161 saul\u0117gr\u0105\u017e\u0173<br \/>\naliejaus)), cholekalciferolis, menakinonas-7), kapsul\u0117s apvalkalas: tir\u0161tiklis (hidroksipropilmetilceliulioz\u0117).<br \/>\nSud\u0117tyje n\u0117ra: soj\u0173, glitimo, laktoz\u0117s.<\/p>\n<p><strong>Vartojimas.<\/strong> Rekomenduojama vartoti po 1 kapsul\u0119 per dien\u0105.<br \/>\n\u012esp\u0117jimai. Nevir\u0161yti nustatytos rekomenduojamos doz\u0117s. Maisto papildas netur\u0117t\u0173 b\u016bti vartojamas kaip<br \/>\nmaisto pakaitalas. Prie\u0161 vartojim\u0105 n\u0117\u0161tumo ir \u017eindymo laikotarpiu pasitarti su sveikatos prie\u017ei\u016bros<br \/>\nspecialistu. Laikyti vaikams nepasiekiamoje vietoje.<br \/>\nLaikymo s\u0105lygos. Laikyti v\u0117sioje, tamsioje, sausoje vietoje. Nevartokite, jei pa\u017eeista pakuot\u0117.<\/p>","protected":false},"excerpt":{"rendered":"<p>Maisto papildas<\/p>","protected":false},"featured_media":12580,"comment_status":"open","ping_status":"closed","template":"","meta":[],"product_cat":[198],"product_tag":[],"class_list":{"0":"post-12579","1":"product","2":"type-product","3":"status-publish","4":"has-post-thumbnail","6":"product_cat-papildai","7":"pa_brands-goldman-laboratories","8":"pa_talpa-60-vnt","10":"first","11":"instock","12":"taxable","13":"shipping-taxable","14":"purchasable","15":"product-type-simple"},"_links":{"self":[{"href":"https:\/\/miamedic.lt\/en\/wp-json\/wp\/v2\/product\/12579","targetHints":{"allow":["GET"]}}],"collection":[{"href":"https:\/\/miamedic.lt\/en\/wp-json\/wp\/v2\/product"}],"about":[{"href":"https:\/\/miamedic.lt\/en\/wp-json\/wp\/v2\/types\/product"}],"replies":[{"embeddable":true,"href":"https:\/\/miamedic.lt\/en\/wp-json\/wp\/v2\/comments?post=12579"}],"version-history":[{"count":1,"href":"https:\/\/miamedic.lt\/en\/wp-json\/wp\/v2\/product\/12579\/revisions"}],"predecessor-version":[{"id":12581,"href":"https:\/\/miamedic.lt\/en\/wp-json\/wp\/v2\/product\/12579\/revisions\/12581"}],"wp:featuredmedia":[{"embeddable":true,"href":"https:\/\/miamedic.lt\/en\/wp-json\/wp\/v2\/media\/12580"}],"wp:attachment":[{"href":"https:\/\/miamedic.lt\/en\/wp-json\/wp\/v2\/media?parent=12579"}],"wp:term":[{"taxonomy":"product_cat","embeddable":true,"href":"https:\/\/miamedic.lt\/en\/wp-json\/wp\/v2\/product_cat?post=12579"},{"taxonomy":"product_tag","embeddable":true,"href":"https:\/\/miamedic.lt\/en\/wp-json\/wp\/v2\/product_tag?post=12579"}],"curies":[{"name":"wp","href":"https:\/\/api.w.org\/{rel}","templated":true}]}}