{"id":12576,"date":"2025-11-21T09:14:36","date_gmt":"2025-11-21T09:14:36","guid":{"rendered":"https:\/\/miamedic.lt\/?post_type=product&#038;p=12576"},"modified":"2025-12-01T00:29:56","modified_gmt":"2025-12-01T00:29:56","slug":"glutathione","status":"publish","type":"product","link":"https:\/\/miamedic.lt\/en\/shop\/glutathione\/","title":{"rendered":"GLUTATHIONE"},"content":{"rendered":"<p><strong>GOLDMAN LABORATORIES GLUTATHIONE<\/strong> &#8211; Maisto papildas<br \/>\nTinka veganams ir vegetarams<br \/>\nGrynasis kiekis 28,3 g (60 kapsuli\u0173 po 472 mg)<\/p>\n<p>Vartojimas. Suaugusiesiems vartoti po dvi kapsules per dien\u0105.<br \/>\n\u012esp\u0117jimai. Nevir\u0161yti nustatytos rekomenduojamos paros doz\u0117s. Nevartoti jei yra padid\u0117j\u0119s jautrumas bet<br \/>\nkuriai maisto papildo sudedamajai med\u017eiagai. N\u0117\u0161tumo ir \u017eindymo laikotarpiu, taip pat sergant l\u0117tin\u0117ms<br \/>\nligoms, prie\u0161 vartojim\u0105 rekomenduojama pasitarti su gydytoju. Maisto papildas neturi b\u016bti vartojamas kaip<br \/>\nmaisto pakaitalas. Svarbu \u012fvairi ir subalansuota mityba ir sveikas gyvenimo b\u016bdas.<br \/>\nLaikyti vaikams nepasiekiamoje vietoje.<br \/>\nLaikymas. Laikyti v\u0117sioje, tamsioje ir sausoje vietoje, sandariai u\u017edarytoje pakuot\u0117je.<\/p>","protected":false},"excerpt":{"rendered":"<p>Maisto papildas<\/p>","protected":false},"featured_media":12577,"comment_status":"open","ping_status":"closed","template":"","meta":[],"product_cat":[198],"product_tag":[],"class_list":{"0":"post-12576","1":"product","2":"type-product","3":"status-publish","4":"has-post-thumbnail","6":"product_cat-papildai","7":"pa_brands-goldman-laboratories","8":"pa_talpa-60-kaps","10":"first","11":"instock","12":"taxable","13":"shipping-taxable","14":"purchasable","15":"product-type-simple"},"_links":{"self":[{"href":"https:\/\/miamedic.lt\/en\/wp-json\/wp\/v2\/product\/12576","targetHints":{"allow":["GET"]}}],"collection":[{"href":"https:\/\/miamedic.lt\/en\/wp-json\/wp\/v2\/product"}],"about":[{"href":"https:\/\/miamedic.lt\/en\/wp-json\/wp\/v2\/types\/product"}],"replies":[{"embeddable":true,"href":"https:\/\/miamedic.lt\/en\/wp-json\/wp\/v2\/comments?post=12576"}],"version-history":[{"count":2,"href":"https:\/\/miamedic.lt\/en\/wp-json\/wp\/v2\/product\/12576\/revisions"}],"predecessor-version":[{"id":12585,"href":"https:\/\/miamedic.lt\/en\/wp-json\/wp\/v2\/product\/12576\/revisions\/12585"}],"wp:featuredmedia":[{"embeddable":true,"href":"https:\/\/miamedic.lt\/en\/wp-json\/wp\/v2\/media\/12577"}],"wp:attachment":[{"href":"https:\/\/miamedic.lt\/en\/wp-json\/wp\/v2\/media?parent=12576"}],"wp:term":[{"taxonomy":"product_cat","embeddable":true,"href":"https:\/\/miamedic.lt\/en\/wp-json\/wp\/v2\/product_cat?post=12576"},{"taxonomy":"product_tag","embeddable":true,"href":"https:\/\/miamedic.lt\/en\/wp-json\/wp\/v2\/product_tag?post=12576"}],"curies":[{"name":"wp","href":"https:\/\/api.w.org\/{rel}","templated":true}]}}