{"id":12224,"date":"2025-11-06T13:47:20","date_gmt":"2025-11-06T13:47:20","guid":{"rendered":"https:\/\/miamedic.lt\/?post_type=product&#038;p=12224"},"modified":"2025-12-01T00:29:59","modified_gmt":"2025-12-01T00:29:59","slug":"lupu-aliejus","status":"publish","type":"product","link":"https:\/\/miamedic.lt\/en\/shop\/lupu-aliejus\/","title":{"rendered":"L\u016bp\u0173 aliejus"},"content":{"rendered":"<p>INIKA Organic l\u016bp\u0173 aliejus &#8211; p<span style=\"letter-spacing: 0.015em;\">rabangus, glotnus, dr\u0117kinantis l\u016bp\u0173 aliejus, suteikiantis blizgesio, nat\u016braliai putlesn\u0119 i\u0161vaizd\u0105 ir subtili\u0105 spalv\u0105.<\/span><\/p>\n<p>Pagrindiniai ingredientai:<\/p>\n<ul>\n<li>Kolagenas<\/li>\n<li>Baku\u010diolis<\/li>\n<li>Skvalenas<\/li>\n<\/ul>\n<p>Kalogenas &#8211; kartu su elastinu suteikia odai stangrumo, stiprina ir dr\u0117kina, padeda palaikyti elastingum\u0105, suma\u017einti rauk\u0161les, skatina odos atsinaujinim\u0105.<\/p>\n<p>Skvalenas &#8211; padeda i\u0161vengti dr\u0117gm\u0117s praradimo, stiprina odos dr\u0117gm\u0117s barjer\u0105,\u00a0maitina.<\/p>\n<p>Baku\u010diolis &#8211; padeda suma\u017einti\u00a0smulkias rauk\u0161les, skatino\u00a0l\u0105steli\u0173 atsinaujinim\u0105 ir kolageno gamyb\u0105, suteikia antioksidacin\u0119 apsaug\u0105.\u00a0\u0160velni, jautriai odai tinkama alternatyva retinoliui \u2013 nesukelia sudirginimo.<\/p>","protected":false},"excerpt":{"rendered":"<p>INIKA Organic l\u016bp\u0173 aliejus &#8211; prabangus, glotnus, dr\u0117kinantis l\u016bp\u0173 aliejus, suteikiantis blizgesio, nat\u016braliai putlesn\u0119 i\u0161vaizd\u0105 ir subtili\u0105 spalv\u0105. Pagrindiniai ingredientai: Kolagenas Baku\u010diolis&hellip;<\/p>","protected":false},"featured_media":12233,"comment_status":"open","ping_status":"closed","template":"","meta":[],"product_cat":[355],"product_tag":[],"class_list":{"0":"post-12224","1":"product","2":"type-product","3":"status-publish","4":"has-post-thumbnail","6":"product_cat-lupoms","7":"pa_brands-inika","8":"pa_talpa-5ml","10":"first","11":"instock","12":"taxable","13":"shipping-taxable","14":"purchasable","15":"product-type-variable"},"_links":{"self":[{"href":"https:\/\/miamedic.lt\/en\/wp-json\/wp\/v2\/product\/12224","targetHints":{"allow":["GET"]}}],"collection":[{"href":"https:\/\/miamedic.lt\/en\/wp-json\/wp\/v2\/product"}],"about":[{"href":"https:\/\/miamedic.lt\/en\/wp-json\/wp\/v2\/types\/product"}],"replies":[{"embeddable":true,"href":"https:\/\/miamedic.lt\/en\/wp-json\/wp\/v2\/comments?post=12224"}],"version-history":[{"count":1,"href":"https:\/\/miamedic.lt\/en\/wp-json\/wp\/v2\/product\/12224\/revisions"}],"predecessor-version":[{"id":12234,"href":"https:\/\/miamedic.lt\/en\/wp-json\/wp\/v2\/product\/12224\/revisions\/12234"}],"wp:featuredmedia":[{"embeddable":true,"href":"https:\/\/miamedic.lt\/en\/wp-json\/wp\/v2\/media\/12233"}],"wp:attachment":[{"href":"https:\/\/miamedic.lt\/en\/wp-json\/wp\/v2\/media?parent=12224"}],"wp:term":[{"taxonomy":"product_cat","embeddable":true,"href":"https:\/\/miamedic.lt\/en\/wp-json\/wp\/v2\/product_cat?post=12224"},{"taxonomy":"product_tag","embeddable":true,"href":"https:\/\/miamedic.lt\/en\/wp-json\/wp\/v2\/product_tag?post=12224"}],"curies":[{"name":"wp","href":"https:\/\/api.w.org\/{rel}","templated":true}]}}