{"id":12220,"date":"2025-11-06T13:40:22","date_gmt":"2025-11-06T13:40:22","guid":{"rendered":"https:\/\/miamedic.lt\/?post_type=product&#038;p=12220"},"modified":"2025-12-01T00:28:34","modified_gmt":"2025-12-01T00:28:34","slug":"lupu-kauke","status":"publish","type":"product","link":"https:\/\/miamedic.lt\/en\/shop\/lupu-kauke\/","title":{"rendered":"L\u016bp\u0173 kauk\u0117"},"content":{"rendered":"<p>INIKA Organic L\u016bp\u0173 Kauk\u0117 &#8211; i<span style=\"letter-spacing: 0.015em;\">ntensyvi atkuriamoji l\u016bp\u0173 priemon\u0117, suteikianti l\u016bpoms \u0161velnumo, elastingumo ir putlumo.\u00a0<\/span><\/p>\n<p>Kauk\u0117 glotnina l\u016bp\u0173 pavir\u0161i\u0173, taip u\u017etikrindama gilesn\u012f veikli\u0173j\u0173 med\u017eiag\u0173 \u012fsisavinim\u0105 ir padeda suma\u017einti smulkias rauk\u0161leles.<\/p>\n<p>Pagrindiniai ingredientai:<\/p>\n<ul>\n<li>AHA r\u016bg\u0161tys<\/li>\n<li>Opuncija<\/li>\n<li>Baku\u010diolis<\/li>\n<\/ul>\n<p>Aha r\u016bg\u0161tys &#8211; pa\u0161alina negyvas odos l\u0105steles, sudarydamos s\u0105lygas veikliosioms atkuriamosioms med\u017eiagoms giliau \u012fsiskverbti \u012f l\u016bpas.<\/p>\n<p>Baku\u010diolis &#8211; i\u0161lygina rauk\u0161leles ir intensyviai dr\u0117kina, suteikdamas l\u016bpoms putlumo ir elastingumo.<\/p>\n<p>Opuncija &#8211;\u00a0Riebal\u0173 r\u016bg\u0161tys suteikia intensyvi\u0105 dr\u0117gm\u0119 ir ilgalaik\u012f dr\u0117kinim\u0105.<\/p>","protected":false},"excerpt":{"rendered":"<div class=\"stars\"><\/div>\n<div class=\"description simple-text\">\n<p>Intensyvi atkuriamoji l\u016bp\u0173 priemon\u0117, suteikianti l\u016bpoms \u0161velnumo, elastingumo ir putlumo.<\/p>\n<\/div>","protected":false},"featured_media":12222,"comment_status":"open","ping_status":"closed","template":"","meta":[],"product_cat":[355],"product_tag":[],"class_list":{"0":"post-12220","1":"product","2":"type-product","3":"status-publish","4":"has-post-thumbnail","6":"product_cat-lupoms","7":"pa_brands-inika","8":"pa_talpa-5ml","10":"first","11":"instock","12":"taxable","13":"shipping-taxable","14":"purchasable","15":"product-type-simple"},"_links":{"self":[{"href":"https:\/\/miamedic.lt\/en\/wp-json\/wp\/v2\/product\/12220","targetHints":{"allow":["GET"]}}],"collection":[{"href":"https:\/\/miamedic.lt\/en\/wp-json\/wp\/v2\/product"}],"about":[{"href":"https:\/\/miamedic.lt\/en\/wp-json\/wp\/v2\/types\/product"}],"replies":[{"embeddable":true,"href":"https:\/\/miamedic.lt\/en\/wp-json\/wp\/v2\/comments?post=12220"}],"version-history":[{"count":2,"href":"https:\/\/miamedic.lt\/en\/wp-json\/wp\/v2\/product\/12220\/revisions"}],"predecessor-version":[{"id":12223,"href":"https:\/\/miamedic.lt\/en\/wp-json\/wp\/v2\/product\/12220\/revisions\/12223"}],"wp:featuredmedia":[{"embeddable":true,"href":"https:\/\/miamedic.lt\/en\/wp-json\/wp\/v2\/media\/12222"}],"wp:attachment":[{"href":"https:\/\/miamedic.lt\/en\/wp-json\/wp\/v2\/media?parent=12220"}],"wp:term":[{"taxonomy":"product_cat","embeddable":true,"href":"https:\/\/miamedic.lt\/en\/wp-json\/wp\/v2\/product_cat?post=12220"},{"taxonomy":"product_tag","embeddable":true,"href":"https:\/\/miamedic.lt\/en\/wp-json\/wp\/v2\/product_tag?post=12220"}],"curies":[{"name":"wp","href":"https:\/\/api.w.org\/{rel}","templated":true}]}}