{"id":12209,"date":"2025-11-06T13:33:46","date_gmt":"2025-11-06T13:33:46","guid":{"rendered":"https:\/\/miamedic.lt\/?post_type=product&#038;p=12209"},"modified":"2025-12-01T00:29:59","modified_gmt":"2025-12-01T00:29:59","slug":"lupu-serumas","status":"publish","type":"product","link":"https:\/\/miamedic.lt\/en\/shop\/lupu-serumas\/","title":{"rendered":"L\u016bp\u0173 Serumas"},"content":{"rendered":"<p>INIKA Lip Serum &#8211; \u0160ilkin\u0117s tekst\u016bros l\u016bp\u0173 serumas, praturtintas 100 % nat\u016braliais, l\u016bpas puosel\u0117jan\u010diais aktyviaisiais ingredientais, kurie dr\u0117kina, apsaugo ir suteikia l\u016bpoms putlumo. Suteikia lengv\u0105 atspalv\u012f ir kartu giliai maitina.<\/p>\n<p>Pagrindiniai ingredientai:<\/p>\n<ul>\n<li>Peptidai<\/li>\n<li>Keramidai<\/li>\n<li>J\u016bros dumbli\u0173 ekstraktas<\/li>\n<\/ul>\n<p>Keramidai &#8211; sustiprina nat\u016bral\u0173 odos barjer\u0105, apsaugo nuo dr\u0117gm\u0117s praradimo, pagerina saus\u0173, suskeld\u0117jusi\u0173 l\u016bp\u0173 b\u016bkl\u0119.<\/p>\n<p>Peptidai &#8211; padeda i\u0161laikyti odos dr\u0117gm\u0117s lyg\u012f, suteikia putlesn\u0119, mink\u0161tesn\u0119 ir lygesn\u0119 i\u0161vaizd\u0105, skatina kolageno gamyb\u0105, pagerina odos elastingum\u0105.<\/p>\n<p>J\u016bros dumbliai &#8211; polisacharid\u0173 \u0161altinis, padeda i\u0161laikyti dr\u0117gm\u0119, skatina nat\u016bral\u0173 toksin\u0173 pasi\u0161alinim\u0105.<\/p>","protected":false},"excerpt":{"rendered":"<p>Dr\u0117kinantis l\u016bp\u0173 serumas<\/p>","protected":false},"featured_media":12218,"comment_status":"open","ping_status":"closed","template":"","meta":[],"product_cat":[355],"product_tag":[],"class_list":{"0":"post-12209","1":"product","2":"type-product","3":"status-publish","4":"has-post-thumbnail","6":"product_cat-lupoms","7":"pa_brands-inika","8":"pa_talpa-10ml","10":"first","11":"instock","12":"taxable","13":"shipping-taxable","14":"purchasable","15":"product-type-variable"},"_links":{"self":[{"href":"https:\/\/miamedic.lt\/en\/wp-json\/wp\/v2\/product\/12209","targetHints":{"allow":["GET"]}}],"collection":[{"href":"https:\/\/miamedic.lt\/en\/wp-json\/wp\/v2\/product"}],"about":[{"href":"https:\/\/miamedic.lt\/en\/wp-json\/wp\/v2\/types\/product"}],"replies":[{"embeddable":true,"href":"https:\/\/miamedic.lt\/en\/wp-json\/wp\/v2\/comments?post=12209"}],"version-history":[{"count":2,"href":"https:\/\/miamedic.lt\/en\/wp-json\/wp\/v2\/product\/12209\/revisions"}],"predecessor-version":[{"id":12297,"href":"https:\/\/miamedic.lt\/en\/wp-json\/wp\/v2\/product\/12209\/revisions\/12297"}],"wp:featuredmedia":[{"embeddable":true,"href":"https:\/\/miamedic.lt\/en\/wp-json\/wp\/v2\/media\/12218"}],"wp:attachment":[{"href":"https:\/\/miamedic.lt\/en\/wp-json\/wp\/v2\/media?parent=12209"}],"wp:term":[{"taxonomy":"product_cat","embeddable":true,"href":"https:\/\/miamedic.lt\/en\/wp-json\/wp\/v2\/product_cat?post=12209"},{"taxonomy":"product_tag","embeddable":true,"href":"https:\/\/miamedic.lt\/en\/wp-json\/wp\/v2\/product_tag?post=12209"}],"curies":[{"name":"wp","href":"https:\/\/api.w.org\/{rel}","templated":true}]}}