{"id":12156,"date":"2025-10-22T12:22:54","date_gmt":"2025-10-22T12:22:54","guid":{"rendered":"https:\/\/miamedic.lt\/?post_type=product&#038;p=12156"},"modified":"2026-03-02T10:51:31","modified_gmt":"2026-03-02T10:51:31","slug":"smoothing-essentials","status":"publish","type":"product","link":"https:\/\/miamedic.lt\/en\/shop\/smoothing-essentials\/","title":{"rendered":"SMOOTHING ESSENTIALS"},"content":{"rendered":"<p data-start=\"137\" data-end=\"210\">Smoothing Essentials \u2013 \u0161ventinis rinkinys skland\u017eiai, lygesnei odai<\/p>\n<p data-start=\"211\" data-end=\"519\">\u0160ventinis \u201eiS Clinical\u201c rinkinys \u2013 skirtas odai, kurios tekst\u016bra n\u0117ra ideali, kuri linkusi \u012f smulkias rauk\u0161leles, nelygumus ar pavargus\u012f ton\u0105. \u0160is trej\u0173 \u017eingsni\u0173 duetas derina \u0161veln\u0173 valym\u0105, pa\u017eang\u0173 antio\u00adksidacin\u012f ser\u00adum\u0105 ir paaki\u0173 zonos prie\u017ei\u016br\u0105 \u2013 tam, kad oda b\u016bt\u0173 lygesn\u0117, brandesn\u0117 ir labiau spindinti.<\/p>\n<p data-start=\"521\" data-end=\"543\">Rinkinio sud\u0117tis:<\/p>\n<p data-start=\"544\" data-end=\"1079\">\u2022 <strong data-start=\"546\" data-end=\"567\">Cleansing Complex<\/strong> \u2013 gelin\u0117s tekst\u016bros prausiklis, \u0161velniai nuvalo veido od\u0105, pa\u0161alina ne\u0161varumus ir makia\u017eo liku\u010dius.<br data-start=\"705\" data-end=\"708\" \/>\u2022 <strong data-start=\"710\" data-end=\"737\">Pro-Heal Serum Advance+<\/strong> \u2013 pa\u017eangus serumas su antioksidantais, skirtas raminti od\u0105, ma\u017einti u\u017edegimus, gerinti tekst\u016br\u0105 ir suteikti \u0161vyt\u0117jim\u0105.\u00a0<br data-start=\"894\" data-end=\"897\" \/>\u2022 <strong data-start=\"899\" data-end=\"920\">Youth Eye Complex<\/strong> \u2013 specializuota priemon\u0117 paaki\u0173 zonai: dr\u0117kina, suma\u017eina smulkias rauk\u0161leles, suteikia \u0161viesumo ir atgaivina \u017evilgsn\u012f.<\/p>\n<p data-start=\"1081\" data-end=\"1095\">Effect:<\/p>\n<p data-start=\"1096\" data-end=\"1321\">\u2022 Gilus odos valymas ir paruo\u0161imas tolimesnei prie\u017ei\u016brai<br data-start=\"1152\" data-end=\"1155\" \/>\u2022 Paaki\u0173 zonos atgaivinimas, nelygum\u0173 ir rauk\u0161leli\u0173 poj\u016b\u010dio ma\u017einimas<br data-start=\"1224\" data-end=\"1227\" \/>\u2022 Oda atrodo lygesn\u0117, skaistesn\u0117, stangresn\u0117<br data-start=\"1271\" data-end=\"1274\" \/>\u2022 Suteikia sveik\u0105 \u0161vyt\u0117jim\u0105 ir gaivumo poj\u016bt\u012f<\/p>\n<p data-start=\"1323\" data-end=\"1339\">Usage:<\/p>\n<p data-start=\"1340\" data-end=\"1398\">Naudoti pagal kosmetologo arba gamintojo rekomendacijas.<\/p>\n<ol data-start=\"1399\" data-end=\"1794\">\n<li data-start=\"1399\" data-end=\"1493\">\n<p data-start=\"1402\" data-end=\"1493\">U\u017etepkite Cleansing Complex ant dr\u0117gnos veido odos, \u0161velniai masa\u017euokite ir nuskalaukite.<\/p>\n<\/li>\n<li data-start=\"1494\" data-end=\"1589\">\n<p data-start=\"1497\" data-end=\"1589\">Ant \u0161varios ir sausos veido odos tepkite Pro-Heal Serum Advance+ (veido ir kaklo srityje).<\/p>\n<\/li>\n<li data-start=\"1590\" data-end=\"1794\">\n<p data-start=\"1593\" data-end=\"1794\">Paaki\u0173 zonai naudokite Youth Eye Complex \u2013 nedidel\u012f kiek\u012f paskirstykite aplink akis, \u0161velniai \u012ftap\u0161nokite.<br data-start=\"1699\" data-end=\"1702\" \/>Tinka rytiniam ir\/vakarinam naudojimui, siekiant palaikyti skland\u017ei\u0105 bei subalansuot\u0105 od\u0105.<\/p>\n<\/li>\n<\/ol>","protected":false},"excerpt":{"rendered":"<p>\u0160ventinis rinkinys skland\u017eiai, lygesnei odai<\/p>","protected":false},"featured_media":12157,"comment_status":"open","ping_status":"closed","template":"","meta":[],"product_cat":[200,448,417,188],"product_tag":[],"class_list":{"0":"post-12156","1":"product","2":"type-product","3":"status-publish","4":"has-post-thumbnail","6":"product_cat-dovanos","7":"product_cat-is-clinical-ir-circadia","8":"product_cat-is-clinical-ir-valmont","9":"product_cat-rinkiniai","10":"pa_brands-is-clinical","12":"first","13":"instock","14":"taxable","15":"shipping-taxable","16":"purchasable","17":"product-type-simple"},"_links":{"self":[{"href":"https:\/\/miamedic.lt\/en\/wp-json\/wp\/v2\/product\/12156","targetHints":{"allow":["GET"]}}],"collection":[{"href":"https:\/\/miamedic.lt\/en\/wp-json\/wp\/v2\/product"}],"about":[{"href":"https:\/\/miamedic.lt\/en\/wp-json\/wp\/v2\/types\/product"}],"replies":[{"embeddable":true,"href":"https:\/\/miamedic.lt\/en\/wp-json\/wp\/v2\/comments?post=12156"}],"version-history":[{"count":1,"href":"https:\/\/miamedic.lt\/en\/wp-json\/wp\/v2\/product\/12156\/revisions"}],"predecessor-version":[{"id":12158,"href":"https:\/\/miamedic.lt\/en\/wp-json\/wp\/v2\/product\/12156\/revisions\/12158"}],"wp:featuredmedia":[{"embeddable":true,"href":"https:\/\/miamedic.lt\/en\/wp-json\/wp\/v2\/media\/12157"}],"wp:attachment":[{"href":"https:\/\/miamedic.lt\/en\/wp-json\/wp\/v2\/media?parent=12156"}],"wp:term":[{"taxonomy":"product_cat","embeddable":true,"href":"https:\/\/miamedic.lt\/en\/wp-json\/wp\/v2\/product_cat?post=12156"},{"taxonomy":"product_tag","embeddable":true,"href":"https:\/\/miamedic.lt\/en\/wp-json\/wp\/v2\/product_tag?post=12156"}],"curies":[{"name":"wp","href":"https:\/\/api.w.org\/{rel}","templated":true}]}}