{"id":12153,"date":"2025-10-22T12:20:13","date_gmt":"2025-10-22T12:20:13","guid":{"rendered":"https:\/\/miamedic.lt\/?post_type=product&#038;p=12153"},"modified":"2026-03-02T10:51:39","modified_gmt":"2026-03-02T10:51:39","slug":"radiance-collection","status":"publish","type":"product","link":"https:\/\/miamedic.lt\/en\/shop\/radiance-collection\/","title":{"rendered":"RADIANCE COLLECTION"},"content":{"rendered":"<p data-start=\"136\" data-end=\"211\">Is cLINICAL Radiance Collection \u2013 \u0161ventinis rinkinys intensyviai spindin\u010diai odai<\/p>\n<p data-start=\"212\" data-end=\"466\">Tobulas pasirinkimas toms akimirkoms, kai norisi atgaivinti odos ton\u0105, padidinti skaistum\u0105 ir suteikti veidui nauj\u0105 gyvyb\u0119. \u201eRadiance Collection\u201c \u2013 tai visapusi\u0161ka prie\u017ei\u016bra: nuo r\u016bpestingai nuvalytos odos iki lygesn\u0117s tekst\u016bros ir skaistesnio atspalvio.<\/p>\n<p data-start=\"468\" data-end=\"492\">Rinkinio sud\u0117tis:<\/p>\n<p data-start=\"493\" data-end=\"524\">Rinkin\u012f sudaro \u0161ie produktai:<\/p>\n<ul data-start=\"525\" data-end=\"1558\">\n<li data-start=\"525\" data-end=\"701\">\n<p data-start=\"527\" data-end=\"701\"><strong data-start=\"527\" data-end=\"555\">Cleansing Complex 180 ml<\/strong> \u2013 universalus prausiklis, skirtas odos pavir\u0161iaus ne\u0161varumams ir pertekliniam sebumui \u0161velniai pa\u0161alinti.<\/p>\n<\/li>\n<li data-start=\"702\" data-end=\"932\">\n<p data-start=\"704\" data-end=\"932\"><strong data-start=\"704\" data-end=\"741\">Reparative Moisture Emulsion 50 g<\/strong> \u2013 lengvos, ta\u010diau intensyvios dr\u0117kinimo ir maitinimo formul\u0117s priemon\u0117, padedanti atkurti odos dr\u0117gm\u0117s rezervus bei su\u0161velninti tekst\u016bros netolygumus.<\/p>\n<\/li>\n<li data-start=\"933\" data-end=\"1103\">\n<p data-start=\"935\" data-end=\"1103\"><strong data-start=\"935\" data-end=\"962\">Active Serum (\u22483,75 ml)<\/strong> \u2013 koncentratas su daugybe aktyvi\u0173 veikli\u0173j\u0173 med\u017eiag\u0173, skirtas odos tonui suvienodinti bei \u0161viesinti.<\/p>\n<\/li>\n<li data-start=\"1104\" data-end=\"1334\">\n<p data-start=\"1106\" data-end=\"1334\"><strong data-start=\"1106\" data-end=\"1144\">Active Peel System (treatment set)<\/strong> \u2013 rinkinyje esantis proced\u016brinio tipo du \u017eingsni\u0173 kompleksas, padedantis atnaujinti od\u0105, lyginti jos pavir\u0161i\u0173 ir ma\u017einti matomus tekst\u016bros pakitimus.<\/p>\n<\/li>\n<li data-start=\"1335\" data-end=\"1558\">\n<p data-start=\"1337\" data-end=\"1558\"><strong data-start=\"1337\" data-end=\"1366\">Youth Eye Complex (sample<\/strong> \u2013 ma\u017eesnis kiekis paaki\u0173 zonai) \u2013 specializuota priemon\u0117 paaki\u0173 sri\u010diai, padeda suma\u017einti ankstyvus sen\u0117jimo po\u017eymius ir suteikia \u0161viesumo bei gaivumo<\/p>\n<\/li>\n<\/ul>\n<p data-start=\"1560\" data-end=\"1576\">Effect:<\/p>\n<p data-start=\"1577\" data-end=\"1828\">\u2022 Nuvalo od\u0105, paruo\u0161ia priemones tolimesnei prie\u017ei\u016brai<br data-start=\"1631\" data-end=\"1634\" \/>\u2022 Intensyviai dr\u0117kina, maitina, padeda atkurti odos pusiausvyr\u0105<br data-start=\"1697\" data-end=\"1700\" \/>\u2022 Skatina tekst\u016bros glotnum\u0105, ton\u0105 suvienodinim\u0105 ir skaistesn\u012f atspalv\u012f<br data-start=\"1771\" data-end=\"1774\" \/>\u2022 Ramina ir atgaivina od\u0105, suteikia sveik\u0105 \u0161vyt\u0117jim\u0105<\/p>\n<p data-start=\"1830\" data-end=\"1848\">Usage:<\/p>\n<p data-start=\"1849\" data-end=\"1907\">Naudoti pagal kosmetologo arba gamintojo rekomendacijas.<\/p>\n<ol data-start=\"1908\" data-end=\"2406\">\n<li data-start=\"1908\" data-end=\"2032\">\n<p data-start=\"1911\" data-end=\"2032\">Pirmiausia \u2013 <strong data-start=\"1924\" data-end=\"1945\">Cleansing Complex<\/strong> ant dr\u0117gnos veido odos \u2013 nedidel\u012f kiek\u012f paskirstyti, \u0161velniai masa\u017euoti ir nuplauti.<\/p>\n<\/li>\n<li data-start=\"2033\" data-end=\"2093\">\n<p data-start=\"2036\" data-end=\"2093\">Tada \u2013 <strong data-start=\"2043\" data-end=\"2059\">Active Serum<\/strong> ant \u0161varios, sausos veido odos.<\/p>\n<\/li>\n<li data-start=\"2094\" data-end=\"2184\">\n<p data-start=\"2097\" data-end=\"2184\">Ant viso veido ir kaklo tepkite <strong data-start=\"2129\" data-end=\"2161\">Reparative Moisture Emulsion<\/strong> \u2013 ryte ir\/ar vakare.<\/p>\n<\/li>\n<li data-start=\"2185\" data-end=\"2306\">\n<p data-start=\"2188\" data-end=\"2306\">Kartkart\u0117mis (pagal gamintojo nurodymus) naudokite <strong data-start=\"2239\" data-end=\"2261\">Active Peel System<\/strong> \u2013 da\u017enai vakare, kelet\u0105 kart\u0173 per savait\u0119.<\/p>\n<\/li>\n<li data-start=\"2307\" data-end=\"2406\">\n<p data-start=\"2310\" data-end=\"2406\">Paaki\u0173 zonai skirt\u0105 <strong data-start=\"2330\" data-end=\"2351\">Youth Eye Complex<\/strong> naudokite ryte ar vakare prie\u0161 dr\u0117kinam\u0105j\u0105 priemon\u0119.<\/p>\n<\/li>\n<\/ol>","protected":false},"excerpt":{"rendered":"<p>\u0160ventinis rinkinys intensyviai spindin\u010diai odai<\/p>","protected":false},"featured_media":12154,"comment_status":"open","ping_status":"closed","template":"","meta":[],"product_cat":[200,448,417,188],"product_tag":[],"class_list":{"0":"post-12153","1":"product","2":"type-product","3":"status-publish","4":"has-post-thumbnail","6":"product_cat-dovanos","7":"product_cat-is-clinical-ir-circadia","8":"product_cat-is-clinical-ir-valmont","9":"product_cat-rinkiniai","10":"pa_brands-is-clinical","12":"first","13":"outofstock","14":"taxable","15":"shipping-taxable","16":"purchasable","17":"product-type-simple"},"_links":{"self":[{"href":"https:\/\/miamedic.lt\/en\/wp-json\/wp\/v2\/product\/12153","targetHints":{"allow":["GET"]}}],"collection":[{"href":"https:\/\/miamedic.lt\/en\/wp-json\/wp\/v2\/product"}],"about":[{"href":"https:\/\/miamedic.lt\/en\/wp-json\/wp\/v2\/types\/product"}],"replies":[{"embeddable":true,"href":"https:\/\/miamedic.lt\/en\/wp-json\/wp\/v2\/comments?post=12153"}],"version-history":[{"count":3,"href":"https:\/\/miamedic.lt\/en\/wp-json\/wp\/v2\/product\/12153\/revisions"}],"predecessor-version":[{"id":12867,"href":"https:\/\/miamedic.lt\/en\/wp-json\/wp\/v2\/product\/12153\/revisions\/12867"}],"wp:featuredmedia":[{"embeddable":true,"href":"https:\/\/miamedic.lt\/en\/wp-json\/wp\/v2\/media\/12154"}],"wp:attachment":[{"href":"https:\/\/miamedic.lt\/en\/wp-json\/wp\/v2\/media?parent=12153"}],"wp:term":[{"taxonomy":"product_cat","embeddable":true,"href":"https:\/\/miamedic.lt\/en\/wp-json\/wp\/v2\/product_cat?post=12153"},{"taxonomy":"product_tag","embeddable":true,"href":"https:\/\/miamedic.lt\/en\/wp-json\/wp\/v2\/product_tag?post=12153"}],"curies":[{"name":"wp","href":"https:\/\/api.w.org\/{rel}","templated":true}]}}