{"id":11419,"date":"2025-09-26T11:49:06","date_gmt":"2025-09-26T11:49:06","guid":{"rendered":"https:\/\/miamedic.lt\/?post_type=product&#038;p=11419"},"modified":"2026-01-14T09:13:14","modified_gmt":"2026-01-14T09:13:14","slug":"voyage-en-orient-perfume","status":"publish","type":"product","link":"https:\/\/miamedic.lt\/en\/shop\/voyage-en-orient-perfume\/","title":{"rendered":"Voyage en Orient Perfume"},"content":{"rendered":"<p><b>La Sultane de Saba Voyage en Orient Perfume \u2013 gintaro, muskuso, santalmed\u017eio kvapo kvepalai 100ml<\/b><\/p>\n<p><b>Apra\u0161ymas:<\/b><\/p>\n<p>\u201eLa Sultane De Saba\u201c, gars\u0117janti prot\u0117vi\u0173 laikus primenan\u010diais kvapais, \u017eavi aromatu, paliekan\u010diu \u012fsp\u016bd\u012f nuo pat pirmo susitikimo. \u201e<b>Gintaras, muskusas, sandalmedis<\/b>\u201c yra \u0161i\u0173, simbolini\u0173, pirm\u0173j\u0173 kvepal\u0173 kvapas. \u0160i\u0173 kvepal\u0173 esm\u0117 yra rytieti\u0161k\u0173 pakyl\u0117t\u0173 kvap\u0173, toki\u0173 kaip gintaras, muskusas ir sandalmedis, kompozicija, autenti\u0161kos uosl\u0117s poj\u016b\u010di\u0173 i\u0161rei\u0161kimas su nuginklaujan\u010diais kerais. \u0160i\u0173 prabangi\u0173 brangakmeni\u0173 pavadinimai atskleid\u017eia j\u0173 istorijos stipryb\u0119.<\/p>\n<p><b>Veikliosios Sudedamosios Dalys ir Privalumai:<\/b><\/p>\n<p>\u0160altinis nenurodo atskir\u0173 veikli\u0173j\u0173 med\u017eiag\u0173 ar privalum\u0173, i\u0161skyrus <b>kvapo kompozicij\u0105<\/b> ir <b>uosl\u0117s poj\u016b\u010di\u0173 i\u0161rei\u0161kim\u0105<\/b>.<\/p>\n<p><b>Sud\u0117tis (INCI):<\/b><\/p>\n<p><span class=\"citation-110 citation-111 citation-end-111\">ALCOHOL DENAT \/ SD ALCOHOL 39-C, PERFUME \/ FRAGRANCE, AQUA \/ WATER, COUMARIN, LINALOOL, ALPHA-ISOMETHYL IONONE, HYDROXYCITRONELLAL, LIMONENE, BENZYL SALICYLATE, GERANIOL, CITRONELLOL, BENZYL BENZOATE, BENZYL CINNAMATE, CITRAL, BENZYL ALCOHO<\/span>L.<\/p>\n<p>Pagaminta Pranc\u016bzijoje. <i>\u012esp\u0117jimas: Tik i\u0161oriniam naudojimui. Saugoti nuo vaik\u0173. Saugoti nuo patekimo \u012f akis. Pasireik\u0161kus alergijai, nedelsiant nutraukite naudojim\u0105.<\/i> <i>Pastaba: Sudedam\u0173j\u0173 dali\u0173 s\u0105ra\u0161as gali keistis, patariama patikrinti gaminio s\u0105ra\u0161\u0105.<\/i><\/p>","protected":false},"excerpt":{"rendered":"<p>Gintaro, muskuso, santalmed\u017eio kvapo kvepalai<\/p>","protected":false},"featured_media":11420,"comment_status":"open","ping_status":"closed","template":"","meta":[],"product_cat":[418],"product_tag":[],"class_list":{"0":"post-11419","1":"product","2":"type-product","3":"status-publish","4":"has-post-thumbnail","6":"product_cat-kvepalai","7":"pa_brands-la-sultane-de-saba","8":"pa_talpa-100ml","10":"first","11":"instock","12":"taxable","13":"shipping-taxable","14":"purchasable","15":"product-type-simple"},"_links":{"self":[{"href":"https:\/\/miamedic.lt\/en\/wp-json\/wp\/v2\/product\/11419","targetHints":{"allow":["GET"]}}],"collection":[{"href":"https:\/\/miamedic.lt\/en\/wp-json\/wp\/v2\/product"}],"about":[{"href":"https:\/\/miamedic.lt\/en\/wp-json\/wp\/v2\/types\/product"}],"replies":[{"embeddable":true,"href":"https:\/\/miamedic.lt\/en\/wp-json\/wp\/v2\/comments?post=11419"}],"version-history":[{"count":4,"href":"https:\/\/miamedic.lt\/en\/wp-json\/wp\/v2\/product\/11419\/revisions"}],"predecessor-version":[{"id":12280,"href":"https:\/\/miamedic.lt\/en\/wp-json\/wp\/v2\/product\/11419\/revisions\/12280"}],"wp:featuredmedia":[{"embeddable":true,"href":"https:\/\/miamedic.lt\/en\/wp-json\/wp\/v2\/media\/11420"}],"wp:attachment":[{"href":"https:\/\/miamedic.lt\/en\/wp-json\/wp\/v2\/media?parent=11419"}],"wp:term":[{"taxonomy":"product_cat","embeddable":true,"href":"https:\/\/miamedic.lt\/en\/wp-json\/wp\/v2\/product_cat?post=11419"},{"taxonomy":"product_tag","embeddable":true,"href":"https:\/\/miamedic.lt\/en\/wp-json\/wp\/v2\/product_tag?post=11419"}],"curies":[{"name":"wp","href":"https:\/\/api.w.org\/{rel}","templated":true}]}}