{"id":11416,"date":"2025-09-26T11:44:58","date_gmt":"2025-09-26T11:44:58","guid":{"rendered":"https:\/\/miamedic.lt\/?post_type=product&#038;p=11416"},"modified":"2025-12-01T00:28:35","modified_gmt":"2025-12-01T00:28:35","slug":"voyage-en-orient-deodorant","status":"publish","type":"product","link":"https:\/\/miamedic.lt\/en\/shop\/voyage-en-orient-deodorant\/","title":{"rendered":"Voyage en Orient Deodorant"},"content":{"rendered":"<p><b>La Sultane de Saba Voyage en Orient Deodorant \u2013 gintaro, muskuso, santalmed\u017eio kvapo dezodorantas 50ml<\/b><\/p>\n<p>&nbsp;<\/p>\n<p><b>Apra\u0161ymas:<\/b><\/p>\n<p>\u0160is \u201eAmber Musk Sandalwood\u201c dezodorantas suteikia <b>apsaug\u0105 nuo prakaito<\/b>, <b>nepalikdamas d\u0117mi\u0173<\/b>, ir u\u017etikrina <b>ilgalaik\u012f poveik\u012f<\/b>.<\/p>\n<p><b>Veikliosios Sudedamosios Dalys ir Privalumai:<\/b><\/p>\n<p>\u0160altinis nenurodo atskir\u0173 aktyvi\u0173 veikli\u0173j\u0173 med\u017eiag\u0173, tik bendrus privalumus: <b>apsauga nuo prakaito<\/b> ir <b>ilgalaikis poveikis<\/b>.<\/p>\n<p><b>Usage:<\/b><\/p>\n<p>Naudojimo patarimai n\u0117ra pateikti.<\/p>\n<p><b>Sud\u0117tis (INCI):<\/b><\/p>\n<p><span class=\"citation-106 citation-107 citation-end-107\">AQUA \/ WATER, PROPYLENE GLYCOL, POTASSIUM ALUM, HYDROXYETHYL ACRYLATE \/ SODIUM ACRYLOYLDIMETHYL TAURATE COPOLYMER, POLYISOBUTENE, PEG-40 HYDROGENATED CASTOR OIL, PHENOXYETHANOL, PARFUM \/ FRAGRANCE, ETHYLHEXYLGLYCERIN, PEG-7 TRIMETHYLOLPROPANE COCONUT ETHER, SORBITAN ISOSTEARAT<\/span><span class=\"citation-106 citation-end-106\">E, BENZYL BENZOATE, LIMONENE, COUMARIN, LINALOOL, ALPHA-ISOMETHYL IONONE, GERANIOL, BENZYL SALICYLATE, HEXYL CINNAMAL, CITRONELLOL, HYDROXYCITRONELLAL, TOCOPH<\/span>EROL.<\/p>\n<p>Pagaminta Pranc\u016bzijoje. <i>Pastaba: Sudedam\u0173j\u0173 dali\u0173 s\u0105ra\u0161as gali keistis, patariama visada tikrinti gaminio s\u0105ra\u0161\u0105.<\/i><\/p>","protected":false},"excerpt":{"rendered":"<p>Gintaro, muskuso, santalmed\u017eio kvapo dezodorantas<\/p>","protected":false},"featured_media":11417,"comment_status":"open","ping_status":"closed","template":"","meta":[],"product_cat":[397],"product_tag":[],"class_list":{"0":"post-11416","1":"product","2":"type-product","3":"status-publish","4":"has-post-thumbnail","6":"product_cat-dezodorantai","7":"pa_brands-la-sultane-de-saba","8":"pa_talpa-50ml-2","10":"first","11":"instock","12":"taxable","13":"shipping-taxable","14":"purchasable","15":"product-type-simple"},"_links":{"self":[{"href":"https:\/\/miamedic.lt\/en\/wp-json\/wp\/v2\/product\/11416","targetHints":{"allow":["GET"]}}],"collection":[{"href":"https:\/\/miamedic.lt\/en\/wp-json\/wp\/v2\/product"}],"about":[{"href":"https:\/\/miamedic.lt\/en\/wp-json\/wp\/v2\/types\/product"}],"replies":[{"embeddable":true,"href":"https:\/\/miamedic.lt\/en\/wp-json\/wp\/v2\/comments?post=11416"}],"version-history":[{"count":2,"href":"https:\/\/miamedic.lt\/en\/wp-json\/wp\/v2\/product\/11416\/revisions"}],"predecessor-version":[{"id":12276,"href":"https:\/\/miamedic.lt\/en\/wp-json\/wp\/v2\/product\/11416\/revisions\/12276"}],"wp:featuredmedia":[{"embeddable":true,"href":"https:\/\/miamedic.lt\/en\/wp-json\/wp\/v2\/media\/11417"}],"wp:attachment":[{"href":"https:\/\/miamedic.lt\/en\/wp-json\/wp\/v2\/media?parent=11416"}],"wp:term":[{"taxonomy":"product_cat","embeddable":true,"href":"https:\/\/miamedic.lt\/en\/wp-json\/wp\/v2\/product_cat?post=11416"},{"taxonomy":"product_tag","embeddable":true,"href":"https:\/\/miamedic.lt\/en\/wp-json\/wp\/v2\/product_tag?post=11416"}],"curies":[{"name":"wp","href":"https:\/\/api.w.org\/{rel}","templated":true}]}}