{"id":11413,"date":"2025-09-26T11:30:50","date_gmt":"2025-09-26T11:30:50","guid":{"rendered":"https:\/\/miamedic.lt\/?post_type=product&#038;p=11413"},"modified":"2025-12-01T00:28:35","modified_gmt":"2025-12-01T00:28:35","slug":"voyage-en-orient-shea-butter","status":"publish","type":"product","link":"https:\/\/miamedic.lt\/en\/shop\/voyage-en-orient-shea-butter\/","title":{"rendered":"Voyage en Orient Shea Butter"},"content":{"rendered":"<p><b>La Sultane de Saba Voyage en Orient Shea Butter \u2013 gintaro, muskuso, santalmed\u017eio kvapo taukmed\u017eio sviestas 300g<\/b><\/p>\n<p><b>Apra\u0161ymas:<\/b><\/p>\n<p>\u0160is taukmed\u017eio sviestas <b>giliai maitina od\u0105<\/b>, apsaugodamas j\u0105 ar plaukus nuo <b>i\u0161saus\u0117jimo<\/b>. Tai tikra <b>nat\u016brali, visapusi\u0161ka prie\u017ei\u016bra<\/b>. Jis taip pat gali b\u016bti naudojamas <b>maitinant plaukus<\/b> ir atkuriant j\u0173 <b>blizges\u012f<\/b> bei <b>gyvybingum\u0105<\/b>.<\/p>\n<p><b>Veikliosios Sudedamosios Dalys ir Privalumai:<\/b><\/p>\n<p>Pagrindin\u0117 <b>veiklioji sudedamoji dalis<\/b> yra <b>taukmed\u017eio sviestas<\/b>. Pagrindiniai produkto <b>privalumai<\/b> \u2013 <b>maitinantis, regeneruojantis ir dr\u0117kinantis poveikis<\/b>.<\/p>\n<p><b>Usage:<\/b><\/p>\n<p>Tepkite ant <b>saus\u0173 k\u016bno dali\u0173<\/b>: alk\u016bni\u0173, kuln\u0173 ir kt. Nor\u0117dami naudoti kaip <b>pa\u017eeist\u0173 plauk\u0173 balzam\u0105<\/b>, paimkite sviesto rutuliuk\u0105 ir i\u0161tirpinkite j\u012f rankose. <i>Pastaba: Stiklain\u012f pad\u0117jus po \u0161iltu vandeniu, sviestas i\u0161silydys ir bus lengviau naudojamas.<\/i> Skirtas <b>kasdieniam vartojimui<\/b>.<\/p>\n<p><b>Sud\u0117tis (INCI):<\/b><\/p>\n<p><span class=\"citation-93 citation-end-93\">BUTYROSPERMUM PARKII BUTTER \/ BUTYROSPERMUM PARKII (SHEA) BUTTER, PARFUM \/ FRAGRANCE, BENZYL BENZOATE, LIMONENE, COUMARIN, LINALOOL, ALPHA-ISOMETHYL IONONE, GERANIOL, BENZYL SALICYLATE, HEXYL CINNAMAL, CITRONELLOL, HYDROXYCITRONELLAL, CITRAL, BENZYL CINNAMATE.<\/span><\/p>\n<p>Pagaminta Pranc\u016bzijoje. <i>\u012esp\u0117jimas: Tik i\u0161oriniam naudojimui. Saugoti nuo vaik\u0173. Saugoti nuo patekimo \u012f akis. Pasireik\u0161kus alergijai, nedelsiant nutraukite naudojim\u0105.<\/i> <i>Pastaba: Sudedam\u0173j\u0173 dali\u0173 s\u0105ra\u0161as gali keistis, patariama visada tikrinti gaminio s\u0105ra\u0161\u0105.<\/i><\/p>","protected":false},"excerpt":{"rendered":"<p>Gintaro, muskuso, santalmed\u017eio kvapo taukmed\u017eio sviestas<\/p>","protected":false},"featured_media":11414,"comment_status":"open","ping_status":"closed","template":"","meta":[],"product_cat":[113,396],"product_tag":[],"class_list":{"0":"post-11413","1":"product","2":"type-product","3":"status-publish","4":"has-post-thumbnail","6":"product_cat-kuno-kremas","7":"product_cat-kuno-sviestas","8":"pa_brands-la-sultane-de-saba","9":"pa_talpa-300g","11":"first","12":"instock","13":"taxable","14":"shipping-taxable","15":"purchasable","16":"product-type-simple"},"_links":{"self":[{"href":"https:\/\/miamedic.lt\/en\/wp-json\/wp\/v2\/product\/11413","targetHints":{"allow":["GET"]}}],"collection":[{"href":"https:\/\/miamedic.lt\/en\/wp-json\/wp\/v2\/product"}],"about":[{"href":"https:\/\/miamedic.lt\/en\/wp-json\/wp\/v2\/types\/product"}],"replies":[{"embeddable":true,"href":"https:\/\/miamedic.lt\/en\/wp-json\/wp\/v2\/comments?post=11413"}],"version-history":[{"count":2,"href":"https:\/\/miamedic.lt\/en\/wp-json\/wp\/v2\/product\/11413\/revisions"}],"predecessor-version":[{"id":12277,"href":"https:\/\/miamedic.lt\/en\/wp-json\/wp\/v2\/product\/11413\/revisions\/12277"}],"wp:featuredmedia":[{"embeddable":true,"href":"https:\/\/miamedic.lt\/en\/wp-json\/wp\/v2\/media\/11414"}],"wp:attachment":[{"href":"https:\/\/miamedic.lt\/en\/wp-json\/wp\/v2\/media?parent=11413"}],"wp:term":[{"taxonomy":"product_cat","embeddable":true,"href":"https:\/\/miamedic.lt\/en\/wp-json\/wp\/v2\/product_cat?post=11413"},{"taxonomy":"product_tag","embeddable":true,"href":"https:\/\/miamedic.lt\/en\/wp-json\/wp\/v2\/product_tag?post=11413"}],"curies":[{"name":"wp","href":"https:\/\/api.w.org\/{rel}","templated":true}]}}