{"id":11410,"date":"2025-09-26T11:04:13","date_gmt":"2025-09-26T11:04:13","guid":{"rendered":"https:\/\/miamedic.lt\/?post_type=product&#038;p=11410"},"modified":"2025-12-01T00:28:35","modified_gmt":"2025-12-01T00:28:35","slug":"voyage-en-orient-silk-protein-scrub","status":"publish","type":"product","link":"https:\/\/miamedic.lt\/en\/shop\/voyage-en-orient-silk-protein-scrub\/","title":{"rendered":"Voyage en Orient Silk Protein Scrub"},"content":{"rendered":"<p><b>La Sultane de Saba Voyage en Orient Silk Protein Scrub \u2013 gintaro, muskuso, santalmed\u017eio kvapo \u0161ilko proteino pilingas 200ml<\/b><\/p>\n<p>&nbsp;<\/p>\n<p><b>Apra\u0161ymas:<\/b><\/p>\n<p>\u0160is <b>\u0161velnus \u0161ilko baltym\u0173 \u0161veitiklis<\/b> pa\u0161alina <b>negyvas l\u0105steles<\/b>, i\u0161laikydamas odos <b>hidratacij\u0105<\/b> ir palieka \u0161velnius <b>gintaro, muskuso, santalmed\u017eio kvepalus<\/b>.<\/p>\n<p><b>Veikliosios Sudedamosios Dalys ir Privalumai:<\/b><\/p>\n<p>Pagrindin\u0117s <b>veikliosios sudedamosios dalys<\/b> yra <b>cukrus<\/b> ir <b>\u0161ilko baltymai<\/b>. Pagrindinis produkto <b>privalumas<\/b> \u2013 <b>valymas<\/b> ir <b>ne\u0161varum\u0173 pa\u0161alinimas<\/b>.<\/p>\n<p><b>Usage:<\/b><\/p>\n<p>Tinka <b>vis\u0173 tip\u0173 odai<\/b>.<\/p>\n<ol start=\"1\">\n<li>Gausiai tepkite ant <b>dr\u0117gnos odos<\/b>.<\/li>\n<li>Skleiskite \u0161veitikl\u012f <b>sukamaisiais judesiais<\/b>.<\/li>\n<li>Atsargiai nuplaukite <b>drungnu vandeniu<\/b>.<\/li>\n<\/ol>\n<p><b>Sud\u0117tis (INCI):<\/b><\/p>\n<p><span class=\"citation-89 citation-end-89\">PROPYLENE GLYCOL, SUCROSE, AQUA \/ WATER, PARAFFINUM LIQUIDUM \/ MINERAL OIL, PARFUM \/ FRAGRANCE, POLYACRYLAMIDE, PHENOXYETHANOL, C13-14 ISOPARAFFIN, LAURETH-7, POTASSIUM SORBATE, BENZYL BENZOATE, ETHYLHEXYLGLYCERIN, LIMONEN, COUMARIN, LINALOOL, ALPHA-ISOMETHYL IONONE, GERANIOL, BENZYL SALICYLATE, HEXYL CINNAMAL, HYDROLYZED SILK, TOCOPHEROL, CI 15985 \/ YELLOW 6, CI 19140 \/ YELLOW <\/span>5.<\/p>\n<p>Pagaminta Pranc\u016bzijoje. <i>Pastaba: Sudedam\u0173j\u0173 dali\u0173 s\u0105ra\u0161as gali keistis, patariama visada tikrinti gaminio s\u0105ra\u0161\u0105.<\/i><\/p>","protected":false},"excerpt":{"rendered":"<p>Gintaro, muskuso, santalmed\u017eio kvapo pilingas<\/p>","protected":false},"featured_media":11411,"comment_status":"open","ping_status":"closed","template":"","meta":[],"product_cat":[226],"product_tag":[],"class_list":{"0":"post-11410","1":"product","2":"type-product","3":"status-publish","4":"has-post-thumbnail","6":"product_cat-sveitikliai-odos-prieziura","7":"pa_brands-la-sultane-de-saba","8":"pa_talpa-200ml","10":"first","11":"instock","12":"taxable","13":"shipping-taxable","14":"purchasable","15":"product-type-simple"},"_links":{"self":[{"href":"https:\/\/miamedic.lt\/en\/wp-json\/wp\/v2\/product\/11410","targetHints":{"allow":["GET"]}}],"collection":[{"href":"https:\/\/miamedic.lt\/en\/wp-json\/wp\/v2\/product"}],"about":[{"href":"https:\/\/miamedic.lt\/en\/wp-json\/wp\/v2\/types\/product"}],"replies":[{"embeddable":true,"href":"https:\/\/miamedic.lt\/en\/wp-json\/wp\/v2\/comments?post=11410"}],"version-history":[{"count":2,"href":"https:\/\/miamedic.lt\/en\/wp-json\/wp\/v2\/product\/11410\/revisions"}],"predecessor-version":[{"id":12278,"href":"https:\/\/miamedic.lt\/en\/wp-json\/wp\/v2\/product\/11410\/revisions\/12278"}],"wp:featuredmedia":[{"embeddable":true,"href":"https:\/\/miamedic.lt\/en\/wp-json\/wp\/v2\/media\/11411"}],"wp:attachment":[{"href":"https:\/\/miamedic.lt\/en\/wp-json\/wp\/v2\/media?parent=11410"}],"wp:term":[{"taxonomy":"product_cat","embeddable":true,"href":"https:\/\/miamedic.lt\/en\/wp-json\/wp\/v2\/product_cat?post=11410"},{"taxonomy":"product_tag","embeddable":true,"href":"https:\/\/miamedic.lt\/en\/wp-json\/wp\/v2\/product_tag?post=11410"}],"curies":[{"name":"wp","href":"https:\/\/api.w.org\/{rel}","templated":true}]}}