{"id":11407,"date":"2025-09-26T10:59:28","date_gmt":"2025-09-26T10:59:28","guid":{"rendered":"https:\/\/miamedic.lt\/?post_type=product&#038;p=11407"},"modified":"2025-12-01T00:28:43","modified_gmt":"2025-12-01T00:28:43","slug":"voyage-en-orient-shower-cream","status":"publish","type":"product","link":"https:\/\/miamedic.lt\/en\/shop\/voyage-en-orient-shower-cream\/","title":{"rendered":"Voyage en Orient Shower Cream"},"content":{"rendered":"<p><b>La Sultane de Saba Voyage en Orient Shower Cream \u2013 gintaro, muskuso, santalmed\u017eio kvapo du\u0161o kremas 200ml<\/b><\/p>\n<p>&nbsp;<\/p>\n<p><b>Apra\u0161ymas:<\/b><\/p>\n<p>Subtilaus kvapo \u201eAmber Musk Sandalwood\u201c du\u0161o kremas pasi\u017eymi <b>atpalaiduojan\u010diomis savyb\u0117mis<\/b>. Jis \u0161velniai <b>palaiko odos pH<\/b> ir suteikia odai <b>subtil\u0173 kvepal\u0173 aromat\u0105<\/b>.<\/p>\n<p><b>Veikliosios Sudedamosios Dalys ir Privalumai:<\/b><\/p>\n<p>Pagrindin\u0117s <b>veikliosios sudedamosios dalys<\/b> yra <b>alavijo ekstraktas, medaus ekstraktas ir lotoso ekstraktas<\/b>. Pagrindinis produkto <b>privalumas<\/b> \u2013 <b>dr\u0117kinamasis poveikis<\/b> ir tinkamumas <b>k\u016bno plovimui<\/b>.<\/p>\n<p><b>Usage:<\/b><\/p>\n<p>Produktas turi b\u016bti naudojamas ant <b>k\u016bno<\/b>. Tinka <b>vis\u0173 tip\u0173 odai<\/b> ir <b>kasdieniam vartojimui<\/b>.<\/p>\n<p><b>Sud\u0117tis (INCI):<\/b><\/p>\n<p><span class=\"citation-76 citation-77 citation-end-77\">AQUA\/WATER, SODIUM LAURETH SULFATE, LAURYL GLUCOSIDE, COCAMIDOPROPYL BETAINE, PPG-1-PEG LAURYL GLYCOL ETHER, DISODIUM COCOAMPHODIACETATE, GLYCERIN, PARFUM\/FRAGRANCE, COCAMIDE DEA, ALOE BARBADENSIS LEAF EXTRACT, HONEY EXTRACT, NELUMBO NUCIFERA FLOWER EXTRACT, CITRIC ACID, CH<\/span><span class=\"citation-76 citation-end-76\">LORPHENESIN, SODIUM CHLORIDE, BENZYL BENZOATE, LIMONENE, LINALOOL, ALPHA-ISOMETHYL IONONE, LIMONENE, GERANIOL, BENZYL SALICYLATE, METHYLISOTHIAZOLINONE, CI 191400\/YELLOW 5, CI 14700\/RED 4, SODIUM BENZOATE, POTASSIUM SO<\/span>RBATE.<\/p>\n<p><b>Triukas:<\/b><\/p>\n<p>\u0160iam produktui specialus triukas\/patarimas n\u0117ra pateiktas.<\/p>\n<p>Pagaminta Pranc\u016bzijoje. <i>\u012esp\u0117jimas: Tik i\u0161oriniam naudojimui. Saugoti nuo vaik\u0173. Saugoti nuo patekimo \u012f akis. Pasireik\u0161kus alergijai, nedelsiant nutraukite naudojim\u0105.<\/i> <i>Pastaba: Sudedam\u0173j\u0173 dali\u0173 s\u0105ra\u0161as gali keistis, patariama visada tikrinti gaminio s\u0105ra\u0161\u0105.<\/i><\/p>","protected":false},"excerpt":{"rendered":"<p>Gintaro, muskuso, santalmed\u017eio kvapo du\u0161o kremas<\/p>","protected":false},"featured_media":11408,"comment_status":"open","ping_status":"closed","template":"","meta":[],"product_cat":[199],"product_tag":[],"class_list":{"0":"post-11407","1":"product","2":"type-product","3":"status-publish","4":"has-post-thumbnail","6":"product_cat-kuno-prausikliai","8":"first","9":"instock","10":"taxable","11":"shipping-taxable","12":"purchasable","13":"product-type-simple"},"_links":{"self":[{"href":"https:\/\/miamedic.lt\/en\/wp-json\/wp\/v2\/product\/11407","targetHints":{"allow":["GET"]}}],"collection":[{"href":"https:\/\/miamedic.lt\/en\/wp-json\/wp\/v2\/product"}],"about":[{"href":"https:\/\/miamedic.lt\/en\/wp-json\/wp\/v2\/types\/product"}],"replies":[{"embeddable":true,"href":"https:\/\/miamedic.lt\/en\/wp-json\/wp\/v2\/comments?post=11407"}],"version-history":[{"count":2,"href":"https:\/\/miamedic.lt\/en\/wp-json\/wp\/v2\/product\/11407\/revisions"}],"predecessor-version":[{"id":12298,"href":"https:\/\/miamedic.lt\/en\/wp-json\/wp\/v2\/product\/11407\/revisions\/12298"}],"wp:featuredmedia":[{"embeddable":true,"href":"https:\/\/miamedic.lt\/en\/wp-json\/wp\/v2\/media\/11408"}],"wp:attachment":[{"href":"https:\/\/miamedic.lt\/en\/wp-json\/wp\/v2\/media?parent=11407"}],"wp:term":[{"taxonomy":"product_cat","embeddable":true,"href":"https:\/\/miamedic.lt\/en\/wp-json\/wp\/v2\/product_cat?post=11407"},{"taxonomy":"product_tag","embeddable":true,"href":"https:\/\/miamedic.lt\/en\/wp-json\/wp\/v2\/product_tag?post=11407"}],"curies":[{"name":"wp","href":"https:\/\/api.w.org\/{rel}","templated":true}]}}