{"id":11401,"date":"2025-09-26T10:07:02","date_gmt":"2025-09-26T10:07:02","guid":{"rendered":"https:\/\/miamedic.lt\/?post_type=product&#038;p=11401"},"modified":"2025-12-01T00:28:36","modified_gmt":"2025-12-01T00:28:36","slug":"voyage-en-orient-body-lotion","status":"publish","type":"product","link":"https:\/\/miamedic.lt\/en\/shop\/voyage-en-orient-body-lotion\/","title":{"rendered":"Voyage en Orient Body Lotion"},"content":{"rendered":"<p><b>La Sultane de Saba Voyage en Orient Body Lotion \u2013 gintaro, muskuso, santalmed\u017eio kvapo k\u016bno losjonas 200ml<\/b><\/p>\n<p><b>Apra\u0161ymas:<\/b><\/p>\n<p>\u0160is k\u016bno losjonas pagamintas <b>taukmed\u017eio sviesto<\/b> ir <b>sald\u017ei\u0173j\u0173 migdol\u0173 aliejaus<\/b> pagrindu. Jis pasi\u017eymi <b>gra\u017eia ir sodria tekst\u016bra<\/b>, kuri u\u017etikrina <b>ilgalaik\u0119 hidratacij\u0105<\/b> (vir\u0161utini\u0173 epidermio sluoksni\u0173 dr\u0117kinim\u0105), o oda po naudojimo i\u0161lieka <b>\u0161velniai parfumuota<\/b> gintaro, muskuso ir santalmed\u017eio aromatu.<\/p>\n<p><b>Veikliosios Sudedamosios Dalys ir Privalumai:<\/b><\/p>\n<p>Pagrindin\u0117s <b>veikliosios sudedamosios dalys<\/b> yra <b>sald\u017ei\u0173j\u0173 migdol\u0173 aliejus, taukmed\u017eio sviestas ir kokos\u0173 aliejus<\/b>. Jos suteikia <b>maitinam\u0105j\u012f ir dr\u0117kinam\u0105j\u012f poveik\u012f<\/b>.<\/p>\n<p><b>Usage:<\/b><\/p>\n<p>Produktas naudojamas ant <b>k\u016bno ir kr\u016btin\u0117s<\/b>. Taip pat naudoti kaip <b>krem\u0105 rankoms ir kojoms<\/b>. Skirtas <b>kasdieniam vartojimui<\/b>.<\/p>\n<p><b>Sud\u0117tis (INCI):<\/b><\/p>\n<p>AQUA \/ WATER, PRUNUS AMYGDALUS DULCIS OIL \/ PRUNUS AMYGDALUS DULCIS (SWEET ALMOND) OIL, PROPYLENE GLYCOL, BUTYROSPERMUM PARKII BUTTER \/ BUTYROSPERMUM PARKII (SHEA) BUTTER, PARFUM \/ <span class=\"citation-55 citation-end-55\">FRAGRANCE, CETYL ALCOHOL, PEG-8 STEARATE, CETEARYL ALCOHOL, HYDROGENATED COCONUT OIL, POTASSIUM CETYL PHOSPHAT, UREA, BENZYL ALCOHOL, DIMETHICONE, PEG-20 STEARATE, PENTYLENE GLYCOL, CARBOMER, TOCOPHERYL ACETATE, CAPRYLYL GLYCOL, DECYLENE GLYCOL, BENZYL BENZOATE, ALLANTOIN, LIMONENE, SODIUM HYDROXIDE, COUMARIN, LINALOOL, ALPHA-ISOMETHYL IO<\/span>NONE, GERANIOL, BENZYL SALICYLATE, HEXYL CINNAMAL, BHT, CITRONELLOL, HYDROXYCITRONELLAL, CITRAL, BENZYL CINNAMATE.<\/p>\n<p>Pagamintas Pranc\u016bzijoje. <i>\u012esp\u0117jimas: Tik i\u0161oriniam naudojimui. Saugoti nuo vaik\u0173. Saugoti nuo patekimo \u012f akis. Pasireik\u0161kus alergijai, nedelsiant nutraukite naudojim\u0105.<\/i> <i>Pastaba: Sudedam\u0173j\u0173 dali\u0173 s\u0105ra\u0161as gali keistis, patariama visada tikrinti gaminio s\u0105ra\u0161\u0105.<\/i><\/p>","protected":false},"excerpt":{"rendered":"<p>Gintaro, muskuso, santalmed\u017eio kvapo k\u016bno losjonas<\/p>","protected":false},"featured_media":11402,"comment_status":"open","ping_status":"closed","template":"","meta":[],"product_cat":[113],"product_tag":[],"class_list":{"0":"post-11401","1":"product","2":"type-product","3":"status-publish","4":"has-post-thumbnail","6":"product_cat-kuno-kremas","7":"pa_brands-la-sultane-de-saba","8":"pa_talpa-200ml","10":"first","11":"instock","12":"taxable","13":"shipping-taxable","14":"purchasable","15":"product-type-simple"},"_links":{"self":[{"href":"https:\/\/miamedic.lt\/en\/wp-json\/wp\/v2\/product\/11401","targetHints":{"allow":["GET"]}}],"collection":[{"href":"https:\/\/miamedic.lt\/en\/wp-json\/wp\/v2\/product"}],"about":[{"href":"https:\/\/miamedic.lt\/en\/wp-json\/wp\/v2\/types\/product"}],"replies":[{"embeddable":true,"href":"https:\/\/miamedic.lt\/en\/wp-json\/wp\/v2\/comments?post=11401"}],"version-history":[{"count":1,"href":"https:\/\/miamedic.lt\/en\/wp-json\/wp\/v2\/product\/11401\/revisions"}],"predecessor-version":[{"id":11403,"href":"https:\/\/miamedic.lt\/en\/wp-json\/wp\/v2\/product\/11401\/revisions\/11403"}],"wp:featuredmedia":[{"embeddable":true,"href":"https:\/\/miamedic.lt\/en\/wp-json\/wp\/v2\/media\/11402"}],"wp:attachment":[{"href":"https:\/\/miamedic.lt\/en\/wp-json\/wp\/v2\/media?parent=11401"}],"wp:term":[{"taxonomy":"product_cat","embeddable":true,"href":"https:\/\/miamedic.lt\/en\/wp-json\/wp\/v2\/product_cat?post=11401"},{"taxonomy":"product_tag","embeddable":true,"href":"https:\/\/miamedic.lt\/en\/wp-json\/wp\/v2\/product_tag?post=11401"}],"curies":[{"name":"wp","href":"https:\/\/api.w.org\/{rel}","templated":true}]}}