{"id":11396,"date":"2025-09-26T10:00:08","date_gmt":"2025-09-26T10:00:08","guid":{"rendered":"https:\/\/miamedic.lt\/?post_type=product&#038;p=11396"},"modified":"2025-12-01T00:29:59","modified_gmt":"2025-12-01T00:29:59","slug":"voyage-en-orient-beauty-oil","status":"publish","type":"product","link":"https:\/\/miamedic.lt\/en\/shop\/voyage-en-orient-beauty-oil\/","title":{"rendered":"Voyage en Orient Beauty Oil"},"content":{"rendered":"<p><b>LA SULTANE DE SABA VOYAGE EN ORIENT BEAUTY OIL \u2013 GINTARAS, MUSKUSAS, SANTALMEDIS \u2013 GRO\u017dIO ALIEJUS<\/b><\/p>\n<p><b>Apra\u0161ymas:<\/b><\/p>\n<p><b>Neriebus<\/b> gro\u017eio aliejus, gars\u0117jantis d\u0117l ypa\u010d <b>kvapni\u0173 savybi\u0173<\/b>, skirtas aromatizuoti ir mink\u0161tinti <b>k\u016bn\u0105<\/b> bei <b>plaukus<\/b>, paliekant \u0161velniai kvepiant\u012f \u0161yd\u0105. \u0160is brangus aliejus, sensacingumo lobis, tinka naudoti <b>vasar\u0105<\/b> ir <b>\u017eiem\u0105<\/b>. Jis sujungia maitinimo efektyvum\u0105 su satino galia, kuri <b>dr\u0117kina<\/b> (vir\u0161utinius epidermio sluoksnius) ir <b>sublimuoja<\/b> vienu gestu.<\/p>\n<p><b>Veikliosios Sudedamosios Dalys ir Privalumai:<\/b><\/p>\n<p>Pagrindin\u0117s <b>veikliosios sudedamosios dalys<\/b> yra <b>saul\u0117gr\u0105\u017e\u0173 aliejus, mork\u0173 aliejus ir fig\u0173 aliejus<\/b>. Jos suteikia <b>maitinam\u0105j\u012f ir dr\u0117kinam\u0105j\u012f poveik\u012f<\/b>.<\/p>\n<p><b>Usage:<\/b><\/p>\n<p>Produktas naudojamas ant k\u016bno ir plauk\u0173. Jis idealiai tinka <b>masa\u017eui<\/b> ar <b>vonios aromatui<\/b> kasdieniam vartojimui.<\/p>\n<p><b>Sud\u0117tis (INCI):<\/b><\/p>\n<p>HELIANTHUS ANNUUS (SUNFLOWER) SEED OIL, PARFUM\/FRAGRANCE, BENZYL BENZOATE, DAUCUS CAROTA SATIVA (CARROT) ROOT EXTRACT, OPUNTIA FICUS-INDICA FLOWER EXTRACT, LIMONENE, COUMARIN, LINALOOL, ALPHA-ISOMETHYL IONONE, GERANIOL, BENZYL SALICYLATE, HEXYL CINNAMAL, CITRONELLOL, HYDROXICITRONELLAL, BENZYL CINNAMATE, CITRAL.<\/p>\n<p><b>Triukas:<\/b><\/p>\n<p>Jei norite paprasto ir efektyvaus k\u016bno dr\u0117kinimo, \u012f voni\u0105 \u012fpilkite dangtel\u012f aliejaus. Po vonios nebereikia naudoti dr\u0117kinan\u010dio k\u016bno losjono, oda yra \u0161velni ir maloni liesti.<\/p>\n<p>Pagaminta Pranc\u016bzijoje. <i>Pastaba: Sudedam\u0173j\u0173 dali\u0173 s\u0105ra\u0161as gali keistis, patariama visada tikrinti gaminio s\u0105ra\u0161\u0105.<\/i><\/p>","protected":false},"excerpt":{"rendered":"<p>Gro\u017eio aliejus su gintaro, muskuso, santalmedis<\/p>","protected":false},"featured_media":11399,"comment_status":"open","ping_status":"closed","template":"","meta":[],"product_cat":[394,246],"product_tag":[],"class_list":{"0":"post-11396","1":"product","2":"type-product","3":"status-publish","4":"has-post-thumbnail","6":"product_cat-kuno-aliejus","7":"product_cat-plauku-aliejai","8":"pa_brands-la-sultane-de-saba","9":"pa_talpa-100ml","10":"pa_talpa-200ml","12":"first","13":"instock","14":"taxable","15":"shipping-taxable","16":"purchasable","17":"product-type-variable"},"_links":{"self":[{"href":"https:\/\/miamedic.lt\/en\/wp-json\/wp\/v2\/product\/11396","targetHints":{"allow":["GET"]}}],"collection":[{"href":"https:\/\/miamedic.lt\/en\/wp-json\/wp\/v2\/product"}],"about":[{"href":"https:\/\/miamedic.lt\/en\/wp-json\/wp\/v2\/types\/product"}],"replies":[{"embeddable":true,"href":"https:\/\/miamedic.lt\/en\/wp-json\/wp\/v2\/comments?post=11396"}],"version-history":[{"count":1,"href":"https:\/\/miamedic.lt\/en\/wp-json\/wp\/v2\/product\/11396\/revisions"}],"predecessor-version":[{"id":11400,"href":"https:\/\/miamedic.lt\/en\/wp-json\/wp\/v2\/product\/11396\/revisions\/11400"}],"wp:featuredmedia":[{"embeddable":true,"href":"https:\/\/miamedic.lt\/en\/wp-json\/wp\/v2\/media\/11399"}],"wp:attachment":[{"href":"https:\/\/miamedic.lt\/en\/wp-json\/wp\/v2\/media?parent=11396"}],"wp:term":[{"taxonomy":"product_cat","embeddable":true,"href":"https:\/\/miamedic.lt\/en\/wp-json\/wp\/v2\/product_cat?post=11396"},{"taxonomy":"product_tag","embeddable":true,"href":"https:\/\/miamedic.lt\/en\/wp-json\/wp\/v2\/product_tag?post=11396"}],"curies":[{"name":"wp","href":"https:\/\/api.w.org\/{rel}","templated":true}]}}