{"id":11388,"date":"2025-09-25T12:53:02","date_gmt":"2025-09-25T12:53:02","guid":{"rendered":"https:\/\/miamedic.lt\/?post_type=product&#038;p=11388"},"modified":"2025-11-28T08:13:36","modified_gmt":"2025-11-28T08:13:36","slug":"intensyvus-veido-kremas","status":"publish","type":"product","link":"https:\/\/miamedic.lt\/en\/shop\/intensyvus-veido-kremas\/","title":{"rendered":"Intensyvus Veido Kremas"},"content":{"rendered":"<p><strong>Wiqo Dr\u0117kinamasis<\/strong> veido kremas<\/p>\n<p>WiQO veido kremas gali puikiai pridr\u0117kinti ir pamatinti od\u0105, sulyginti odos ton\u0105 ir tekst\u016br\u0105. Normalios\/sausos odos veido kremas gali atstatyti odos elastingum\u0105 ir hidrolipidin\u0119 pl\u0117vel\u0119.<\/p>\n<p>Po PRX T33 ar kit\u0173 odos proced\u016br\u0173, naudokite krem\u0105 kaip nam\u0173 prie\u017ei\u016bros priemon\u0119. Tai pad\u0117s suma\u017einti odos jautrum\u0105 ir skatins greitesn\u012f odos atsigavim\u0105.<\/p>\n<p>INGREDIENTU\u0328 SA\u0328RAS\u030cAS:<\/p>\n<p>AQUA (WATER), BUTYROSPERMUM PARKII (SHEA) BUTTER, PROPYLENE GLYCOL, PARAFFINUM LIQUIDUM (MINERAL OIL), GLYCERYL STEARATE SE, HYDROGENATED POLYDECENE, CETYL ALCOHOL, BIS-PEG-18 METHYL ETHER DIMETHYL SILANE, SIMMONDSIA CHINENSIS (JOJOBA) SEED OIL, TRITICUM VULGARE (WHEAT) GERM OIL, VITIS VINIFERA (GRAPE) SEED OIL, ECHINACEA ANGUSTIFOLIA LEAF EXTRACT, BUTYL METHOXYDIBENZOYLMETHANE, OCTOCRYLENE, BENZYL ALCOHOL, PENTAERYTHRITYL TETRA-DI-T-BUTYL HYDROXYHYDROCINNAMATE, TOCOPHERYL ACETATE, RETINYL PALMITATE, HELIANTHUS ANNUUS (SUNFLOWER) SEED OIL, DEHYDROACETIC ACID, SODIUM GLUCONATE, PARFUM (FRAGRANCE), BENZYL SALICYLATE, LINALOOL, LIMONENE, GERANIOL, CITRAL, COUMARIN, CITRONELLOL, HYDROXYCITRONELLAL, CINNAMYL ALCOHOL, HEXYL CINNAMAL, AMYL CINNAMAL.<\/p>\n<p><strong>Usage:<\/strong><\/p>\n<p>Naudokite krem\u0105 ryte ir vakare ant sausos, \u0161varios odos. U\u017etepkite plon\u0105 sluoksn\u012f kremo ir \u0161velniai masa\u017euokite veid\u0105, kol kremas visi\u0161kai susigers. Tai pad\u0117s u\u017etikrinti, kad oda b\u016bt\u0173 tinkamai apsaugota ir dr\u0117kinama vis\u0105 dien\u0105.<\/p>\n<p><strong>Laikymo s\u0105lygos:<\/strong><\/p>\n<p>Laikyti kambario temperatu\u0304roje: 15\u00b0C-25\u00b0C (59\u00b0F-77\u00b0F)<br \/>\nSaugokite nuo tiesioginiu\u0328 saule\u0307s spinduliu\u0328<\/p>","protected":false},"excerpt":{"rendered":"<p>Veido kremas sausai odai<\/p>","protected":false},"featured_media":11389,"comment_status":"open","ping_status":"closed","template":"","meta":[],"product_cat":[129],"product_tag":[],"class_list":{"0":"post-11388","1":"product","2":"type-product","3":"status-publish","4":"has-post-thumbnail","6":"product_cat-veido-kremai","7":"pa_brands-wiqo","8":"pa_talpa-50ml-2","10":"first","11":"instock","12":"taxable","13":"shipping-taxable","14":"purchasable","15":"product-type-simple"},"_links":{"self":[{"href":"https:\/\/miamedic.lt\/en\/wp-json\/wp\/v2\/product\/11388","targetHints":{"allow":["GET"]}}],"collection":[{"href":"https:\/\/miamedic.lt\/en\/wp-json\/wp\/v2\/product"}],"about":[{"href":"https:\/\/miamedic.lt\/en\/wp-json\/wp\/v2\/types\/product"}],"replies":[{"embeddable":true,"href":"https:\/\/miamedic.lt\/en\/wp-json\/wp\/v2\/comments?post=11388"}],"version-history":[{"count":1,"href":"https:\/\/miamedic.lt\/en\/wp-json\/wp\/v2\/product\/11388\/revisions"}],"predecessor-version":[{"id":11390,"href":"https:\/\/miamedic.lt\/en\/wp-json\/wp\/v2\/product\/11388\/revisions\/11390"}],"wp:featuredmedia":[{"embeddable":true,"href":"https:\/\/miamedic.lt\/en\/wp-json\/wp\/v2\/media\/11389"}],"wp:attachment":[{"href":"https:\/\/miamedic.lt\/en\/wp-json\/wp\/v2\/media?parent=11388"}],"wp:term":[{"taxonomy":"product_cat","embeddable":true,"href":"https:\/\/miamedic.lt\/en\/wp-json\/wp\/v2\/product_cat?post=11388"},{"taxonomy":"product_tag","embeddable":true,"href":"https:\/\/miamedic.lt\/en\/wp-json\/wp\/v2\/product_tag?post=11388"}],"curies":[{"name":"wp","href":"https:\/\/api.w.org\/{rel}","templated":true}]}}