{"id":11385,"date":"2025-09-25T12:48:38","date_gmt":"2025-09-25T12:48:38","guid":{"rendered":"https:\/\/miamedic.lt\/?post_type=product&#038;p=11385"},"modified":"2026-01-19T13:59:29","modified_gmt":"2026-01-19T13:59:29","slug":"prx-t33-p-solution-tonikas","status":"publish","type":"product","link":"https:\/\/miamedic.lt\/en\/shop\/prx-t33-p-solution-tonikas\/","title":{"rendered":"PRX T33 P-Solution Tonikas"},"content":{"rendered":"<p><strong>WiQo PRX P-Solution<\/strong> tonikas<\/p>\n<p>WiQo PRX P-Solution \u2013 tai profesionalus tonikas, skirtas \u0161velniam odos valymui ir paruo\u0161imui prie\u0161 PRX-T33 proced\u016bras bei kitas estetin\u0117s medicinos proced\u016bras. Jo sud\u0117tyje esantys kalibruoti r\u016bg\u0161\u010di\u0173 kompleksai gali pad\u0117ti pa\u0161alinti negyvas odos l\u0105steles, subalansuoti odos pH ir pagerinti v\u0117liau taikom\u0173 produkt\u0173 \u012fsiskverbim\u0105.\u200b<\/p>\n<p><strong>Usage:<\/strong><\/p>\n<p>Tepkite ant \u0161varios, sausos odos prie\u0161 PRX-T33 ar kitas proced\u016bras, naudodami vatos diskel\u012f ar marl\u0117s kompres\u0105. Nereikia nuplauti.\u200b<\/p>\n<p><strong>INGREDIENT\u0172 S\u0104RA\u0160AS:<\/strong><\/p>\n<p>Aqua (Water), Glycolic Acid, Sodium Hydroxide, Lactic Acid, Lactobionic Acid, Citric Acid, Phytic Acid, Polysorbate 20, Benzyl Alcohol, Dehydroacetic Acid.\u200b<\/p>\n<p><strong>Laikymo s\u0105lygos:<\/strong><\/p>\n<p>Laikyti kambario temperatu\u0304roje: 15\u00b0C-25\u00b0C (59\u00b0F-77\u00b0F)<br \/>\nSaugokite nuo tiesioginiu\u0328 saule\u0307s spinduliu\u0328<\/p>","protected":false},"excerpt":{"rendered":"<p>Profesionalus tonikas, skirtas \u0161velniam odos valymui<\/p>","protected":false},"featured_media":11386,"comment_status":"open","ping_status":"closed","template":"","meta":[],"product_cat":[105],"product_tag":[],"class_list":{"0":"post-11385","1":"product","2":"type-product","3":"status-publish","4":"has-post-thumbnail","6":"product_cat-tonikai","7":"pa_brands-wiqo","8":"pa_talpa-300ml","10":"first","11":"instock","12":"taxable","13":"shipping-taxable","14":"purchasable","15":"product-type-simple"},"_links":{"self":[{"href":"https:\/\/miamedic.lt\/en\/wp-json\/wp\/v2\/product\/11385","targetHints":{"allow":["GET"]}}],"collection":[{"href":"https:\/\/miamedic.lt\/en\/wp-json\/wp\/v2\/product"}],"about":[{"href":"https:\/\/miamedic.lt\/en\/wp-json\/wp\/v2\/types\/product"}],"replies":[{"embeddable":true,"href":"https:\/\/miamedic.lt\/en\/wp-json\/wp\/v2\/comments?post=11385"}],"version-history":[{"count":1,"href":"https:\/\/miamedic.lt\/en\/wp-json\/wp\/v2\/product\/11385\/revisions"}],"predecessor-version":[{"id":11387,"href":"https:\/\/miamedic.lt\/en\/wp-json\/wp\/v2\/product\/11385\/revisions\/11387"}],"wp:featuredmedia":[{"embeddable":true,"href":"https:\/\/miamedic.lt\/en\/wp-json\/wp\/v2\/media\/11386"}],"wp:attachment":[{"href":"https:\/\/miamedic.lt\/en\/wp-json\/wp\/v2\/media?parent=11385"}],"wp:term":[{"taxonomy":"product_cat","embeddable":true,"href":"https:\/\/miamedic.lt\/en\/wp-json\/wp\/v2\/product_cat?post=11385"},{"taxonomy":"product_tag","embeddable":true,"href":"https:\/\/miamedic.lt\/en\/wp-json\/wp\/v2\/product_tag?post=11385"}],"curies":[{"name":"wp","href":"https:\/\/api.w.org\/{rel}","templated":true}]}}