{"id":11382,"date":"2025-09-25T12:45:29","date_gmt":"2025-09-25T12:45:29","guid":{"rendered":"https:\/\/miamedic.lt\/?post_type=product&#038;p=11382"},"modified":"2025-11-28T08:12:30","modified_gmt":"2025-11-28T08:12:30","slug":"restructuring-vitamin-cream","status":"publish","type":"product","link":"https:\/\/miamedic.lt\/en\/shop\/restructuring-vitamin-cream\/","title":{"rendered":"Restructuring Vitamin Cream"},"content":{"rendered":"<p><strong>WiQo Restrukt\u016brizuojantis Kremas<\/strong> su Vitaminu C ir Retinoatu<\/p>\n<p>Tai pa\u017eangi nam\u0173 prie\u017ei\u016bros priemon\u0117, kuri gali lyginti odos reljef\u0105, gerinti odos tekst\u016br\u0105. Sud\u0117tyje esantis hidroksipinakolono retinoatas (naujos kartos retinoidas) tiesiogiai gali paveikti odos receptorius, skatindamas l\u0105steli\u0173 atsinaujinim\u0105 ir kolageno bei elastino sintez\u0119, tuo pa\u010diu suma\u017eindamas sudirginimo rizik\u0105, da\u017enai pasitaikan\u010di\u0105 naudojant tradicin\u012f retinol\u012f.<br \/>\nVitaminas C (18,8 % koncentracija) gali u\u017etikrinti antioksidacin\u012f poveik\u012f ir apsaug\u0105 nuo oksidacijos. Jis padeda \u0161viesinti od\u0105, lyginti odos ton\u0105 ir suteikia jai spindesio. \u200b<\/p>\n<p><strong>Pagrindin\u0117s savyb\u0117s:<\/strong><br \/>\nPagerina odos tekst\u016br\u0105<br \/>\n\u0160viesina od\u0105 ir suteikia jai spindesio<br \/>\nMa\u017eina por\u0173 matomum\u0105<br \/>\nStiprina odos barjer\u0105 ir dr\u0117kina<br \/>\nTinka vis\u0173 tip\u0173 odai, ypa\u010d brand\u017eiai<\/p>\n<p><strong>Usage:<\/strong><\/p>\n<p>Tepkite vien\u0105 kart\u0105 per dien\u0105 ant \u0161varios veido, kaklo, dekolt\u0117 ir rank\u0173 odos. Rekomenduojama naudoti 3 m\u0117nesius, po to padaryti 3 m\u0117nesi\u0173 pertrauk\u0105 ir v\u0117l kartoti cikl\u0105. \u200b<\/p>\n<p><strong>INGREDIENT\u0172 S\u0104RA\u0160AS:<\/strong><\/p>\n<p>Dimethicone, Polysilicone-11, Ascorbic Acid, Dimethyl Isosorbide, Squalane, Hydroxypinacolone Retinoate, Silica Dimethicone Silylate, Tocopheryl Acetate, Ubiquinone.<\/p>\n<p><strong>Laikymo s\u0105lygos:<\/strong><\/p>\n<p>Laikyti kambario temperatu\u0304roje: 15\u00b0C-25\u00b0C (59\u00b0F-77\u00b0F)<br \/>\nSaugokite nuo tiesioginiu\u0328 saule\u0307s spinduliu\u0328<\/p>","protected":false},"excerpt":{"rendered":"<p>Restrukt\u016brizuojantis kremas su vitaminu C ir retinoatu<\/p>","protected":false},"featured_media":11383,"comment_status":"open","ping_status":"closed","template":"","meta":[],"product_cat":[129],"product_tag":[],"class_list":{"0":"post-11382","1":"product","2":"type-product","3":"status-publish","4":"has-post-thumbnail","6":"product_cat-veido-kremai","7":"pa_brands-wiqo","8":"pa_talpa-30ml-2","10":"first","11":"instock","12":"taxable","13":"shipping-taxable","14":"purchasable","15":"product-type-simple"},"_links":{"self":[{"href":"https:\/\/miamedic.lt\/en\/wp-json\/wp\/v2\/product\/11382","targetHints":{"allow":["GET"]}}],"collection":[{"href":"https:\/\/miamedic.lt\/en\/wp-json\/wp\/v2\/product"}],"about":[{"href":"https:\/\/miamedic.lt\/en\/wp-json\/wp\/v2\/types\/product"}],"replies":[{"embeddable":true,"href":"https:\/\/miamedic.lt\/en\/wp-json\/wp\/v2\/comments?post=11382"}],"version-history":[{"count":1,"href":"https:\/\/miamedic.lt\/en\/wp-json\/wp\/v2\/product\/11382\/revisions"}],"predecessor-version":[{"id":11384,"href":"https:\/\/miamedic.lt\/en\/wp-json\/wp\/v2\/product\/11382\/revisions\/11384"}],"wp:featuredmedia":[{"embeddable":true,"href":"https:\/\/miamedic.lt\/en\/wp-json\/wp\/v2\/media\/11383"}],"wp:attachment":[{"href":"https:\/\/miamedic.lt\/en\/wp-json\/wp\/v2\/media?parent=11382"}],"wp:term":[{"taxonomy":"product_cat","embeddable":true,"href":"https:\/\/miamedic.lt\/en\/wp-json\/wp\/v2\/product_cat?post=11382"},{"taxonomy":"product_tag","embeddable":true,"href":"https:\/\/miamedic.lt\/en\/wp-json\/wp\/v2\/product_tag?post=11382"}],"curies":[{"name":"wp","href":"https:\/\/api.w.org\/{rel}","templated":true}]}}