{"id":11379,"date":"2025-09-25T11:38:35","date_gmt":"2025-09-25T11:38:35","guid":{"rendered":"https:\/\/miamedic.lt\/?post_type=product&#038;p=11379"},"modified":"2025-11-28T08:12:38","modified_gmt":"2025-11-28T08:12:38","slug":"balancing-kremas","status":"publish","type":"product","link":"https:\/\/miamedic.lt\/en\/shop\/balancing-kremas\/","title":{"rendered":"BALANCING Kremas"},"content":{"rendered":"<p><strong>WiQo Balancing<\/strong> kremas \u012f spuogus linkusiai odai<\/p>\n<p>WiQo Balancing kremas \u2013 tai pa\u017eangi priemon\u0117, sukurta riebiai, mi\u0161riai ir \u012f spuogus linkusiai odai. Jo inovatyvi formul\u0117 su mikronizuota azelaino r\u016bg\u0161timi ir inkapsuliuota salicilo r\u016bg\u0161timi gali pad\u0117ti reguliuoti sebumo i\u0161siskyrim\u0105, gerinti odos tekst\u016br\u0105, ma\u017einti u\u017edegim\u0105.<\/p>\n<p><strong>Usage:<\/strong><\/p>\n<p>Tepkite ant \u0161varios veido odos 1\u20132 kartus per dien\u0105. Rekomenduojama naudoti bent 50 dien\u0173.<\/p>\n<p><strong>INGREDIENT\u0172 S\u0104RA\u0160AS:<\/strong><\/p>\n<p>Aqua, Azelaic Acid, Glycerin, Ethoxydiglycol, Azelamidopropyl Dimethyl Amine, Polyglyceryl-2 Stearate, Salicylic Acid, Propanediol, Glyceryl Stearate, Stearyl Alcohol, Stearyl Linoleate, Butylene Glycol, Caprylic\/Capric Triglyceride, Pseudozyma Epicola\/Camellia Japonica Seed Oil Ferment Extract Filtrate, Sodium Acrylate\/Sodium Acryloyldimethyl Taurate Copolymer, Dimethicone, Phenoxyethanol, Dextrin, Bifida Ferment Lysate, Octyldodecanol, Stearyl Stearate, Bacillus\/Folic Acid Ferment Filtrate Extract, Sodium Gluconate, Polydextrose, Amylopectin, Niacinamide, Octyldodecyl Oleate, Phytosphingosine, Trideceth-6, PEG\/PPG-18\/18 Dimethicone, Polyhydroxystearic Acid, Ethylhexylglycerin, Tocopherol, Octyldodecyl Stearoyl Stearate, Sodium Hyaluronate, 1,2-Hexanediol, Helianthus Annuus Seed Oil, Potassium Sorbate, Xanthan Gum.\u200b<\/p>\n<p><strong>Laikymo s\u0105lygos:<\/strong><\/p>\n<p>Laikyti kambario temperatu\u0304roje: 15\u00b0C-25\u00b0C (59\u00b0F-77\u00b0F)<br \/>\nSaugokite nuo tiesioginiu\u0328 saule\u0307s spinduliu\u0328<\/p>","protected":false},"excerpt":{"rendered":"<p>Kremas \u012f spuogus linkusiai odai<\/p>","protected":false},"featured_media":11380,"comment_status":"open","ping_status":"closed","template":"","meta":[],"product_cat":[129],"product_tag":[],"class_list":{"0":"post-11379","1":"product","2":"type-product","3":"status-publish","4":"has-post-thumbnail","6":"product_cat-veido-kremai","7":"pa_brands-wiqo","8":"pa_talpa-30ml-2","10":"first","11":"instock","12":"taxable","13":"shipping-taxable","14":"purchasable","15":"product-type-simple"},"_links":{"self":[{"href":"https:\/\/miamedic.lt\/en\/wp-json\/wp\/v2\/product\/11379","targetHints":{"allow":["GET"]}}],"collection":[{"href":"https:\/\/miamedic.lt\/en\/wp-json\/wp\/v2\/product"}],"about":[{"href":"https:\/\/miamedic.lt\/en\/wp-json\/wp\/v2\/types\/product"}],"replies":[{"embeddable":true,"href":"https:\/\/miamedic.lt\/en\/wp-json\/wp\/v2\/comments?post=11379"}],"version-history":[{"count":1,"href":"https:\/\/miamedic.lt\/en\/wp-json\/wp\/v2\/product\/11379\/revisions"}],"predecessor-version":[{"id":11381,"href":"https:\/\/miamedic.lt\/en\/wp-json\/wp\/v2\/product\/11379\/revisions\/11381"}],"wp:featuredmedia":[{"embeddable":true,"href":"https:\/\/miamedic.lt\/en\/wp-json\/wp\/v2\/media\/11380"}],"wp:attachment":[{"href":"https:\/\/miamedic.lt\/en\/wp-json\/wp\/v2\/media?parent=11379"}],"wp:term":[{"taxonomy":"product_cat","embeddable":true,"href":"https:\/\/miamedic.lt\/en\/wp-json\/wp\/v2\/product_cat?post=11379"},{"taxonomy":"product_tag","embeddable":true,"href":"https:\/\/miamedic.lt\/en\/wp-json\/wp\/v2\/product_tag?post=11379"}],"curies":[{"name":"wp","href":"https:\/\/api.w.org\/{rel}","templated":true}]}}