{"id":11375,"date":"2025-09-25T11:32:19","date_gmt":"2025-09-25T11:32:19","guid":{"rendered":"https:\/\/miamedic.lt\/?post_type=product&#038;p=11375"},"modified":"2025-11-28T08:12:45","modified_gmt":"2025-11-28T08:12:45","slug":"fluido-levigante","status":"publish","type":"product","link":"https:\/\/miamedic.lt\/en\/shop\/fluido-levigante\/","title":{"rendered":"Smoothing Fluid"},"content":{"rendered":"<p><strong>WiQo Fluido Levigante<\/strong> \u2013 naktinis serumas<\/p>\n<p>Priemon\u0117, kuri skirta odos regenereacijai po proced\u016br\u0173 kosmetologijos kabinete ir dr\u0117kinimui. Tinka vis\u0173 tip\u0173 odai<br \/>\n\u0160is produktas, kuriame yra 8% glikolio r\u016bg\u0161ties, gali suma\u017einti odos pH, skatinant odos l\u0105steles atstatyti normali\u0105 pH pusiausvyr\u0105 ir aktyvuojant nat\u016bralius odos stimuliacijos procesus. Glikolio r\u016bg\u0161tis, i\u0161gauta i\u0161 cukranendri\u0173, yra efektyvi alfa-hidroksi r\u016bg\u0161tis (AHA), kuri gali pad\u0117ti dr\u0117kinti od\u0105 ir skatinti l\u0105steli\u0173 regeneracij\u0105.<\/p>\n<p><strong>Usage:<\/strong><br \/>\nSerumas naudojamas kiekvien\u0105 vakar\u0105. Tai puikiai tinka kaip odos prie\u017ei\u016bros dalis po PRX-T33 proced\u016bros, pradedant naudoti kit\u0105 dien\u0105 po \u0161ios terapijos.<br \/>\nTinka vis\u0173 tip\u0173 odai<\/p>\n<p><strong>INGREDIENTU\u0328 SA\u0328RAS\u030cAS:<\/strong><\/p>\n<p>WATER, GLYCOLIC ACID, CYCLOPENTASILOXANE, STEARETH-2, PEG-8 DISTEARATE, GLYCERIN, STEARETH-21, TOCOPHERYL ACETATE, CETEARYL ALCOHOL, LECITHIN,TOCOPHEROL, ASCORBYL PALMITATE, CITRIC ACID, PHYTIC ACID, DIMETHICONOL, SODIUM HYDROXIDE, BENZYL ALCOHOL, DEHYDROACETIC ACID, PARFUM (FRAGRANCE), LINALOOL, CITRONELLOL, HYDROXYISOHEXYL 3-CYCLOHEXENE CARBOXALDEHYDE, HYDROXYCITRONELLAL, HEXIL CINNAMAL<\/p>\n<p><strong>Laikymo s\u0105lygos:<\/strong><\/p>\n<p>Laikyti kambario temperatu\u0304roje: 15\u00b0C-25\u00b0C (59\u00b0F-77\u00b0F)<br \/>\nSaugokite nuo tiesioginiu\u0328 saule\u0307s spinduliu\u0328<\/p>","protected":false},"excerpt":{"rendered":"<p class=\"product_title entry-title wd-entities-title\">Veido serumas su glikolio r\u016bg\u0161timi<\/p>","protected":false},"featured_media":11376,"comment_status":"open","ping_status":"closed","template":"","meta":[],"product_cat":[107],"product_tag":[],"class_list":{"0":"post-11375","1":"product","2":"type-product","3":"status-publish","4":"has-post-thumbnail","6":"product_cat-serumai","7":"pa_brands-wiqo","8":"pa_talpa-30ml-2","10":"first","11":"instock","12":"taxable","13":"shipping-taxable","14":"purchasable","15":"product-type-simple"},"_links":{"self":[{"href":"https:\/\/miamedic.lt\/en\/wp-json\/wp\/v2\/product\/11375","targetHints":{"allow":["GET"]}}],"collection":[{"href":"https:\/\/miamedic.lt\/en\/wp-json\/wp\/v2\/product"}],"about":[{"href":"https:\/\/miamedic.lt\/en\/wp-json\/wp\/v2\/types\/product"}],"replies":[{"embeddable":true,"href":"https:\/\/miamedic.lt\/en\/wp-json\/wp\/v2\/comments?post=11375"}],"version-history":[{"count":2,"href":"https:\/\/miamedic.lt\/en\/wp-json\/wp\/v2\/product\/11375\/revisions"}],"predecessor-version":[{"id":11378,"href":"https:\/\/miamedic.lt\/en\/wp-json\/wp\/v2\/product\/11375\/revisions\/11378"}],"wp:featuredmedia":[{"embeddable":true,"href":"https:\/\/miamedic.lt\/en\/wp-json\/wp\/v2\/media\/11376"}],"wp:attachment":[{"href":"https:\/\/miamedic.lt\/en\/wp-json\/wp\/v2\/media?parent=11375"}],"wp:term":[{"taxonomy":"product_cat","embeddable":true,"href":"https:\/\/miamedic.lt\/en\/wp-json\/wp\/v2\/product_cat?post=11375"},{"taxonomy":"product_tag","embeddable":true,"href":"https:\/\/miamedic.lt\/en\/wp-json\/wp\/v2\/product_tag?post=11375"}],"curies":[{"name":"wp","href":"https:\/\/api.w.org\/{rel}","templated":true}]}}