{"id":11372,"date":"2025-09-25T11:26:42","date_gmt":"2025-09-25T11:26:42","guid":{"rendered":"https:\/\/miamedic.lt\/?post_type=product&#038;p=11372"},"modified":"2025-11-28T08:12:53","modified_gmt":"2025-11-28T08:12:53","slug":"prx-therapy-kit","status":"publish","type":"product","link":"https:\/\/miamedic.lt\/en\/shop\/prx-therapy-kit\/","title":{"rendered":"PRX-Therapy Kit"},"content":{"rendered":"<p><strong>WiQo PRX-Therapy Kit<\/strong> \u2013 tai rinkinys, skirtas naudoti namuose po estetini\u0173 proced\u016br\u0173, pavyzd\u017eiui, PRX-T33, siekiant i\u0161laikyti jaunatvi\u0161kos ir sveikesn\u0117s odos savybes.<br \/>\n<strong>Pakuot\u0119 sudaro:<\/strong><br \/>\n1 x WiQo maitinamasis ir dr\u0117kinamasis veido kremas sausai odai 50 ml<br \/>\n1 x WiQo naktinis serumas Fluido Levigante 30ml<\/p>\n<p><strong>Usage:<\/strong><\/p>\n<p>Po estetin\u0117s proced\u016bros naudokite WiQo maitinam\u0105j\u012f ir dr\u0117kinam\u0105j\u012f krem\u0105 sausai odai, kad sudr\u0117kintum\u0117te ir apsaugotum\u0117te od\u0105, o oda b\u016bt\u0173 atkurta. Kit\u0105 dien\u0105 po estetin\u0117s proced\u016bros u\u017ebaigkite estetin\u0119 proced\u016br\u0105 naudodami \u201eWiQo Smoothing Face Fluid\u201d, kad subalansuotum\u0117te odos pH ir i\u0161laikytum\u0117te estetin\u0117s proced\u016bros rezultatus.<\/p>\n<p><strong>Laikymo s\u0105lygos:<\/strong><\/p>\n<p>Laikyti kambario temperatu\u0304roje: 15\u00b0C-25\u00b0C (59\u00b0F-77\u00b0F)<br \/>\nSaugokite nuo tiesioginiu\u0328 saule\u0307s spinduliu\u0328<\/p>","protected":false},"excerpt":{"rendered":"<p>Kremo ir serumo rinkinys<\/p>","protected":false},"featured_media":11373,"comment_status":"open","ping_status":"closed","template":"","meta":[],"product_cat":[188],"product_tag":[],"class_list":{"0":"post-11372","1":"product","2":"type-product","3":"status-publish","4":"has-post-thumbnail","6":"product_cat-rinkiniai","7":"pa_brands-wiqo","9":"first","10":"instock","11":"taxable","12":"shipping-taxable","13":"purchasable","14":"product-type-simple"},"_links":{"self":[{"href":"https:\/\/miamedic.lt\/en\/wp-json\/wp\/v2\/product\/11372","targetHints":{"allow":["GET"]}}],"collection":[{"href":"https:\/\/miamedic.lt\/en\/wp-json\/wp\/v2\/product"}],"about":[{"href":"https:\/\/miamedic.lt\/en\/wp-json\/wp\/v2\/types\/product"}],"replies":[{"embeddable":true,"href":"https:\/\/miamedic.lt\/en\/wp-json\/wp\/v2\/comments?post=11372"}],"version-history":[{"count":1,"href":"https:\/\/miamedic.lt\/en\/wp-json\/wp\/v2\/product\/11372\/revisions"}],"predecessor-version":[{"id":11374,"href":"https:\/\/miamedic.lt\/en\/wp-json\/wp\/v2\/product\/11372\/revisions\/11374"}],"wp:featuredmedia":[{"embeddable":true,"href":"https:\/\/miamedic.lt\/en\/wp-json\/wp\/v2\/media\/11373"}],"wp:attachment":[{"href":"https:\/\/miamedic.lt\/en\/wp-json\/wp\/v2\/media?parent=11372"}],"wp:term":[{"taxonomy":"product_cat","embeddable":true,"href":"https:\/\/miamedic.lt\/en\/wp-json\/wp\/v2\/product_cat?post=11372"},{"taxonomy":"product_tag","embeddable":true,"href":"https:\/\/miamedic.lt\/en\/wp-json\/wp\/v2\/product_tag?post=11372"}],"curies":[{"name":"wp","href":"https:\/\/api.w.org\/{rel}","templated":true}]}}