{"id":11358,"date":"2025-09-23T14:34:13","date_gmt":"2025-09-23T14:34:13","guid":{"rendered":"https:\/\/miamedic.lt\/?post_type=product&#038;p=11358"},"modified":"2025-12-01T00:28:37","modified_gmt":"2025-12-01T00:28:37","slug":"fotoprotector-spf50-hydrating-cream","status":"publish","type":"product","link":"https:\/\/miamedic.lt\/en\/shop\/fotoprotector-spf50-hydrating-cream\/","title":{"rendered":"FOTOPROTECTOR SPF50 HYDRATING CREAM"},"content":{"rendered":"<p><strong>RETIX.C FOTOPROTECTOR SPF 50 HYDRATING CREAM, 50 ml<\/strong><\/p>\n<p><strong>Dr\u0117kinantis veido kremas su 4 tip\u0173 hialurono r\u016bg\u0161timi ir plataus spektro SPF filtrais pritaikytas normaliai, mi\u0161riai ir dehidratuotai, \u012f pigmentacij\u0105 linkusiai, fotosen\u0117jimo po\u017eymi\u0173 turin\u010diai odai. Tinka kasdien naudoti veidui, kaklui, dekolt\u0117 sri\u010diai. Galima naudoti po ma\u017eai invazini\u0173 estetini\u0173 proced\u016br\u0173.\u00a0<\/strong><strong>Lengva, greitai \u012fsigerianti tekst\u016bra.\u00a0<\/strong><\/p>\n<p><strong>FORMUL\u0116<\/strong><\/p>\n<p>Plataus spektro\u00a0<strong>SPF filtr\u0173 kompleksas<\/strong>\u00a0saugo od\u0105 nuo saul\u0117s spinduliuot\u0117s \u017ealos odai. HYAL COMPLEX 4.0 dr\u0117kinamasis kompleksas i\u0161\u00a0<strong>4 tip\u0173 hialurono r\u016bg\u0161ties<\/strong>\u00a0intensyviai dr\u0117kina ir yra pritaikytas sausai, elastingumo stokojan\u010diai odai.\u00a0<strong>Niacinamidas<\/strong>\u00a0papildomai dr\u0117kina ir suteikia komforto sudirgusiai odai.<\/p>\n<p><strong>NAUDOJIMAS<\/strong><\/p>\n<p>Reguliariai teptis prie\u0161 buvim\u0105 saul\u0117je. Tinka naudoti kaip makia\u017eo pagrind\u0105.<\/p>\n<p>\u0160i priemon\u0117 neskatina ilgiau b\u016bti saul\u0117je. Nei viena kosmetikos priemon\u0117 nesuteikia 100 % apsaugos.<\/p>\n<p>Kosmetikos priemon\u0117<\/p>","protected":false},"excerpt":{"rendered":"<p>Dr\u0117kinantis veido kremas su hialurono r\u016bg\u0161timi ir SPF filtrais<\/p>","protected":false},"featured_media":11359,"comment_status":"open","ping_status":"closed","template":"","meta":[],"product_cat":[153],"product_tag":[],"class_list":{"0":"post-11358","1":"product","2":"type-product","3":"status-publish","4":"has-post-thumbnail","6":"product_cat-spf-veido-prieziura","7":"pa_brands-retix-c-2","8":"pa_talpa-50ml-2","10":"first","11":"instock","12":"taxable","13":"shipping-taxable","14":"purchasable","15":"product-type-simple"},"_links":{"self":[{"href":"https:\/\/miamedic.lt\/en\/wp-json\/wp\/v2\/product\/11358","targetHints":{"allow":["GET"]}}],"collection":[{"href":"https:\/\/miamedic.lt\/en\/wp-json\/wp\/v2\/product"}],"about":[{"href":"https:\/\/miamedic.lt\/en\/wp-json\/wp\/v2\/types\/product"}],"replies":[{"embeddable":true,"href":"https:\/\/miamedic.lt\/en\/wp-json\/wp\/v2\/comments?post=11358"}],"version-history":[{"count":1,"href":"https:\/\/miamedic.lt\/en\/wp-json\/wp\/v2\/product\/11358\/revisions"}],"predecessor-version":[{"id":11360,"href":"https:\/\/miamedic.lt\/en\/wp-json\/wp\/v2\/product\/11358\/revisions\/11360"}],"wp:featuredmedia":[{"embeddable":true,"href":"https:\/\/miamedic.lt\/en\/wp-json\/wp\/v2\/media\/11359"}],"wp:attachment":[{"href":"https:\/\/miamedic.lt\/en\/wp-json\/wp\/v2\/media?parent=11358"}],"wp:term":[{"taxonomy":"product_cat","embeddable":true,"href":"https:\/\/miamedic.lt\/en\/wp-json\/wp\/v2\/product_cat?post=11358"},{"taxonomy":"product_tag","embeddable":true,"href":"https:\/\/miamedic.lt\/en\/wp-json\/wp\/v2\/product_tag?post=11358"}],"curies":[{"name":"wp","href":"https:\/\/api.w.org\/{rel}","templated":true}]}}