{"id":11355,"date":"2025-09-23T14:27:29","date_gmt":"2025-09-23T14:27:29","guid":{"rendered":"https:\/\/miamedic.lt\/?post_type=product&#038;p=11355"},"modified":"2026-02-02T17:18:35","modified_gmt":"2026-02-02T17:18:35","slug":"eye-nano-mask-5-vnt","status":"publish","type":"product","link":"https:\/\/miamedic.lt\/en\/shop\/eye-nano-mask-5-vnt\/","title":{"rendered":"EYE+ NANO MASK, 5 vnt."},"content":{"rendered":"<p><b>RETIX.C EYE+ NANO MASK, 5 vnt<\/b><b><\/b><\/p>\n<p>&nbsp;<\/p>\n<p><b>Bioceliuliozin\u0117 paaki\u0173 kauk\u0117 su liposominiu kompleksu, skirta jautriai, po estetini\u0173 proced\u016br\u0173 sudirgusiai, paraudusiai ar stangrum\u0105 praradusiai odai. Sukurta naudojant inovatyvi\u0105 nano plau\u0161eli\u0173 technologij\u0105, kuri sustiprina veikli\u0173j\u0173 med\u017eiag\u0173 pasiskirstymo efektyvum\u0105 ir suteikia \u201eantros odos\u201c efekt\u0105. Veikimo laikas \u2013 15-20 min.\u00a0<\/b><\/p>\n<p><b>Formul\u0117<\/b><b><br \/>\n<\/b><b>Liposominis kompleksas su mieli\u0173 ekstraktu <\/b><span style=\"font-weight: 400;\">efektyviai dr\u0117kina ir tinka pavargusiai, tonuso stokojan\u010diai paaki\u0173 odai. Lazdyn\u0173 lap\u0173 ekstraktas pritaikytas paraudusiai, sudirgusios odos prie\u017ei\u016brai, tod\u0117l padeda atkurti komfort\u0105 po estetini\u0173 proced\u016br\u0173. Polisacharidai odos pavir\u0161iuje sukuria apsaugin\u012f sluoksn\u012f, kuris padeda i\u0161laikyti dr\u0117gm\u0119, suteikia \u0161velnios odos poj\u016bt\u012f.\u00a0<\/span><\/p>\n<p><b>Rekomendacija<\/b><b><br \/>\n<\/b><span style=\"font-weight: 400;\">Tinka naudoti po RETIX.C EYE+ proced\u016bros arba intensyviai aki\u0173 zonos prie\u017ei\u016brai namuose.<\/span><\/p>\n<p><b>Naudojimas<\/b><b><br \/>\n<\/b><span style=\"font-weight: 400;\">U\u017ed\u0117ti kauk\u0119 ant \u0161varios odos aplink akis. Palaikyti ~15\u201320 min. Serumo likut\u012f \u0161velniai \u012fmasa\u017euoti.<\/span><\/p>\n<p><b>Persp\u0117jimai<\/b><b><br \/>\n<\/b><span style=\"font-weight: 400;\">Tik i\u0161oriniam naudojimui. Vengti serumo patekimo \u012f akis. Laikyti v\u0117sioje, sausoje vietoje.<\/span><\/p>\n<p><b>Kosmetikos priemon\u0117<\/b><\/p>","protected":false},"excerpt":{"rendered":"<p>Bioceliuliozin\u0117 paaki\u0173 kauk\u0117 jautriai, sudirgusiai, paraudusiai odai<\/p>","protected":false},"featured_media":11356,"comment_status":"open","ping_status":"closed","template":"","meta":[],"product_cat":[83,420],"product_tag":[],"class_list":{"0":"post-11355","1":"product","2":"type-product","3":"status-publish","4":"has-post-thumbnail","6":"product_cat-paakiu-kremai","7":"product_cat-veido-kaukes","8":"pa_brands-retix-c-2","9":"pa_talpa-5-vnt","11":"first","12":"instock","13":"taxable","14":"shipping-taxable","15":"purchasable","16":"product-type-simple"},"_links":{"self":[{"href":"https:\/\/miamedic.lt\/en\/wp-json\/wp\/v2\/product\/11355","targetHints":{"allow":["GET"]}}],"collection":[{"href":"https:\/\/miamedic.lt\/en\/wp-json\/wp\/v2\/product"}],"about":[{"href":"https:\/\/miamedic.lt\/en\/wp-json\/wp\/v2\/types\/product"}],"replies":[{"embeddable":true,"href":"https:\/\/miamedic.lt\/en\/wp-json\/wp\/v2\/comments?post=11355"}],"version-history":[{"count":2,"href":"https:\/\/miamedic.lt\/en\/wp-json\/wp\/v2\/product\/11355\/revisions"}],"predecessor-version":[{"id":12281,"href":"https:\/\/miamedic.lt\/en\/wp-json\/wp\/v2\/product\/11355\/revisions\/12281"}],"wp:featuredmedia":[{"embeddable":true,"href":"https:\/\/miamedic.lt\/en\/wp-json\/wp\/v2\/media\/11356"}],"wp:attachment":[{"href":"https:\/\/miamedic.lt\/en\/wp-json\/wp\/v2\/media?parent=11355"}],"wp:term":[{"taxonomy":"product_cat","embeddable":true,"href":"https:\/\/miamedic.lt\/en\/wp-json\/wp\/v2\/product_cat?post=11355"},{"taxonomy":"product_tag","embeddable":true,"href":"https:\/\/miamedic.lt\/en\/wp-json\/wp\/v2\/product_tag?post=11355"}],"curies":[{"name":"wp","href":"https:\/\/api.w.org\/{rel}","templated":true}]}}