{"id":11349,"date":"2025-09-23T14:20:16","date_gmt":"2025-09-23T14:20:16","guid":{"rendered":"https:\/\/miamedic.lt\/?post_type=product&#038;p=11349"},"modified":"2026-02-02T17:18:45","modified_gmt":"2026-02-02T17:18:45","slug":"ultra-repair-nano-mask-8-vnt","status":"publish","type":"product","link":"https:\/\/miamedic.lt\/en\/shop\/ultra-repair-nano-mask-8-vnt\/","title":{"rendered":"ULTRA REPAIR NANO-MASK, 8 vnt."},"content":{"rendered":"<p><b>RETIX.C ULTRA REPAIR NANO-MASK, 8 vnt.<\/b><b><\/b><\/p>\n<p>&nbsp;<\/p>\n<p><b>Bioceliuliozin\u0117 veido kauk\u0117, skirta jautriai, po estetini\u0173 proced\u016br\u0173 sudirgusiai, paraudusiai ar stangrum\u0105 praradusiai odai. Sukurta naudojant inovatyvi\u0105 nano plau\u0161eli\u0173 technologij\u0105, kuri sustiprina veikli\u0173j\u0173 med\u017eiag\u0173 pasiskirstymo efektyvum\u0105 ir suteikia \u201eantros odos\u201c efekt\u0105. Veikimo laikas \u2013 20 min.\u00a0<\/b><\/p>\n<p>&nbsp;<\/p>\n<p><b>Formul\u0117<\/b><b><br \/>\n<\/b><b>\u201eEctoHyal Complex 3.0\u201c<\/b><span style=\"font-weight: 400;\"> \u2013 tai <\/span><b>ektoino<\/b><span style=\"font-weight: 400;\"> ir trij\u0173 skirting\u0173 <\/span><b>hialurono r\u016bg\u0161ties<\/b><span style=\"font-weight: 400;\"> form\u0173 derinys, kuris intensyviai dr\u0117kina, ma\u017eina tempimo poj\u016bt\u012f ir stiprina barjerines odos funkcijas. <\/span><b>Bisabololis<\/b><span style=\"font-weight: 400;\"> parinktas sudirgusios, paraudusios, padid\u0117jusio jautrumo odai. <\/span><b>Bioceliulioz\u0117s strukt\u016bra<\/b><span style=\"font-weight: 400;\"> idealiai prisitaiko prie odos pavir\u0161iaus ir tuo u\u017etikrina tolyg\u0173 med\u017eiag\u0173 pasiskirstym\u0105.<\/span><\/p>\n<p>&nbsp;<\/p>\n<p><b>Rekomendacija<\/b><\/p>\n<p><span style=\"font-weight: 400;\">Tinka naudoti po proced\u016br\u0173, toki\u0173 kaip lazeriai, pilingai, mezoterapija ar retinolio terapija.<\/span><\/p>\n<p>&nbsp;<\/p>\n<p><b>Naudojimas<\/b><b><br \/>\n<\/b><span style=\"font-weight: 400;\">Nuprausti veid\u0105. Naudoti nu\u0117mus melsv\u0105 pl\u0117vel\u0119. Palaikyti ~20 min. Serumo likut\u012f \u012fmasa\u017euoti. Atidarius sunaudoti nedelsiant.<\/span><\/p>\n<p>&nbsp;<\/p>\n<p><b>Persp\u0117jimai<\/b><b><br \/>\n<\/b><span style=\"font-weight: 400;\">Tik i\u0161oriniam naudojimui. Laikyti sausoje, v\u0117sioje vietoje.<\/span><\/p>\n<p>&nbsp;<\/p>\n<p><span style=\"font-weight: 400;\">Kosmetikos priemon\u0117 <\/span><\/p>","protected":false},"excerpt":{"rendered":"<p>Bioceliuliozin\u0117 veido kauk\u0117<\/p>","protected":false},"featured_media":11350,"comment_status":"open","ping_status":"closed","template":"","meta":[],"product_cat":[420],"product_tag":[],"class_list":{"0":"post-11349","1":"product","2":"type-product","3":"status-publish","4":"has-post-thumbnail","6":"product_cat-veido-kaukes","7":"pa_brands-retix-c-2","8":"pa_talpa-8-vnt","10":"first","11":"instock","12":"taxable","13":"shipping-taxable","14":"purchasable","15":"product-type-simple"},"_links":{"self":[{"href":"https:\/\/miamedic.lt\/en\/wp-json\/wp\/v2\/product\/11349","targetHints":{"allow":["GET"]}}],"collection":[{"href":"https:\/\/miamedic.lt\/en\/wp-json\/wp\/v2\/product"}],"about":[{"href":"https:\/\/miamedic.lt\/en\/wp-json\/wp\/v2\/types\/product"}],"replies":[{"embeddable":true,"href":"https:\/\/miamedic.lt\/en\/wp-json\/wp\/v2\/comments?post=11349"}],"version-history":[{"count":2,"href":"https:\/\/miamedic.lt\/en\/wp-json\/wp\/v2\/product\/11349\/revisions"}],"predecessor-version":[{"id":12283,"href":"https:\/\/miamedic.lt\/en\/wp-json\/wp\/v2\/product\/11349\/revisions\/12283"}],"wp:featuredmedia":[{"embeddable":true,"href":"https:\/\/miamedic.lt\/en\/wp-json\/wp\/v2\/media\/11350"}],"wp:attachment":[{"href":"https:\/\/miamedic.lt\/en\/wp-json\/wp\/v2\/media?parent=11349"}],"wp:term":[{"taxonomy":"product_cat","embeddable":true,"href":"https:\/\/miamedic.lt\/en\/wp-json\/wp\/v2\/product_cat?post=11349"},{"taxonomy":"product_tag","embeddable":true,"href":"https:\/\/miamedic.lt\/en\/wp-json\/wp\/v2\/product_tag?post=11349"}],"curies":[{"name":"wp","href":"https:\/\/api.w.org\/{rel}","templated":true}]}}