{"id":11346,"date":"2025-09-23T14:17:28","date_gmt":"2025-09-23T14:17:28","guid":{"rendered":"https:\/\/miamedic.lt\/?post_type=product&#038;p=11346"},"modified":"2025-12-01T00:28:38","modified_gmt":"2025-12-01T00:28:38","slug":"ultra-repair-moisturiser","status":"publish","type":"product","link":"https:\/\/miamedic.lt\/en\/shop\/ultra-repair-moisturiser\/","title":{"rendered":"ULTRA REPAIR MOISTURISER"},"content":{"rendered":"<p><b>RETIX.C ULTRA REPAIR MOISTURISER, 50 ml<\/b><b><\/b><\/p>\n<p>&nbsp;<\/p>\n<p><b>Veido kremas su ektoinu ir gliukonolaktonu, skirtas jautriai, po proced\u016br\u0173 sudirgusiai ar i\u0161saus\u0117jusiai odai. Tinka intensyviai odos su pavir\u0161iniais pa\u017eeidimais prie\u017ei\u016brai ir dr\u0117kinimui, pasirei\u0161kus tempimo poj\u016b\u010diui ir paraudimui.<\/b><\/p>\n<p>&nbsp;<\/p>\n<p><b>Formul\u0117<\/b><b><br \/>\n<\/b><b>\u201eEctoComplex 2.0\u201c<\/b><span style=\"font-weight: 400;\">\u2013 inovatyvus <\/span><b>ektoino<\/b><span style=\"font-weight: 400;\"> ir <\/span><b>makadamijos s\u0117kl\u0173 aliejaus<\/b><span style=\"font-weight: 400;\"> derinys intensyviai dr\u0117kina, stiprina odos barjer\u0105 ir tuo prisideda prie pa\u017eeistos odos prie\u017ei\u016bros. <\/span><b>Gliukonolaktono<\/b><span style=\"font-weight: 400;\"> ir <\/span><b>laktobiono r\u016bg\u0161tis <\/b><span style=\"font-weight: 400;\">parinktos sudirgusios, i\u0161saus\u0117jusios, \u0161iurk\u0161\u010dios odos prie\u017ei\u016brai jos atsistatymo periodu.\u00a0\u00a0<\/span><\/p>\n<p>&nbsp;<\/p>\n<p><b>Rekomendacija<\/b><b><br \/>\n<\/b><span style=\"font-weight: 400;\">Tinka naudoti po estetini\u0173 proced\u016br\u0173, toki\u0173 kaip Retix.C protokolai, pilingai, mikrodermabrazija, lazerin\u0117s proced\u016bros ar mezoterapija.<\/span><\/p>\n<p>&nbsp;<\/p>\n<p><b>Naudojimas<\/b><b><br \/>\n<\/b><span style=\"font-weight: 400;\">Naudoti ryte ir vakare ant \u0161varios veido, kaklo ir dekolt\u0117 odos. Tinka aki\u0173 sri\u010diai. Dien\u0105 papildomai naudoti SPF apsaug\u0105.<\/span><\/p>\n<p>&nbsp;<\/p>\n<p><b>Persp\u0117jimai<\/b><b><br \/>\n<\/b><span style=\"font-weight: 400;\">Laikyti v\u0117sioje, sausoje vietoje. Tik i\u0161oriniam naudojimui.<\/span><\/p>\n<p>&nbsp;<\/p>\n<p><span style=\"font-weight: 400;\">Kosmetikos priemon\u0117 <\/span><\/p>","protected":false},"excerpt":{"rendered":"<p>Veido kremas skirtas jautriai, sudirgusiai ar i\u0161saus\u0117jusiai odai.<\/p>","protected":false},"featured_media":11347,"comment_status":"open","ping_status":"closed","template":"","meta":[],"product_cat":[129],"product_tag":[],"class_list":{"0":"post-11346","1":"product","2":"type-product","3":"status-publish","4":"has-post-thumbnail","6":"product_cat-veido-kremai","7":"pa_brands-retix-c-2","8":"pa_talpa-50ml-2","10":"first","11":"instock","12":"taxable","13":"shipping-taxable","14":"purchasable","15":"product-type-simple"},"_links":{"self":[{"href":"https:\/\/miamedic.lt\/en\/wp-json\/wp\/v2\/product\/11346","targetHints":{"allow":["GET"]}}],"collection":[{"href":"https:\/\/miamedic.lt\/en\/wp-json\/wp\/v2\/product"}],"about":[{"href":"https:\/\/miamedic.lt\/en\/wp-json\/wp\/v2\/types\/product"}],"replies":[{"embeddable":true,"href":"https:\/\/miamedic.lt\/en\/wp-json\/wp\/v2\/comments?post=11346"}],"version-history":[{"count":2,"href":"https:\/\/miamedic.lt\/en\/wp-json\/wp\/v2\/product\/11346\/revisions"}],"predecessor-version":[{"id":12284,"href":"https:\/\/miamedic.lt\/en\/wp-json\/wp\/v2\/product\/11346\/revisions\/12284"}],"wp:featuredmedia":[{"embeddable":true,"href":"https:\/\/miamedic.lt\/en\/wp-json\/wp\/v2\/media\/11347"}],"wp:attachment":[{"href":"https:\/\/miamedic.lt\/en\/wp-json\/wp\/v2\/media?parent=11346"}],"wp:term":[{"taxonomy":"product_cat","embeddable":true,"href":"https:\/\/miamedic.lt\/en\/wp-json\/wp\/v2\/product_cat?post=11346"},{"taxonomy":"product_tag","embeddable":true,"href":"https:\/\/miamedic.lt\/en\/wp-json\/wp\/v2\/product_tag?post=11346"}],"curies":[{"name":"wp","href":"https:\/\/api.w.org\/{rel}","templated":true}]}}