{"id":11343,"date":"2025-09-23T14:12:29","date_gmt":"2025-09-23T14:12:29","guid":{"rendered":"https:\/\/miamedic.lt\/?post_type=product&#038;p=11343"},"modified":"2025-12-01T00:28:38","modified_gmt":"2025-12-01T00:28:38","slug":"tgf-renewal-cream","status":"publish","type":"product","link":"https:\/\/miamedic.lt\/en\/shop\/tgf-renewal-cream\/","title":{"rendered":"TGF RENEWAL CREAM"},"content":{"rendered":"<p><b>RETIX.C TGF RENEWAL CREAM, 48 ml<\/b><b><\/b><\/p>\n<p>&nbsp;<\/p>\n<p><b>Veido kremas pa\u017eeistai odai su TGF-\u03b22 augimo faktoriais, biomimetiniais peptidais ir keramidais, specialiai sukurtas odos prie\u017ei\u016brai po estetin\u0117s medicinos proced\u016br\u0173, nulemian\u010di\u0173 laikinus pavir\u0161inius odos pa\u017eeidimus, diskomfort\u0105, tempimo jausm\u0105.<\/b><\/p>\n<p>&nbsp;<\/p>\n<p><b>Formul\u0117<\/b><b><br \/>\n<\/b><b>TGF-\u03b22 augimo faktoriai ir keramid\u0173 kompleksas<\/b><span style=\"font-weight: 400;\"> maitina, dr\u0117kina ir tuo stiprina odos barjerines funkcijas, tod\u0117l tinka pri\u017ei\u016br\u0117ti saus\u0105 od\u0105, kuriai tr\u016bksta elastingumo, tvirtumo.\u00a0 <\/span><b>Biomimetiniai signaliniai ir transportiniai peptidai<\/b><span style=\"font-weight: 400;\"> pritaikyti pa\u017eeisto odos barjero prie\u017ei\u016brai ir gerina veikli\u0173j\u0173 med\u017eiag\u0173 pasiskirstym\u0105 pavir\u0161iniuose odos sluoksniuose. <\/span><b>Vitaminas C<\/b><span style=\"font-weight: 400;\"> tinka odos prie\u017ei\u016brai, linkusiai \u012f postinflamacin\u0119 pigmentacij\u0105 ir pasi\u017eymi antioksidacin\u0117mis savyb\u0117mis, vertingomis odos su pa\u017eeistu pavir\u0161iumi prie\u017ei\u016broje.<\/span><\/p>\n<p>&nbsp;<\/p>\n<p><b>Rekomendacija<\/b><b><br \/>\n<\/b><span style=\"font-weight: 400;\">Tinka naudoti po retinolio terapijos ar kit\u0173 od\u0105 veikian\u010di\u0173 proced\u016br\u0173, kai reikalingas atstatomasis, dr\u0117kinantis ir raminamasis efektas.<\/span><\/p>\n<p>&nbsp;<\/p>\n<p><b>Naudojimas<\/b><b><br \/>\n<\/b><span style=\"font-weight: 400;\">Naudoti ryte ir (arba) vakare ant \u0161varios veido odos, taip pat po serumo. Vengti aki\u0173 srities.<\/span><\/p>\n<p>&nbsp;<\/p>\n<p><b>Persp\u0117jimai<\/b><b><br \/>\n<\/b><span style=\"font-weight: 400;\">Laikyti v\u0117sioje, nuo tiesiogin\u0117s saul\u0117s apsaugotoje vietoje. Tik i\u0161oriniam naudojimui.<\/span><\/p>\n<p>&nbsp;<\/p>\n<p><span style=\"font-weight: 400;\">Kosmetikos priemon\u0117 <\/span><\/p>","protected":false},"excerpt":{"rendered":"<p>Veido kremas pa\u017eeistai odai su augimo faktoriais<\/p>","protected":false},"featured_media":11344,"comment_status":"open","ping_status":"closed","template":"","meta":[],"product_cat":[129],"product_tag":[],"class_list":{"0":"post-11343","1":"product","2":"type-product","3":"status-publish","4":"has-post-thumbnail","6":"product_cat-veido-kremai","7":"pa_brands-retix-c-2","8":"pa_talpa-48ml","10":"first","11":"instock","12":"taxable","13":"shipping-taxable","14":"purchasable","15":"product-type-simple"},"_links":{"self":[{"href":"https:\/\/miamedic.lt\/en\/wp-json\/wp\/v2\/product\/11343","targetHints":{"allow":["GET"]}}],"collection":[{"href":"https:\/\/miamedic.lt\/en\/wp-json\/wp\/v2\/product"}],"about":[{"href":"https:\/\/miamedic.lt\/en\/wp-json\/wp\/v2\/types\/product"}],"replies":[{"embeddable":true,"href":"https:\/\/miamedic.lt\/en\/wp-json\/wp\/v2\/comments?post=11343"}],"version-history":[{"count":2,"href":"https:\/\/miamedic.lt\/en\/wp-json\/wp\/v2\/product\/11343\/revisions"}],"predecessor-version":[{"id":12285,"href":"https:\/\/miamedic.lt\/en\/wp-json\/wp\/v2\/product\/11343\/revisions\/12285"}],"wp:featuredmedia":[{"embeddable":true,"href":"https:\/\/miamedic.lt\/en\/wp-json\/wp\/v2\/media\/11344"}],"wp:attachment":[{"href":"https:\/\/miamedic.lt\/en\/wp-json\/wp\/v2\/media?parent=11343"}],"wp:term":[{"taxonomy":"product_cat","embeddable":true,"href":"https:\/\/miamedic.lt\/en\/wp-json\/wp\/v2\/product_cat?post=11343"},{"taxonomy":"product_tag","embeddable":true,"href":"https:\/\/miamedic.lt\/en\/wp-json\/wp\/v2\/product_tag?post=11343"}],"curies":[{"name":"wp","href":"https:\/\/api.w.org\/{rel}","templated":true}]}}