{"id":11340,"date":"2025-09-23T14:10:21","date_gmt":"2025-09-23T14:10:21","guid":{"rendered":"https:\/\/miamedic.lt\/?post_type=product&#038;p=11340"},"modified":"2025-12-01T00:28:39","modified_gmt":"2025-12-01T00:28:39","slug":"retinol-intense-perfecting-cream","status":"publish","type":"product","link":"https:\/\/miamedic.lt\/en\/shop\/retinol-intense-perfecting-cream\/","title":{"rendered":"RETINOL INTENSE PERFECTING CREAM"},"content":{"rendered":"<p><b>RETIX.C RETINOL INTENSE PERFECTING CREAM, 50 ml<\/b><b><br \/>\n<\/b><span style=\"font-weight: 400;\">Veido kremas su grynuoju retinoliu ir biomimetiniais TGF-\u03b22 augimo faktoriais sukurtas brand\u017eios odos prie\u017ei\u016brai ir (arba) odos retizinacijai prie\u0161 RETIBOOSTER\u00ae retinolio terapij\u0105. Tinka suglebusiai, pigmentuotai, \u012f akn\u0119 linkusiai odai su ry\u0161k\u0117jan\u010diomis rauk\u0161l\u0117mis.\u00a0<\/span><\/p>\n<p>&nbsp;<\/p>\n<p><b>Formul\u0117<\/b><b><br \/>\n<\/b><b>Inovatyvus gryno retinolio<\/b><span style=\"font-weight: 400;\"> ir <\/span><b>TGF-\u03b22 augimo faktori\u0173 <\/b><span style=\"font-weight: 400;\">derinys sukurtas siekiant stipresnio ir tuo pa\u010diu metu diskomfort\u0105 d\u0117l retinolio ma\u017einan\u010dio poveikio odai. Vienas kit\u0105 papildantis \u0161i\u0173 veikli\u0173j\u0173 med\u017eiag\u0173 poveikis pritaikytas jautriai, prie retinolio nepratusiai odai. <\/span><b>\u201eRetiBalance kompleksas\u201c<\/b><span style=\"font-weight: 400;\"> turtingas lipid\u0173, kurie stiprina odos barjer\u0105, saugo nuo per greito dr\u0117gm\u0117s netekimo (TEWL) ir tuo gerina odos tolerancij\u0105 retinoliui. Stabilizuotas vitaminas C pritaikytas pigmentuotos, d\u0117m\u0117tos, netolygaus atspalvio odos prie\u017ei\u016brai.\u00a0<\/span><\/p>\n<p><span style=\"font-weight: 400;\"><br \/>\n<\/span><b>Rekomendacija<\/b><b><br \/>\n<\/b><span style=\"font-weight: 400;\">Prad\u0117ti naudoti likus 2 savait\u0117ms iki RETIBOOSTER\u00ae proced\u016br\u0173 kurso prad\u017eios.\u00a0<\/span><\/p>\n<p>&nbsp;<\/p>\n<p><b>Naudojimas<\/b><b><br \/>\n<\/b><span style=\"font-weight: 400;\">Naudoti vakare ant \u0161varios odos, kas 3 dienas daryti vienos paros pertrauk\u0105. Dien\u0105 b\u016btina naudoti stipri\u0105 SPF apsaug\u0105.<\/span><\/p>\n<p>&nbsp;<\/p>\n<p><b>Persp\u0117jimai<\/b><b><br \/>\n<\/b><span style=\"font-weight: 400;\">Nenaudoti n\u0117\u0161tumo ir \u017eindymo laikotarpiu. Vengti aki\u0173 srities. Laikyti v\u0117sioje, nuo saul\u0117s apsaugotoje vietoje. Galimas laikinas paraudimas, pleiskanojimas ar dilg\u010diojimas.\u00a0<\/span><\/p>\n<p>&nbsp;<\/p>\n<p><span style=\"font-weight: 400;\">Kosmetikos priemon\u0117 <\/span><\/p>","protected":false},"excerpt":{"rendered":"<p><span style=\"font-weight: 400;\">Veido kremas su grynuoju retinoliu<\/span><\/p>","protected":false},"featured_media":11341,"comment_status":"open","ping_status":"closed","template":"","meta":[],"product_cat":[129],"product_tag":[],"class_list":{"0":"post-11340","1":"product","2":"type-product","3":"status-publish","4":"has-post-thumbnail","6":"product_cat-veido-kremai","7":"pa_brands-retix-c-2","8":"pa_talpa-50ml-2","10":"first","11":"instock","12":"taxable","13":"shipping-taxable","14":"purchasable","15":"product-type-simple"},"_links":{"self":[{"href":"https:\/\/miamedic.lt\/en\/wp-json\/wp\/v2\/product\/11340","targetHints":{"allow":["GET"]}}],"collection":[{"href":"https:\/\/miamedic.lt\/en\/wp-json\/wp\/v2\/product"}],"about":[{"href":"https:\/\/miamedic.lt\/en\/wp-json\/wp\/v2\/types\/product"}],"replies":[{"embeddable":true,"href":"https:\/\/miamedic.lt\/en\/wp-json\/wp\/v2\/comments?post=11340"}],"version-history":[{"count":1,"href":"https:\/\/miamedic.lt\/en\/wp-json\/wp\/v2\/product\/11340\/revisions"}],"predecessor-version":[{"id":11342,"href":"https:\/\/miamedic.lt\/en\/wp-json\/wp\/v2\/product\/11340\/revisions\/11342"}],"wp:featuredmedia":[{"embeddable":true,"href":"https:\/\/miamedic.lt\/en\/wp-json\/wp\/v2\/media\/11341"}],"wp:attachment":[{"href":"https:\/\/miamedic.lt\/en\/wp-json\/wp\/v2\/media?parent=11340"}],"wp:term":[{"taxonomy":"product_cat","embeddable":true,"href":"https:\/\/miamedic.lt\/en\/wp-json\/wp\/v2\/product_cat?post=11340"},{"taxonomy":"product_tag","embeddable":true,"href":"https:\/\/miamedic.lt\/en\/wp-json\/wp\/v2\/product_tag?post=11340"}],"curies":[{"name":"wp","href":"https:\/\/api.w.org\/{rel}","templated":true}]}}