{"id":11334,"date":"2025-09-23T14:05:43","date_gmt":"2025-09-23T14:05:43","guid":{"rendered":"https:\/\/miamedic.lt\/?post_type=product&#038;p=11334"},"modified":"2025-12-01T00:28:39","modified_gmt":"2025-12-01T00:28:39","slug":"hyalumagic-serum","status":"publish","type":"product","link":"https:\/\/miamedic.lt\/en\/shop\/hyalumagic-serum\/","title":{"rendered":"HYALUMAGIC SERUM"},"content":{"rendered":"<p><b>RETIX.C HYALUMAGIC SERUM, 30 ml<\/b><\/p>\n<p>&nbsp;<\/p>\n<p><b>Veido serumas su 10 % hialurono r\u016bg\u0161ties ir ektoinu, sukurtas dehidratuotai, sausai ar (arba) po estetini\u0173 proced\u016br\u0173 sudirgusiai odai. Intensyviai dr\u0117kina, suteikia komforto ir elastingumo poj\u016bt\u012f.\u00a0<\/b><\/p>\n<p>&nbsp;<\/p>\n<p><b>Formul\u0117<\/b><b><br \/>\n<\/b><b>\u201eEctoHyal Complex 4.0\u201c<\/b><span style=\"font-weight: 400;\"> \u2013 tai derinys i\u0161 <\/span><b>ektoino<\/b><span style=\"font-weight: 400;\"> ir keturi\u0173 skirting\u0173 <\/span><b>hialurono r\u016bg\u0161ties<\/b><span style=\"font-weight: 400;\"> form\u0173, sukurtas intensyviam dr\u0117kinimui esant pa\u017eeistam odos pavir\u0161iui ir pasirei\u0161kus stipriai dehidratacijai. <\/span><b>Poliglutamo r\u016bg\u0161tis (PGA)<\/b><span style=\"font-weight: 400;\"> stiprina ir palaiko dr\u0117kinam\u0105j\u012f poveik\u012f. <\/span><b>Pantenolis (provitaminas B5)<\/b><span style=\"font-weight: 400;\"> tinka \u0161iurk\u0161\u010dios, pa\u017eeistos odos prie\u017ei\u016brai.\u00a0<\/span><\/p>\n<p>&nbsp;<\/p>\n<p><b>Naudojimas<\/b><b><br \/>\n<\/b><span style=\"font-weight: 400;\">Tepti 3\u20134 la\u0161us ryte ir (arba) vakare ant \u0161varios veido, kaklo ir dekolt\u0117 odos. Vengti aki\u0173 srities.<\/span><\/p>\n<p>&nbsp;<\/p>\n<p><b>Persp\u0117jimai<\/b><b><br \/>\n<\/b><span style=\"font-weight: 400;\">Laikyti sausoje, v\u0117sioje vietoje (5\u201325 \u00b0C), saugoti nuo tiesiogini\u0173 saul\u0117s spinduli\u0173.<\/span><\/p>\n<p>&nbsp;<\/p>\n<p><span style=\"font-weight: 400;\">Kosmetikos priemon\u0117 <\/span><\/p>","protected":false},"excerpt":{"rendered":"<p>Veido serumas su hialurono r\u016bg\u0161timi ir ektoinu<\/p>","protected":false},"featured_media":11335,"comment_status":"open","ping_status":"closed","template":"","meta":[],"product_cat":[107],"product_tag":[],"class_list":{"0":"post-11334","1":"product","2":"type-product","3":"status-publish","4":"has-post-thumbnail","6":"product_cat-serumai","7":"pa_brands-retix-c-2","8":"pa_talpa-30ml-2","10":"first","11":"instock","12":"taxable","13":"shipping-taxable","14":"purchasable","15":"product-type-simple"},"_links":{"self":[{"href":"https:\/\/miamedic.lt\/en\/wp-json\/wp\/v2\/product\/11334","targetHints":{"allow":["GET"]}}],"collection":[{"href":"https:\/\/miamedic.lt\/en\/wp-json\/wp\/v2\/product"}],"about":[{"href":"https:\/\/miamedic.lt\/en\/wp-json\/wp\/v2\/types\/product"}],"replies":[{"embeddable":true,"href":"https:\/\/miamedic.lt\/en\/wp-json\/wp\/v2\/comments?post=11334"}],"version-history":[{"count":1,"href":"https:\/\/miamedic.lt\/en\/wp-json\/wp\/v2\/product\/11334\/revisions"}],"predecessor-version":[{"id":11336,"href":"https:\/\/miamedic.lt\/en\/wp-json\/wp\/v2\/product\/11334\/revisions\/11336"}],"wp:featuredmedia":[{"embeddable":true,"href":"https:\/\/miamedic.lt\/en\/wp-json\/wp\/v2\/media\/11335"}],"wp:attachment":[{"href":"https:\/\/miamedic.lt\/en\/wp-json\/wp\/v2\/media?parent=11334"}],"wp:term":[{"taxonomy":"product_cat","embeddable":true,"href":"https:\/\/miamedic.lt\/en\/wp-json\/wp\/v2\/product_cat?post=11334"},{"taxonomy":"product_tag","embeddable":true,"href":"https:\/\/miamedic.lt\/en\/wp-json\/wp\/v2\/product_tag?post=11334"}],"curies":[{"name":"wp","href":"https:\/\/api.w.org\/{rel}","templated":true}]}}